{"id":168,"date":"2015-01-05T21:39:30","date_gmt":"2015-01-05T21:39:30","guid":{"rendered":"http:\/\/itan.org.br\/mpcto\/?page_id=168"},"modified":"2023-03-20T13:28:15","modified_gmt":"2023-03-20T13:28:15","slug":"procuradora-aline-rego-2","status":"publish","type":"page","link":"http:\/\/mpc.ba.gov.br\/m\/composicao\/procuradora-aline-rego-2\/","title":{"rendered":"Procuradora Aline Rego"},"content":{"rendered":"<p>Mestranda em Direito P\u00fablico &#8211; Funda\u00e7\u00e3o Get\u00falio Vargas<\/p>\n<p>Graduada em Direito pela Universidade Cat\u00f3lica do Salvador<\/p>\n<p>P\u00f3s-Graduada em Direito do Estado pelo Instituto JusPodivm<\/p>\n","protected":false},"excerpt":{"rendered":"<p>Mestranda em Direito P\u00fablico &#8211; Funda\u00e7\u00e3o Get\u00falio Vargas Graduada em Direito pela Universidade Cat\u00f3lica do Salvador P\u00f3s-Graduada em Direito do Estado pelo Instituto JusPodivm<\/p>\n","protected":false},"author":2,"featured_media":0,"parent":162,"menu_order":0,"comment_status":"open","ping_status":"open","template":"page-fullwidth.php","meta":{"footnotes":""},"class_list":["post-168","page","type-page","status-publish","hentry"],"_links":{"self":[{"href":"http:\/\/mpc.ba.gov.br\/m\/wp-json\/wp\/v2\/pages\/168","targetHints":{"allow":["GET"]}}],"collection":[{"href":"http:\/\/mpc.ba.gov.br\/m\/wp-json\/wp\/v2\/pages"}],"about":[{"href":"http:\/\/mpc.ba.gov.br\/m\/wp-json\/wp\/v2\/types\/page"}],"author":[{"embeddable":true,"href":"http:\/\/mpc.ba.gov.br\/m\/wp-json\/wp\/v2\/users\/2"}],"replies":[{"embeddable":true,"href":"http:\/\/mpc.ba.gov.br\/m\/wp-json\/wp\/v2\/comments?post=168"}],"version-history":[{"count":10,"href":"http:\/\/mpc.ba.gov.br\/m\/wp-json\/wp\/v2\/pages\/168\/revisions"}],"predecessor-version":[{"id":5050,"href":"http:\/\/mpc.ba.gov.br\/m\/wp-json\/wp\/v2\/pages\/168\/revisions\/5050"}],"up":[{"embeddable":true,"href":"http:\/\/mpc.ba.gov.br\/m\/wp-json\/wp\/v2\/pages\/162"}],"wp:attachment":[{"href":"http:\/\/mpc.ba.gov.br\/m\/wp-json\/wp\/v2\/media?parent=168"}],"curies":[{"name":"wp","href":"https:\/\/api.w.org\/{rel}","templated":true}]}}