{"id":242,"date":"2014-09-08T15:33:56","date_gmt":"2014-09-08T18:33:56","guid":{"rendered":"http:\/\/itan.org.br\/mpcto\/?page_id=242"},"modified":"2014-12-01T13:24:07","modified_gmt":"2014-12-01T13:24:07","slug":"procuradoria-geral","status":"publish","type":"page","link":"http:\/\/mpc.ba.gov.br\/m\/institucional\/estrutura-organizacional\/procuradoria-geral\/","title":{"rendered":"Procuradoria-Geral"},"content":{"rendered":"<p>A Procuradoria-Geral \u00e9 comandada pelo Procurador-Geral do Minist\u00e9rio P\u00fablico de Contas.<\/p>\n<p>Procurador-Geral<\/p>\n<p>O Procurador-Geral \u00e9 o chefe do Minist\u00e9rio P\u00fablico de Contas, sendo o respons\u00e1vel pela gest\u00e3o administrativa do \u00f3rg\u00e3o.<\/p>\n<p>O procurador-geral do Minist\u00e9rio P\u00fablico de Contas \u00e9 escolhido e nomeado pelo governador do Estado, dentre os integrantes da carreira, para mandato de dois anos, permitida uma recondu\u00e7\u00e3o, nos termos do artigo 3\u00ba da Lei Estadual n. 12.207, de 14 de abril de 2011.<\/p>\n<p>S\u00e3o atribui\u00e7\u00f5es do Procurador-Geral do Minist\u00e9rio P\u00fablico de Contas:<\/p>\n<ul>\n<li>Comparecer \u00e0s sess\u00f5es do Pleno e das C\u00e2maras, podendo manifestar-se, verbalmente ou por escrito, em todos os assuntos sujeitos \u00e0 delibera\u00e7\u00e3o do Tribunal, exceto nos atos de natureza administrativa do Tribunal;<\/li>\n<li>Praticar atos e decidir quest\u00f5es relativas \u00e0 administra\u00e7\u00e3o geral do Minist\u00e9rio P\u00fablico de Contas;<\/li>\n<li>Representar o Minist\u00e9rio P\u00fablico de Contas no seu relacionamento externo;<\/li>\n<li>Opinar nos processos, ap\u00f3s a an\u00e1lise t\u00e9cnica conclusiva;<\/li>\n<li>Assinar atos de cuja decis\u00e3o tenha participado;<\/li>\n<li>Celebrar conv\u00eanios com os \u00f3rg\u00e3os municipais, estaduais e federais para atendimento das necessidades da institui\u00e7\u00e3o;<\/li>\n<li>Delegar compet\u00eancia aos procuradores e designar os procuradores para participarem das sess\u00f5es de julgamento do Tribunal.<\/li>\n<li>Requisitar de qualquer autoridade, \u00f3rg\u00e3o, secretaria, cart\u00f3rio ou of\u00edcio, certid\u00f5es, exames, dilig\u00eancias e esclarecimentos necess\u00e1rios ao exerc\u00edcio de suas fun\u00e7\u00f5es;<\/li>\n<li>Expedir carteira funcional dos membros do Minist\u00e9rio P\u00fablico de Contas;<\/li>\n<li>Encaminhar lista de Procuradores para provimento de vaga de Conselheiro;<\/li>\n<li>Encaminhar os projetos de lei de interesse do Minist\u00e9rio P\u00fablico de Contas;<\/li>\n<li>Propor a abertura de concurso p\u00fablico para preenchimento de vaga do cargo de Procurador;<\/li>\n<li>Exercer outras atribui\u00e7\u00f5es compat\u00edveis e necess\u00e1rias ao desempenho de seu cargo, previstas em lei ou regulamento.<\/li>\n<\/ul>\n","protected":false},"excerpt":{"rendered":"<p>A Procuradoria-Geral \u00e9 comandada pelo Procurador-Geral do Minist\u00e9rio P\u00fablico de Contas. Procurador-Geral O Procurador-Geral \u00e9 o chefe do Minist\u00e9rio P\u00fablico de Contas, sendo o respons\u00e1vel pela gest\u00e3o administrativa do \u00f3rg\u00e3o. O procurador-geral do Minist\u00e9rio P\u00fablico de Contas \u00e9 escolhido e nomeado pelo governador do Estado, dentre os integrantes da carreira, para mandato de dois anos, [&hellip;]<\/p>\n","protected":false},"author":2,"featured_media":0,"parent":45,"menu_order":0,"comment_status":"open","ping_status":"open","template":"page-fullwidth.php","meta":{"footnotes":""},"class_list":["post-242","page","type-page","status-publish","hentry"],"_links":{"self":[{"href":"http:\/\/mpc.ba.gov.br\/m\/wp-json\/wp\/v2\/pages\/242","targetHints":{"allow":["GET"]}}],"collection":[{"href":"http:\/\/mpc.ba.gov.br\/m\/wp-json\/wp\/v2\/pages"}],"about":[{"href":"http:\/\/mpc.ba.gov.br\/m\/wp-json\/wp\/v2\/types\/page"}],"author":[{"embeddable":true,"href":"http:\/\/mpc.ba.gov.br\/m\/wp-json\/wp\/v2\/users\/2"}],"replies":[{"embeddable":true,"href":"http:\/\/mpc.ba.gov.br\/m\/wp-json\/wp\/v2\/comments?post=242"}],"version-history":[{"count":3,"href":"http:\/\/mpc.ba.gov.br\/m\/wp-json\/wp\/v2\/pages\/242\/revisions"}],"predecessor-version":[{"id":670,"href":"http:\/\/mpc.ba.gov.br\/m\/wp-json\/wp\/v2\/pages\/242\/revisions\/670"}],"up":[{"embeddable":true,"href":"http:\/\/mpc.ba.gov.br\/m\/wp-json\/wp\/v2\/pages\/45"}],"wp:attachment":[{"href":"http:\/\/mpc.ba.gov.br\/m\/wp-json\/wp\/v2\/media?parent=242"}],"curies":[{"name":"wp","href":"https:\/\/api.w.org\/{rel}","templated":true}]}}