{"id":244,"date":"2014-09-08T15:34:48","date_gmt":"2014-09-08T18:34:48","guid":{"rendered":"http:\/\/itan.org.br\/mpcto\/?page_id=244"},"modified":"2015-07-08T01:41:05","modified_gmt":"2015-07-08T01:41:05","slug":"procuradorias","status":"publish","type":"page","link":"http:\/\/mpc.ba.gov.br\/m\/institucional\/estrutura-organizacional\/procuradorias\/","title":{"rendered":"Procuradorias"},"content":{"rendered":"<p align=\"JUSTIFY\"><span style=\"color: #000000;\"><span style=\"font-family: Arial, sans-serif;\"><span style=\"font-size: medium;\">O Minist\u00e9rio P\u00fablico de Contas que atua no controle externo das administra\u00e7\u00f5es p\u00fablicas dos munic\u00edpios da Bahia \u00e9 composto por quatro Procuradorias de Contas, organizadas conforme a Portaria MPC-BA n\u00ba 07, de 06 de Julho de 2015, que disp\u00f5e sobre a atua\u00e7\u00e3o regionalizada dos membros do \u00d3rg\u00e3o Ministerial.<\/span><\/span><\/span><\/p>\n<p align=\"JUSTIFY\"><span style=\"color: #000000;\"><span style=\"font-family: Arial, sans-serif;\"><span style=\"font-size: medium;\">O ingresso na carreira de Procurador de Contas depende de aprova\u00e7\u00e3o em concurso p\u00fablico de provas e t\u00edtulos, exigindo-se do candidato, o t\u00edtulo de bacharel em Direito e, no m\u00ednimo, tr\u00eas anos de atividade jur\u00eddica.\u00a0<\/span><\/span><\/span><\/p>\n","protected":false},"excerpt":{"rendered":"<p>O Minist\u00e9rio P\u00fablico de Contas que atua no controle externo das administra\u00e7\u00f5es p\u00fablicas dos munic\u00edpios da Bahia \u00e9 composto por quatro Procuradorias de Contas, organizadas conforme a Portaria MPC-BA n\u00ba 07, de 06 de Julho de 2015, que disp\u00f5e sobre a atua\u00e7\u00e3o regionalizada dos membros do \u00d3rg\u00e3o Ministerial. O ingresso na carreira de Procurador de [&hellip;]<\/p>\n","protected":false},"author":2,"featured_media":0,"parent":45,"menu_order":0,"comment_status":"open","ping_status":"open","template":"page-fullwidth.php","meta":{"footnotes":""},"class_list":["post-244","page","type-page","status-publish","hentry"],"_links":{"self":[{"href":"http:\/\/mpc.ba.gov.br\/m\/wp-json\/wp\/v2\/pages\/244","targetHints":{"allow":["GET"]}}],"collection":[{"href":"http:\/\/mpc.ba.gov.br\/m\/wp-json\/wp\/v2\/pages"}],"about":[{"href":"http:\/\/mpc.ba.gov.br\/m\/wp-json\/wp\/v2\/types\/page"}],"author":[{"embeddable":true,"href":"http:\/\/mpc.ba.gov.br\/m\/wp-json\/wp\/v2\/users\/2"}],"replies":[{"embeddable":true,"href":"http:\/\/mpc.ba.gov.br\/m\/wp-json\/wp\/v2\/comments?post=244"}],"version-history":[{"count":8,"href":"http:\/\/mpc.ba.gov.br\/m\/wp-json\/wp\/v2\/pages\/244\/revisions"}],"predecessor-version":[{"id":1562,"href":"http:\/\/mpc.ba.gov.br\/m\/wp-json\/wp\/v2\/pages\/244\/revisions\/1562"}],"up":[{"embeddable":true,"href":"http:\/\/mpc.ba.gov.br\/m\/wp-json\/wp\/v2\/pages\/45"}],"wp:attachment":[{"href":"http:\/\/mpc.ba.gov.br\/m\/wp-json\/wp\/v2\/media?parent=244"}],"curies":[{"name":"wp","href":"https:\/\/api.w.org\/{rel}","templated":true}]}}