{"id":25,"date":"2014-09-03T12:03:32","date_gmt":"2014-09-03T15:03:32","guid":{"rendered":"http:\/\/itan.org.br\/mpcto\/?page_id=25"},"modified":"2015-10-28T03:46:36","modified_gmt":"2015-10-28T03:46:36","slug":"atas-de-reuniao","status":"publish","type":"page","link":"http:\/\/mpc.ba.gov.br\/m\/atas-de-reuniao\/","title":{"rendered":"Atas de Reuni\u00e3o"},"content":{"rendered":"<table style=\"width: 100%;\" summary=\"Submitted table designs\">\n<thead>\n<tr>\n<th scope=\"col\" width=\"90\">N\u00daMERO DO\u00a0PROCESSO<\/th>\n<th scope=\"col\" width=\"90\">DATA DA PUBLICA\u00c7\u00c3O<\/th>\n<th scope=\"col\" width=\"90\">EMENTA<\/th>\n<th scope=\"col\" width=\"10%\">VISUALIZAR<\/th>\n<\/tr>\n<\/thead>\n<tbody>\n<tr>\n<td style=\"text-align: center;\">\u00a0002.15<\/td>\n<td style=\"text-align: center;\">\u00a020.02.15<\/td>\n<td style=\"text-align: center;\">\u00a0ATA DE REUNI\u00c3O QUE DISP\u00d5E SOBRE A ESCOLHA DE LISTA TR\u00cdPLICE PARA O CARGO DE PROCURADOR-GERAL BI\u00caNIO 2015\/2016.<\/td>\n<td style=\"text-align: center;\">\u00a0<a href=\"http:\/\/mpc.ba.gov.br\/m\/wp-content\/uploads\/2015\/02\/ataeleicao002.pdf\">Visualizar<\/a><\/td>\n<\/tr>\n<tr>\n<td style=\"text-align: center;\">001.15<\/td>\n<td style=\"text-align: center;\">23.02.15<\/td>\n<td style=\"text-align: center;\">ATA QUE DISP\u00d5E SOBRE A ATUA\u00c7\u00c3O REGIONALIZADA DOS MEMBROS DO MINIST\u00c9RIO P\u00daBLICO DE CONTAS.<\/td>\n<td style=\"text-align: center;\"><a href=\"http:\/\/mpc.ba.gov.br\/m\/wp-content\/uploads\/2015\/07\/ataaa00111.pdf\">Visualizar<\/a><\/td>\n<\/tr>\n<\/tbody>\n<\/table>\n<p>&nbsp;<\/p>\n","protected":false},"excerpt":{"rendered":"<p>N\u00daMERO DO\u00a0PROCESSO DATA DA PUBLICA\u00c7\u00c3O EMENTA VISUALIZAR \u00a0002.15 \u00a020.02.15 \u00a0ATA DE REUNI\u00c3O QUE DISP\u00d5E SOBRE A ESCOLHA DE LISTA TR\u00cdPLICE PARA O CARGO DE PROCURADOR-GERAL BI\u00caNIO 2015\/2016. \u00a0Visualizar 001.15 23.02.15 ATA QUE DISP\u00d5E SOBRE A ATUA\u00c7\u00c3O REGIONALIZADA DOS MEMBROS DO MINIST\u00c9RIO P\u00daBLICO DE CONTAS. Visualizar &nbsp;<\/p>\n","protected":false},"author":2,"featured_media":0,"parent":0,"menu_order":0,"comment_status":"open","ping_status":"open","template":"page-fullwidth.php","meta":{"footnotes":""},"class_list":["post-25","page","type-page","status-publish","hentry"],"_links":{"self":[{"href":"http:\/\/mpc.ba.gov.br\/m\/wp-json\/wp\/v2\/pages\/25","targetHints":{"allow":["GET"]}}],"collection":[{"href":"http:\/\/mpc.ba.gov.br\/m\/wp-json\/wp\/v2\/pages"}],"about":[{"href":"http:\/\/mpc.ba.gov.br\/m\/wp-json\/wp\/v2\/types\/page"}],"author":[{"embeddable":true,"href":"http:\/\/mpc.ba.gov.br\/m\/wp-json\/wp\/v2\/users\/2"}],"replies":[{"embeddable":true,"href":"http:\/\/mpc.ba.gov.br\/m\/wp-json\/wp\/v2\/comments?post=25"}],"version-history":[{"count":6,"href":"http:\/\/mpc.ba.gov.br\/m\/wp-json\/wp\/v2\/pages\/25\/revisions"}],"predecessor-version":[{"id":1666,"href":"http:\/\/mpc.ba.gov.br\/m\/wp-json\/wp\/v2\/pages\/25\/revisions\/1666"}],"wp:attachment":[{"href":"http:\/\/mpc.ba.gov.br\/m\/wp-json\/wp\/v2\/media?parent=25"}],"curies":[{"name":"wp","href":"https:\/\/api.w.org\/{rel}","templated":true}]}}