{"id":346,"date":"2014-09-10T14:22:39","date_gmt":"2014-09-10T17:22:39","guid":{"rendered":"http:\/\/mpc.to.gov.br\/?page_id=346"},"modified":"2025-01-17T13:47:17","modified_gmt":"2025-01-17T13:47:17","slug":"resolucoes","status":"publish","type":"page","link":"http:\/\/mpc.ba.gov.br\/m\/atos-normativos\/resolucoes\/","title":{"rendered":"Resolu\u00e7\u00f5es"},"content":{"rendered":"<table style=\"width: 100%; height: 2974px;\" summary=\"Submitted table designs\">\n<thead>\n<tr style=\"height: 44px;\">\n<th style=\"height: 46px; width: 20.8621%;\" scope=\"col\" width=\"90\">N\u00daMERO DO\u00a0PROCESSO<\/th>\n<th style=\"height: 46px; width: 19.4828%;\" scope=\"col\" width=\"90\">DATA DA PUBLICA\u00c7\u00c3O<\/th>\n<th style=\"height: 46px; width: 39.9055%;\" scope=\"col\" width=\"90\">EMENTA<\/th>\n<th style=\"height: 46px; width: 9.40476%;\" scope=\"col\" width=\"10%\">VISUALIZAR<\/th>\n<\/tr>\n<\/thead>\n<tbody>\n<tr>\n<td style=\"text-align: center; width: 20.8621%;\">002.2024<\/td>\n<td style=\"text-align: center; width: 19.4828%;\">03.01.2025<\/td>\n<td style=\"text-align: center; width: 39.9055%;\">Altera a reda\u00e7\u00e3o de dispositivos da Resolu\u00e7\u00e3o n\u00ba 01,<br \/>de 30 de dezembro de 2016, para modificar os grupos<br \/>de munic\u00edpios e entidades descentralizadas<br \/>vinculados \u00e0s Procuradorias de Contas, assim como<br \/>atualizar o Anexo I (Tabela de Substitui\u00e7\u00e3o).<\/td>\n<td style=\"text-align: center; width: 9.40476%;\"><a href=\"http:\/\/mpc.ba.gov.br\/m\/wp-content\/uploads\/2025\/01\/RESOLUCAO-No-02.2024-Grupos-Municipios-e-Tabela-de-Substituicao.pdf\">Visualizar<\/a><\/td>\n<\/tr>\n<tr>\n<td style=\"text-align: center; width: 20.8621%;\">001.2024<\/td>\n<td style=\"text-align: center; width: 19.4828%;\">20.11.2024<\/td>\n<td style=\"text-align: center; width: 39.9055%;\">Disp\u00f5e sobre o Regimento Interno do Minist\u00e9rio<br \/>P\u00fablico de Contas junto ao Tribunal de Contas<br \/>dos Munic\u00edpios do Estado da Bahia.<\/td>\n<td style=\"text-align: center; width: 9.40476%;\"><a href=\"http:\/\/mpc.ba.gov.br\/m\/wp-content\/uploads\/2024\/11\/REGIMENTO-INTERNO-MPC.pdf\">Visualizar<\/a><\/td>\n<\/tr>\n<tr>\n<td style=\"text-align: center; width: 20.8621%;\">003.2023<\/td>\n<td style=\"text-align: center; width: 19.4828%;\">29.12.2023<\/td>\n<td style=\"text-align: center; width: 39.9055%;\">Altera a reda\u00e7\u00e3o de dispositivos da Resolu\u00e7\u00e3o n\u00ba<br \/>01, de 30 de dezembro de 2016, e d\u00e1 outras<br \/>provid\u00eancias.<\/td>\n<td style=\"text-align: center; width: 9.40476%;\"><a href=\"http:\/\/mpc.ba.gov.br\/m\/wp-content\/uploads\/2023\/12\/RESOLUCAO-03.2023-Altera-a-Res.-01.2016-Grupo-de-municipios-e-Prevencao-assinatura-v.final_.pdf\">Visualizar<\/a><\/td>\n<\/tr>\n<tr>\n<td style=\"text-align: center; width: 20.8621%;\">002.2023<\/td>\n<td style=\"text-align: center; width: 19.4828%;\">20.06.2023<\/td>\n<td style=\"text-align: center; width: 39.9055%;\">Altera a reda\u00e7\u00e3o de dispositivos da Resolu\u00e7\u00e3o n\u00ba<br \/>01, de 30 de dezembro de 2016, e d\u00e1 outras<br \/>provid\u00eancias.<\/td>\n<td style=\"text-align: center; width: 9.40476%;\"><a href=\"http:\/\/mpc.ba.gov.br\/m\/wp-content\/uploads\/2023\/06\/RESOLUCAO-02.2023-grupo-de-municipios-e-atualizacao-dos-NTA-versao-assinatura.pdf\">Visualizar<\/a><\/td>\n<\/tr>\n<tr>\n<td style=\"text-align: center; width: 20.8621%;\">001.2023<\/td>\n<td style=\"text-align: center; width: 19.4828%;\">20.06.2023<\/td>\n<td style=\"text-align: center; width: 39.9055%;\">Regulamenta, no \u00e2mbito do Minist\u00e9rio P\u00fablico de<br \/>Contas, a instaura\u00e7\u00e3o e tramita\u00e7\u00e3o do<br \/>Procedimento Apurat\u00f3rio, institui N\u00facleos<br \/>Tem\u00e1ticos de Atua\u00e7\u00e3o e d\u00e1 outras provid\u00eancias.<\/td>\n<td style=\"text-align: center; width: 9.40476%;\"><a href=\"http:\/\/mpc.ba.gov.br\/m\/wp-content\/uploads\/2023\/06\/RESOLUCAO-01.2023-Procedimento-Apuratorio-e-NTA-Versao-Assinatura-1.pdf\">Visualizar<\/a><\/td>\n<\/tr>\n<tr style=\"height: 24px;\">\n<td style=\"text-align: center; width: 20.8621%; height: 24px;\">003.2022<\/td>\n<td style=\"text-align: center; width: 19.4828%; height: 24px;\">26.12.2022<\/td>\n<td style=\"text-align: center; width: 39.9055%; height: 24px;\">Altera a reda\u00e7\u00e3o de dispositivos da Resolu\u00e7\u00e3o n\u00ba<br \/>01, de 30 de dezembro de 2016, para modificar,<br \/>entre outros, os grupos de munic\u00edpios e<br \/>entidades descentralizadas vinculados \u00e0s<br \/>Procuradorias de Contas, assim como atualizar<br \/>o Anexo I (Tabela de Substitui\u00e7\u00e3o).<\/td>\n<td style=\"text-align: center; width: 9.40476%; height: 24px;\"><a href=\"http:\/\/mpc.ba.gov.br\/m\/wp-content\/uploads\/2022\/12\/RESOLUCAO-03.2022-sorteio-bienal-grupo-de-municipios-e-tabela-de-substituicao-2023.2024-versao-assinatura.pdf\">Visualizar<\/a><\/td>\n<\/tr>\n<tr style=\"height: 211px;\">\n<td style=\"text-align: center; width: 20.8621%; height: 211px;\">002.2022<\/td>\n<td style=\"text-align: center; width: 19.4828%; height: 211px;\">05.09.2022<\/td>\n<td style=\"text-align: center; width: 39.9055%; height: 211px;\">\u00a0Altera a reda\u00e7\u00e3o de dispositivos da Resolu\u00e7\u00e3o n\u00ba 01, de 30 de dezembro de 2016, para estabelecer regras de preven\u00e7\u00e3o em rela\u00e7\u00e3o aos incidentes de uniformiza\u00e7\u00e3o de jurisprud\u00eancia, e d\u00e1 outras provid\u00eancias. Publicada no DOETCM em 30\/08\/2022<\/td>\n<td style=\"text-align: center; width: 9.40476%; height: 211px;\"><a href=\"http:\/\/mpc.ba.gov.br\/m\/wp-content\/uploads\/2022\/09\/RESOLUCAO-02.2022-alteracao-a-Resolucao-MPC-01.2016-Incidente-de-Uniformizacao-2.pdf\">Visualizar<\/a><\/td>\n<\/tr>\n<tr style=\"height: 170px;\">\n<td style=\"text-align: center; width: 20.8621%; height: 170px;\">001.2022<\/td>\n<td style=\"text-align: center; width: 19.4828%; height: 170px;\">05.09.2022<\/td>\n<td style=\"text-align: center; width: 39.9055%; height: 170px;\">Altera a reda\u00e7\u00e3o de dispositivos da Resolu\u00e7\u00e3o n\u00ba 03, de 02 de mar\u00e7o de 2017, para modificar a periodicidade e o formato das reuni\u00f5es do Col\u00e9gio de Procuradores. Publicada no DOETCM em 19\/07\/2022<\/td>\n<td style=\"text-align: center; width: 9.40476%; height: 170px;\"><a href=\"http:\/\/mpc.ba.gov.br\/m\/wp-content\/uploads\/2022\/09\/RESOLUCAO-01.2022-alteracao-a-Resolucao-MPC-03.2017-Colegio-de-Procuradores-1.pdf\">Visualizar<\/a><\/td>\n<\/tr>\n<tr style=\"height: 24px;\">\n<td style=\"text-align: center; width: 20.8621%; height: 24px;\">002.2021<\/td>\n<td style=\"text-align: center; width: 19.4828%; height: 24px;\">28.12.2021<\/td>\n<td style=\"text-align: center; width: 39.9055%; height: 24px;\">Altera a reda\u00e7\u00e3o de dispositivos da Resolu\u00e7\u00e3o n\u00ba<br \/>01, de 30 de dezembro de 2016, para modificar<br \/>os grupos de munic\u00edpios e entidades<br \/>descentralizadas vinculados \u00e0s Procuradorias de<br \/>Contas.<\/td>\n<td style=\"text-align: center; width: 9.40476%; height: 24px;\"><a href=\"http:\/\/mpc.ba.gov.br\/m\/wp-content\/uploads\/2021\/12\/RESOLUCAO02.2021.pdf\">Visualizar<\/a><\/td>\n<\/tr>\n<tr style=\"height: 24px;\">\n<td style=\"text-align: center; height: 24px; width: 20.8621%;\">001.2021<\/td>\n<td style=\"text-align: center; height: 24px; width: 19.4828%;\">19.05.2021<\/td>\n<td style=\"text-align: center; height: 24px; width: 39.9055%;\">Altera a reda\u00e7\u00e3o de dispositivos da Resolu\u00e7\u00e3o n\u00ba<br \/>01, de 30 de dezembro de 2016, para modificar<br \/>os grupos de munic\u00edpios e entidades<br \/>descentralizadas vinculados \u00e0s Procuradorias de<br \/>Contas.<\/td>\n<td style=\"height: 24px; text-align: center; width: 9.40476%;\"><a href=\"http:\/\/mpc.ba.gov.br\/m\/wp-content\/uploads\/2022\/09\/Resolucao-MPC-02.2021-Publicada-no-DOETCM-em-04.01.2022.pdf\">Visualizar<\/a><\/td>\n<\/tr>\n<tr style=\"height: 224px;\">\n<td style=\"text-align: center; height: 224px; width: 20.8621%;\">003.2020<\/td>\n<td style=\"text-align: center; height: 224px; width: 19.4828%;\">29.12.2020<\/td>\n<td style=\"text-align: center; height: 224px; width: 39.9055%;\">Altera a reda\u00e7\u00e3o de dispositivos da Resolu\u00e7\u00e3o n\u00ba 01, de 30 de dezembro de 2016, para modificar, entre outros, os grupos de munic\u00edpios e entidades descentralizadas vinculados \u00e0s Procuradorias de Contas, assim como atualizar o Anexo I (Tabela de Substitui\u00e7\u00e3o).<\/td>\n<td style=\"text-align: center; height: 224px; width: 9.40476%;\"><a href=\"http:\/\/mpc.ba.gov.br\/m\/wp-content\/uploads\/2021\/01\/RESOLU\u00c7\u00c3O-03.2020-sorteio-bienal-grupo-de-municipios-e-tabela-de-substitui\u00e7\u00e3o-2021.2022.pdf\">Visualizar<\/a><\/td>\n<\/tr>\n<tr style=\"height: 144px;\">\n<td style=\"text-align: center; height: 144px; width: 20.8621%;\">002.2020<\/td>\n<td style=\"text-align: center; height: 144px; width: 19.4828%;\">23.04.2020<\/td>\n<td style=\"text-align: center; height: 144px; width: 39.9055%;\">Altera a reda\u00e7\u00e3o de dispositivos da Resolu\u00e7\u00e3o n\u00ba 01, de 30 de dezembro de 2016, para modificar<br \/>os grupos de munic\u00edpios vinculados \u00e0s Procuradorias de Contas.<\/td>\n<td style=\"text-align: center; height: 144px; width: 9.40476%;\"><a href=\"http:\/\/mpc.ba.gov.br\/m\/wp-content\/uploads\/2020\/04\/RESOLU\u00c7\u00c3O-MPC-N.-02.2020-itapetinga-x-valen\u00e7a.pdf\">Visualizar<\/a><\/td>\n<\/tr>\n<tr style=\"height: 184px;\">\n<td style=\"text-align: center; height: 184px; width: 20.8621%;\">002.2019<\/td>\n<td style=\"text-align: center; height: 184px; width: 19.4828%;\">06.04.2019<\/td>\n<td style=\"text-align: center; height: 184px; width: 39.9055%;\">Altera a reda\u00e7\u00e3o de dispositivos da Resolu\u00e7\u00e3o n\u00ba 01, de 30 de dezembro de 2016, para modificar os grupos de munic\u00edpios e entidades descentralizadas e as regras de compensa\u00e7\u00e3o processual decorrentes de impedimento\/suspei\u00e7\u00e3o.<\/td>\n<td style=\"text-align: center; height: 184px; width: 9.40476%;\"><a href=\"http:\/\/mpc.ba.gov.br\/m\/wp-content\/uploads\/2019\/04\/RESOLU\u00c7\u00c3O-02.2019-vers\u00e3o-publica\u00e7\u00e3o.pdf\">Visualizar<\/a><\/td>\n<\/tr>\n<tr style=\"height: 164px;\">\n<td style=\"text-align: center; height: 164px; width: 20.8621%;\">001.2019<\/td>\n<td style=\"text-align: center; height: 164px; width: 19.4828%;\">30.01.2019<\/td>\n<td style=\"text-align: center; height: 164px; width: 39.9055%;\">Altera a reda\u00e7\u00e3o de dispositivos da Resolu\u00e7\u00e3o n\u00ba 01, de 30 de dezembro de 2016, para modificar, entre outros, os grupos de munic\u00edpios e entidades descentralizadas vinculados \u00e0s Procuradorias de Contas.<\/td>\n<td style=\"text-align: center; height: 164px; width: 9.40476%;\"><a href=\"http:\/\/mpc.ba.gov.br\/m\/wp-content\/uploads\/2019\/01\/RESOLU\u00c7\u00c3O-01.2019-vers\u00e3o-publica\u00e7\u00e3o-DOETCM.pdf\">Visualizar<\/a><\/td>\n<\/tr>\n<tr style=\"height: 224px;\">\n<td style=\"text-align: center; height: 224px; width: 20.8621%;\">002.2018<\/td>\n<td style=\"text-align: center; height: 224px; width: 19.4828%;\">22.12.2018<\/td>\n<td style=\"text-align: center; height: 224px; width: 39.9055%;\">Altera a reda\u00e7\u00e3o de dispositivos da Resolu\u00e7\u00e3o n\u00ba 01, de 30 de dezembro de 2016, para modificar, entre outros, os grupos de munic\u00edpios e entidades descentralizadas vinculados \u00e0s Procuradorias de Contas, assim como atualizar o Anexo I (Tabela de Substitui\u00e7\u00e3o).<\/td>\n<td style=\"text-align: center; height: 224px; width: 9.40476%;\"><a href=\"http:\/\/mpc.ba.gov.br\/m\/wp-content\/uploads\/2019\/01\/RESOLU\u00c7\u00c3O-02.2018-Altera-a-reda\u00e7\u00e3o-de-dispositivos-da-Resolu\u00e7\u00e3o-n\u00ba-01-de-30-de-dezembro-de-2016-vers\u00e3o-publica\u00e7\u00e3o-p\u00f3s-errata-1.pdf\">Visualizar<\/a><\/td>\n<\/tr>\n<tr style=\"height: 184px;\">\n<td style=\"text-align: center; height: 184px; width: 20.8621%;\">001.2018<\/td>\n<td style=\"text-align: center; height: 184px; width: 19.4828%;\">26.04.2018<\/td>\n<td style=\"text-align: center; height: 184px; width: 39.9055%;\">Altera a reda\u00e7\u00e3o de dispositivos da Resolu\u00e7\u00e3o n\u00ba 01, de 30 de dezembro de 2016, para modificar os grupos de munic\u00edpios e entidades descentralizadas vinculados \u00e0s Procuradorias de<br \/>Contas.<\/td>\n<td style=\"text-align: center; height: 184px; width: 9.40476%;\"><a href=\"http:\/\/mpc.ba.gov.br\/m\/wp-content\/uploads\/2018\/05\/Resolu\u00e7\u00e3o-MPC-BA-01-de-30-de-dezembro-de-2018.pdf\">Visualizar<\/a><\/td>\n<\/tr>\n<tr style=\"height: 144px;\">\n<td style=\"text-align: center; height: 144px; width: 20.8621%;\">004.2017<\/td>\n<td style=\"text-align: center; height: 144px; width: 19.4828%;\">11\/05\/2017<\/td>\n<td style=\"text-align: center; height: 144px; width: 39.9055%;\">Altera a reda\u00e7\u00e3o de dispositivos da Resolu\u00e7\u00e3o\u00a0 MPC-BA n\u00ba 01, de 30 de dezembro de 2016, no que se refere \u00e0s substitui\u00e7\u00f5es, casos de impedimento e suspei\u00e7\u00e3o, e d\u00e1 outras provid\u00eancias.<\/td>\n<td style=\"text-align: center; height: 144px; width: 9.40476%;\"><a href=\"http:\/\/mpc.ba.gov.br\/m\/wp-content\/uploads\/2017\/05\/RESOLU\u00c7\u00c3O-04.2017.pdf\">Visualizar<\/a><\/td>\n<\/tr>\n<tr style=\"height: 104px;\">\n<td style=\"text-align: center; height: 104px; width: 20.8621%;\">\u00a0003.2017<\/td>\n<td style=\"text-align: center; height: 104px; width: 19.4828%;\">02\/03\/2017<\/td>\n<td style=\"text-align: center; height: 104px; width: 39.9055%;\">Disp\u00f5e sobre a regulamenta\u00e7\u00e3o do Col\u00e9gio de Procuradores do Minist\u00e9rio P\u00fablico de Contas e d\u00e1 outras provid\u00eancias.<\/td>\n<td style=\"text-align: center; height: 104px; width: 9.40476%;\"><a href=\"http:\/\/mpc.ba.gov.br\/m\/wp-content\/uploads\/2022\/09\/RESOLUCAO-03.2017-Colegio-de-Procuradores-Consolidada-Res.01.2022-1.pdf\">Visualizar\u00a0<\/a><\/td>\n<\/tr>\n<tr style=\"height: 84px;\">\n<td style=\"text-align: center; height: 84px; width: 20.8621%;\">\u00a0002.2017<\/td>\n<td style=\"text-align: center; height: 84px; width: 19.4828%;\">02\/03\/2017<\/td>\n<td style=\"text-align: center; height: 84px; width: 39.9055%;\">Regulamenta, no \u00e2mbito do Minist\u00e9rio P\u00fablico de Contas, a instaura\u00e7\u00e3o e tramita\u00e7\u00e3o do Procedimento Apurat\u00f3rio. <span style=\"color: #ff0000;\">(Revogada pela Resolu\u00e7\u00e3o 001.2023).<\/span><\/td>\n<td style=\"text-align: center; height: 84px; width: 9.40476%;\"><a href=\"http:\/\/mpc.ba.gov.br\/m\/wp-content\/uploads\/2017\/03\/Resolu\u00e7\u00e3o-n\u00ba-02.2017-Procedimento-Apurat\u00f3rio-Revisada-em-19.01.2017.pdf\">Visualizar<\/a><\/td>\n<\/tr>\n<tr style=\"height: 164px;\">\n<td style=\"text-align: center; height: 164px; width: 20.8621%;\">001.2017<\/td>\n<td style=\"text-align: center; height: 164px; width: 19.4828%;\">19\/01\/2017<\/td>\n<td style=\"text-align: center; height: 164px; width: 39.9055%;\">Altera a reda\u00e7\u00e3o de dispositivos da Resolu\u00e7\u00e3o n\u00ba 01, de 30 de dezembro de 2016, para modificar os grupos de munic\u00edpios e entidades descentralizadas vinculados \u00e0s Procuradorias de Contas.<\/td>\n<td style=\"text-align: center; height: 164px; width: 9.40476%;\"><a href=\"http:\/\/mpc.ba.gov.br\/m\/wp-content\/uploads\/2014\/09\/Resolu\u00e7\u00e3o-n\u00ba-01.2017-Altera-a-Resolu\u00e7\u00e3o-n\u00ba-01-suspei\u00e7\u00e3o-e-impedimento-corrigido.pdf\">Visualizar<\/a><\/td>\n<\/tr>\n<tr style=\"height: 611px;\">\n<td style=\"text-align: center; height: 611px; width: 20.8621%;\">001.2016<\/td>\n<td style=\"text-align: center; height: 611px; width: 19.4828%;\">29\/12\/2023<\/td>\n<td style=\"height: 611px; text-align: center; width: 39.9055%;\">Disciplina\u00a0 as altera\u00e7\u00f5es introduzidas pela Resolu\u00e7\u00e3o n\u00ba 01, de 16 de janeiro de 2017, pela Resolu\u00e7\u00e3o n\u00ba 04,<br \/>de 11 de maio de 2017, pela Resolu\u00e7\u00e3o n\u00ba 01, de 26 de abril de 2018, pela Resolu\u00e7\u00e3o n\u00ba 02, de 21 de<br \/>dezembro de 2018, pela Resolu\u00e7\u00e3o n\u00ba 01, de 28 de janeiro de 2019, pela Resolu\u00e7\u00e3o n\u00ba 02, de 04 de abril<br \/>de 2019, pela Resolu\u00e7\u00e3o n\u00ba 01, de 06 de janeiro de 2020, pela Resolu\u00e7\u00e3o n\u00ba 02, de 23 de abril de 2020,<br \/>pela Resolu\u00e7\u00e3o n\u00ba 03, de 29 de dezembro de 2020, pela Resolu\u00e7\u00e3o n\u00ba 01, de 18 de maio de 2021, pela<br \/>Resolu\u00e7\u00e3o n\u00ba 02, de 28 de dezembro de 2021, pela Resolu\u00e7\u00e3o n\u00ba 02, de 18 de agosto de 2022, pela<br \/>Resolu\u00e7\u00e3o n\u00ba 03, de 26 de dezembro de 2022, pela Resolu\u00e7\u00e3o n\u00ba 02, de 16 de junho de 2023 e pela<br \/>Resolu\u00e7\u00e3o n\u00ba 03, de 26 de dezembro de 2023 e pela Resolu\u00e7\u00e3o 02.2024 ).<\/td>\n<td style=\"text-align: center; height: 611px; width: 9.40476%;\"><a href=\"http:\/\/mpc.ba.gov.br\/m\/wp-content\/uploads\/2025\/01\/RESOLUCAO-01.2016-consolidada-Alterada-para-refletir-atualizacoes-da-Res-02-2024-disponivel-no-site.pdf\">Visualizar<\/a><\/td>\n<\/tr>\n<tr style=\"height: 244px;\">\n<td style=\"text-align: center; height: 244px; width: 20.8621%;\">004.2013<\/td>\n<td style=\"text-align: center; height: 244px; width: 19.4828%;\">22\/04\/2013<\/td>\n<td style=\"text-align: center; height: 244px; width: 39.9055%;\">Normatiza o recebimento e tratamento\u00a0das informa\u00e7\u00f5es remetidas ao Minist\u00e9rio\u00a0P\u00fablico de Contas, relativas \u00e0 ocorr\u00eancia,\u00a0em tese, de irregularidades no \u00e2mbito da\u00a0Administra\u00e7\u00e3o P\u00fablica, bem como a\u00a0instaura\u00e7\u00e3o do Procedimento de\u00a0Investiga\u00e7\u00e3o Preliminar -PIP.<\/td>\n<td style=\"text-align: center; height: 244px; width: 9.40476%;\"><a href=\"http:\/\/mpc.ba.gov.br\/m\/wp-content\/uploads\/2015\/02\/004resolucao.pdf\" target=\"_blank\" rel=\"noopener\">Visualizar<\/a><\/td>\n<\/tr>\n<\/tbody>\n<\/table>\n\n\n\n\n\n\n\n\n\n\n\n\n\n\n\n\n\n","protected":false},"excerpt":{"rendered":"<p>N\u00daMERO DO\u00a0PROCESSO DATA DA PUBLICA\u00c7\u00c3O EMENTA VISUALIZAR 002.2024 03.01.2025 Altera a reda\u00e7\u00e3o de dispositivos da Resolu\u00e7\u00e3o n\u00ba 01,de 30 de dezembro de 2016, para modificar os gruposde munic\u00edpios e entidades descentralizadasvinculados \u00e0s Procuradorias de Contas, assim comoatualizar o Anexo I (Tabela de Substitui\u00e7\u00e3o). Visualizar 001.2024 20.11.2024 Disp\u00f5e sobre o Regimento Interno do Minist\u00e9rioP\u00fablico de Contas [&hellip;]<\/p>\n","protected":false},"author":2,"featured_media":0,"parent":49,"menu_order":0,"comment_status":"open","ping_status":"open","template":"page-fullwidth.php","meta":{"footnotes":""},"class_list":["post-346","page","type-page","status-publish","hentry"],"_links":{"self":[{"href":"http:\/\/mpc.ba.gov.br\/m\/wp-json\/wp\/v2\/pages\/346","targetHints":{"allow":["GET"]}}],"collection":[{"href":"http:\/\/mpc.ba.gov.br\/m\/wp-json\/wp\/v2\/pages"}],"about":[{"href":"http:\/\/mpc.ba.gov.br\/m\/wp-json\/wp\/v2\/types\/page"}],"author":[{"embeddable":true,"href":"http:\/\/mpc.ba.gov.br\/m\/wp-json\/wp\/v2\/users\/2"}],"replies":[{"embeddable":true,"href":"http:\/\/mpc.ba.gov.br\/m\/wp-json\/wp\/v2\/comments?post=346"}],"version-history":[{"count":98,"href":"http:\/\/mpc.ba.gov.br\/m\/wp-json\/wp\/v2\/pages\/346\/revisions"}],"predecessor-version":[{"id":5688,"href":"http:\/\/mpc.ba.gov.br\/m\/wp-json\/wp\/v2\/pages\/346\/revisions\/5688"}],"up":[{"embeddable":true,"href":"http:\/\/mpc.ba.gov.br\/m\/wp-json\/wp\/v2\/pages\/49"}],"wp:attachment":[{"href":"http:\/\/mpc.ba.gov.br\/m\/wp-json\/wp\/v2\/media?parent=346"}],"curies":[{"name":"wp","href":"https:\/\/api.w.org\/{rel}","templated":true}]}}