{"id":35,"date":"2014-09-04T09:38:37","date_gmt":"2014-09-04T12:38:37","guid":{"rendered":"http:\/\/itan.org.br\/mpcto\/?page_id=35"},"modified":"2024-07-15T14:03:27","modified_gmt":"2024-07-15T14:03:27","slug":"legislacao","status":"publish","type":"page","link":"http:\/\/mpc.ba.gov.br\/m\/legislacao\/","title":{"rendered":"Legisla\u00e7\u00e3o"},"content":{"rendered":"<table style=\"width: 100%;\" summary=\"Submitted table designs\">\n<thead>\n<tr>\n<th style=\"width: 89.1667%;\" scope=\"col\" width=\"90\">Normas<\/th>\n<th style=\"width: 10%;\" scope=\"col\" width=\"10%\">visualizar<\/th>\n<\/tr>\n<\/thead>\n<tbody>\n<tr>\n<td style=\"width: 89.1667%;\">CONSTITUI\u00c7\u00c3O DA REP\u00daBLICA FEDERATIVA DO BRASIL 1988<\/td>\n<td style=\"width: 10%;\"><a href=\"http:\/\/www.planalto.gov.br\/ccivil_03\/constituicao\/constituicao.htm\" target=\"_blank\" rel=\"noopener\">Visualizar<\/a><\/td>\n<\/tr>\n<tr>\n<td style=\"width: 89.1667%;\">LEI ORG\u00c2NICA NACIONAL DO MINIST\u00c9RIO P\u00daBLICO<\/td>\n<td style=\"width: 10%;\"><a href=\"http:\/\/www.planalto.gov.br\/ccivil_03\/leis\/l8625.htm\" target=\"_blank\" rel=\"noopener\">Visualizar<\/a><\/td>\n<\/tr>\n<tr>\n<td style=\"width: 89.1667%;\">LEI ORG\u00c2NICA NACIONAL DO MINIST\u00c9RIO P\u00daBLICO DA UNI\u00c3O<\/td>\n<td style=\"width: 10%;\"><a href=\"http:\/\/www.planalto.gov.br\/ccivil_03\/leis\/lcp\/lcp75.htm\" target=\"_blank\" rel=\"noopener\">Visualizar<\/a><\/td>\n<\/tr>\n<tr>\n<td style=\"width: 89.1667%;\">LEI ORG\u00c2NICA DA MAGISTRATURA NACIONAL<\/td>\n<td style=\"width: 10%;\"><a href=\"http:\/\/www.planalto.gov.br\/ccivil_03\/leis\/lcp\/lcp35.htm\" target=\"_blank\" rel=\"noopener\">Visualizar<\/a><\/td>\n<\/tr>\n<tr>\n<td style=\"width: 89.1667%;\">CONSTITUI\u00c7\u00c3O DO ESTADO DA BAHIA<\/td>\n<td style=\"width: 10%;\"><a href=\"http:\/\/www.al.ba.gov.br\/PublitaoPHP\/Uploads\/17072014091825000000_Constituicao_Estadual_17072014.pdf\" target=\"_blank\" rel=\"noopener\">Visualizar<\/a><\/td>\n<\/tr>\n<tr>\n<td style=\"width: 89.1667%;\">LEI ORG\u00c2NICA DO MINIST\u00c9RIO P\u00daBLICO DO ESTADO DA BAHIA<\/td>\n<td style=\"width: 10%;\"><a href=\"http:\/\/www.mpba.mp.br\/institucional\/legislacao\/lei_organica.pdf \" target=\"_blank\" rel=\"noopener\">Visualizar<\/a><\/td>\n<\/tr>\n<tr>\n<td style=\"width: 89.1667%;\">LEI DE ORGANIZA\u00c7\u00c3O JUDICI\u00c1RIA DO ESTADO DA BAHIA<\/td>\n<td style=\"width: 10%;\"><a href=\"http:\/\/www5.tjba.jus.br\/corregedoria\/images\/pdf\/loj_nova_17052012.pdf\" target=\"_blank\" rel=\"noopener\">Visualizar<\/a><\/td>\n<\/tr>\n<tr>\n<td style=\"width: 89.1667%;\">LEI DA COMPOSI\u00c7\u00c3O E A COMPET\u00caNCIA DO MINIST\u00c9RIO P\u00daBLICO ESPECIAL DE CONTAS- MPEC, JUNTO AO TCM\/BA.<\/td>\n<td style=\"width: 10%;\"><a href=\"http:\/\/mpc.ba.gov.br\/m\/wp-content\/uploads\/2024\/07\/Lei-12.207-2011-Alterada-pela-Lei-no-14.758-24.pdf\">Visualizar<\/a><\/td>\n<\/tr>\n<tr>\n<td style=\"width: 89.1667%;\">LEI ORG\u00c2NICA DO TRIBUNAL DE CONTAS DOS MUNIC\u00cdPIOS DA BAHIA<\/td>\n<td style=\"width: 10%;\"><a href=\"http:\/\/www.tcm.ba.gov.br\/wp-content\/uploads\/2015\/02\/LeiOrganica.pdf\">Visualizar<\/a><\/td>\n<\/tr>\n<\/tbody>\n<\/table>\n","protected":false},"excerpt":{"rendered":"<p>Normas visualizar CONSTITUI\u00c7\u00c3O DA REP\u00daBLICA FEDERATIVA DO BRASIL 1988 Visualizar LEI ORG\u00c2NICA NACIONAL DO MINIST\u00c9RIO P\u00daBLICO Visualizar LEI ORG\u00c2NICA NACIONAL DO MINIST\u00c9RIO P\u00daBLICO DA UNI\u00c3O Visualizar LEI ORG\u00c2NICA DA MAGISTRATURA NACIONAL Visualizar CONSTITUI\u00c7\u00c3O DO ESTADO DA BAHIA Visualizar LEI ORG\u00c2NICA DO MINIST\u00c9RIO P\u00daBLICO DO ESTADO DA BAHIA Visualizar LEI DE ORGANIZA\u00c7\u00c3O JUDICI\u00c1RIA DO ESTADO DA [&hellip;]<\/p>\n","protected":false},"author":2,"featured_media":0,"parent":0,"menu_order":0,"comment_status":"open","ping_status":"open","template":"page-fullwidth.php","meta":{"footnotes":""},"class_list":["post-35","page","type-page","status-publish","hentry"],"_links":{"self":[{"href":"http:\/\/mpc.ba.gov.br\/m\/wp-json\/wp\/v2\/pages\/35","targetHints":{"allow":["GET"]}}],"collection":[{"href":"http:\/\/mpc.ba.gov.br\/m\/wp-json\/wp\/v2\/pages"}],"about":[{"href":"http:\/\/mpc.ba.gov.br\/m\/wp-json\/wp\/v2\/types\/page"}],"author":[{"embeddable":true,"href":"http:\/\/mpc.ba.gov.br\/m\/wp-json\/wp\/v2\/users\/2"}],"replies":[{"embeddable":true,"href":"http:\/\/mpc.ba.gov.br\/m\/wp-json\/wp\/v2\/comments?post=35"}],"version-history":[{"count":17,"href":"http:\/\/mpc.ba.gov.br\/m\/wp-json\/wp\/v2\/pages\/35\/revisions"}],"predecessor-version":[{"id":5606,"href":"http:\/\/mpc.ba.gov.br\/m\/wp-json\/wp\/v2\/pages\/35\/revisions\/5606"}],"wp:attachment":[{"href":"http:\/\/mpc.ba.gov.br\/m\/wp-json\/wp\/v2\/media?parent=35"}],"curies":[{"name":"wp","href":"https:\/\/api.w.org\/{rel}","templated":true}]}}