{"id":359,"date":"2014-09-10T14:31:59","date_gmt":"2014-09-10T17:31:59","guid":{"rendered":"http:\/\/mpc.to.gov.br\/?page_id=359"},"modified":"2015-10-28T03:29:16","modified_gmt":"2015-10-28T03:29:16","slug":"representacoes","status":"publish","type":"page","link":"http:\/\/mpc.ba.gov.br\/m\/publicacoes\/representacoes\/","title":{"rendered":"Representa\u00e7\u00f5es"},"content":{"rendered":"<table style=\"width: 100%;\" summary=\"Submitted table designs\">\n<thead>\n<tr>\n<th scope=\"col\" width=\"90\">N\u00daMERO DO\u00a0PROCESSO<\/th>\n<th scope=\"col\" width=\"90\">DATA DA PUBLICA\u00c7\u00c3O<\/th>\n<th scope=\"col\" width=\"90\">EMENTA<\/th>\n<th scope=\"col\" width=\"10%\">VISUALIZAR<\/th>\n<\/tr>\n<\/thead>\n<tbody>\n<tr>\n<td style=\"text-align: center;\">007.14<\/td>\n<td style=\"text-align: center;\">15.10.2014<\/td>\n<td style=\"text-align: center;\">REPRESENTA\u00c7\u00c3O EM FACE DA PREFEITURA DE VALENTE.<\/td>\n<td style=\"text-align: center;\"><a href=\"http:\/\/mpc.ba.gov.br\/m\/wp-content\/uploads\/2015\/02\/representacao004.pdf\">Visualizar<\/a><\/td>\n<\/tr>\n<tr>\n<td style=\"text-align: center;\">006.14<\/td>\n<td style=\"text-align: center;\">07.10.2014<\/td>\n<td style=\"text-align: center;\">REPRESENTA\u00c7\u00c3O EM FACE DA PREFEITURA DE IREC\u00ca.<\/td>\n<td style=\"text-align: center;\"><a href=\"http:\/\/mpc.ba.gov.br\/m\/wp-content\/uploads\/2015\/02\/representacao007.pdf\">Visualizar<\/a><\/td>\n<\/tr>\n<tr>\n<td style=\"text-align: center;\">005.14<\/td>\n<td style=\"text-align: center;\">06.10.2014<\/td>\n<td style=\"text-align: center;\">REPRESENTA\u00c7\u00c3O EM FACE DA PREFEITURA DE LAURO DE FREITAS.<\/td>\n<td style=\"text-align: center;\"><a href=\"http:\/\/mpc.ba.gov.br\/m\/wp-content\/uploads\/2015\/02\/representacao006.pdf\">Visualizar<\/a><\/td>\n<\/tr>\n<tr>\n<td style=\"text-align: center;\">004.14<\/td>\n<td style=\"text-align: center;\">08.09.2014<\/td>\n<td style=\"text-align: center;\">REPRESENTA\u00c7\u00c3O EM FACE DA PREFEITURA DE SERRA DO RAMALHO.<\/td>\n<td style=\"text-align: center;\"><a href=\"http:\/\/mpc.ba.gov.br\/m\/wp-content\/uploads\/2015\/02\/representacao003.pdf\">Visualizar<\/a><\/td>\n<\/tr>\n<tr>\n<td style=\"text-align: center;\">003.14<\/td>\n<td style=\"text-align: center;\">22.05.2014<\/td>\n<td style=\"text-align: center;\">REPRESENTA\u00c7\u00c3O EM FACE DA PREFEITURA DE MORPAR\u00c1.<\/td>\n<td style=\"text-align: center;\"><a href=\"http:\/\/mpc.ba.gov.br\/m\/wp-content\/uploads\/2015\/02\/representacao001.pdf\">Visualizar<\/a><\/td>\n<\/tr>\n<tr>\n<td style=\"text-align: center;\">002.14<\/td>\n<td style=\"text-align: center;\">25.02.2014<\/td>\n<td style=\"text-align: center;\">REPRESENTA\u00c7\u00c3O EM FACE DA PREFEITURA DE CONCEI\u00c7\u00c3O DO JACU\u00cdPE.<\/td>\n<td style=\"text-align: center;\"><a href=\"http:\/\/mpc.ba.gov.br\/m\/wp-content\/uploads\/2015\/02\/representacao005.pdf\">Visualizar<\/a><\/td>\n<\/tr>\n<tr>\n<td style=\"text-align: center;\">001.13<\/td>\n<td style=\"text-align: center;\">13.03.2013<\/td>\n<td style=\"text-align: center;\">REPRESENTA\u00c7\u00c3O EM FACE DA PREFEITURA DE CANDEIAS.<\/td>\n<td style=\"text-align: center;\"><a href=\"http:\/\/mpc.ba.gov.br\/m\/wp-content\/uploads\/2015\/02\/representacao002.pdf\">Visualizar<\/a><\/td>\n<\/tr>\n<\/tbody>\n<\/table>\n","protected":false},"excerpt":{"rendered":"<p>N\u00daMERO DO\u00a0PROCESSO DATA DA PUBLICA\u00c7\u00c3O EMENTA VISUALIZAR 007.14 15.10.2014 REPRESENTA\u00c7\u00c3O EM FACE DA PREFEITURA DE VALENTE. Visualizar 006.14 07.10.2014 REPRESENTA\u00c7\u00c3O EM FACE DA PREFEITURA DE IREC\u00ca. Visualizar 005.14 06.10.2014 REPRESENTA\u00c7\u00c3O EM FACE DA PREFEITURA DE LAURO DE FREITAS. Visualizar 004.14 08.09.2014 REPRESENTA\u00c7\u00c3O EM FACE DA PREFEITURA DE SERRA DO RAMALHO. Visualizar 003.14 22.05.2014 REPRESENTA\u00c7\u00c3O EM [&hellip;]<\/p>\n","protected":false},"author":2,"featured_media":0,"parent":357,"menu_order":0,"comment_status":"open","ping_status":"open","template":"page-fullwidth.php","meta":{"footnotes":""},"class_list":["post-359","page","type-page","status-publish","hentry"],"_links":{"self":[{"href":"http:\/\/mpc.ba.gov.br\/m\/wp-json\/wp\/v2\/pages\/359","targetHints":{"allow":["GET"]}}],"collection":[{"href":"http:\/\/mpc.ba.gov.br\/m\/wp-json\/wp\/v2\/pages"}],"about":[{"href":"http:\/\/mpc.ba.gov.br\/m\/wp-json\/wp\/v2\/types\/page"}],"author":[{"embeddable":true,"href":"http:\/\/mpc.ba.gov.br\/m\/wp-json\/wp\/v2\/users\/2"}],"replies":[{"embeddable":true,"href":"http:\/\/mpc.ba.gov.br\/m\/wp-json\/wp\/v2\/comments?post=359"}],"version-history":[{"count":9,"href":"http:\/\/mpc.ba.gov.br\/m\/wp-json\/wp\/v2\/pages\/359\/revisions"}],"predecessor-version":[{"id":1663,"href":"http:\/\/mpc.ba.gov.br\/m\/wp-json\/wp\/v2\/pages\/359\/revisions\/1663"}],"up":[{"embeddable":true,"href":"http:\/\/mpc.ba.gov.br\/m\/wp-json\/wp\/v2\/pages\/357"}],"wp:attachment":[{"href":"http:\/\/mpc.ba.gov.br\/m\/wp-json\/wp\/v2\/media?parent=359"}],"curies":[{"name":"wp","href":"https:\/\/api.w.org\/{rel}","templated":true}]}}