{"id":37,"date":"2014-09-04T09:39:23","date_gmt":"2014-09-04T12:39:23","guid":{"rendered":"http:\/\/itan.org.br\/mpcto\/?page_id=37"},"modified":"2019-03-15T01:36:04","modified_gmt":"2019-03-15T01:36:04","slug":"missao","status":"publish","type":"page","link":"http:\/\/mpc.ba.gov.br\/m\/institucional\/missao\/","title":{"rendered":"Miss\u00e3o"},"content":{"rendered":"<p>Ser uma institui\u00e7\u00e3o permanente, essencial \u00e0 jurisdi\u00e7\u00e3o constitucional de contas garantindo a defesa da ordem jur\u00eddica, do regime democr\u00e1tico e dos direitos sociais indispon\u00edveis. O MPC \u00e9 instrumento de efetiva\u00e7\u00e3o da cidadania, de prote\u00e7\u00e3o aos ideais e princ\u00edpios republicanos. Promove com independ\u00eancia e autonomia as medidas de interesse da justi\u00e7a, da administra\u00e7\u00e3o e do er\u00e1rio municipal.<\/p>\n","protected":false},"excerpt":{"rendered":"<p>Ser uma institui\u00e7\u00e3o permanente, essencial \u00e0 jurisdi\u00e7\u00e3o constitucional de contas garantindo a defesa da ordem jur\u00eddica, do regime democr\u00e1tico e dos direitos sociais indispon\u00edveis. O MPC \u00e9 instrumento de efetiva\u00e7\u00e3o da cidadania, de prote\u00e7\u00e3o aos ideais e princ\u00edpios republicanos. Promove com independ\u00eancia e autonomia as medidas de interesse da justi\u00e7a, da administra\u00e7\u00e3o e do er\u00e1rio [&hellip;]<\/p>\n","protected":false},"author":2,"featured_media":0,"parent":607,"menu_order":0,"comment_status":"open","ping_status":"open","template":"page-fullwidth.php","meta":{"footnotes":""},"class_list":["post-37","page","type-page","status-publish","hentry"],"_links":{"self":[{"href":"http:\/\/mpc.ba.gov.br\/m\/wp-json\/wp\/v2\/pages\/37","targetHints":{"allow":["GET"]}}],"collection":[{"href":"http:\/\/mpc.ba.gov.br\/m\/wp-json\/wp\/v2\/pages"}],"about":[{"href":"http:\/\/mpc.ba.gov.br\/m\/wp-json\/wp\/v2\/types\/page"}],"author":[{"embeddable":true,"href":"http:\/\/mpc.ba.gov.br\/m\/wp-json\/wp\/v2\/users\/2"}],"replies":[{"embeddable":true,"href":"http:\/\/mpc.ba.gov.br\/m\/wp-json\/wp\/v2\/comments?post=37"}],"version-history":[{"count":11,"href":"http:\/\/mpc.ba.gov.br\/m\/wp-json\/wp\/v2\/pages\/37\/revisions"}],"predecessor-version":[{"id":3771,"href":"http:\/\/mpc.ba.gov.br\/m\/wp-json\/wp\/v2\/pages\/37\/revisions\/3771"}],"up":[{"embeddable":true,"href":"http:\/\/mpc.ba.gov.br\/m\/wp-json\/wp\/v2\/pages\/607"}],"wp:attachment":[{"href":"http:\/\/mpc.ba.gov.br\/m\/wp-json\/wp\/v2\/media?parent=37"}],"curies":[{"name":"wp","href":"https:\/\/api.w.org\/{rel}","templated":true}]}}