{"id":39,"date":"2014-09-04T09:39:42","date_gmt":"2014-09-04T12:39:42","guid":{"rendered":"http:\/\/itan.org.br\/mpcto\/?page_id=39"},"modified":"2021-08-17T19:04:28","modified_gmt":"2021-08-17T19:04:28","slug":"historico","status":"publish","type":"page","link":"http:\/\/mpc.ba.gov.br\/m\/institucional\/historico\/","title":{"rendered":"Hist\u00f3rico"},"content":{"rendered":"<p class=\"western\" align=\"JUSTIFY\"><span style=\"font-family: Arial, serif;\">O Minist\u00e9rio P\u00fablico de Contas \u00e9 institui\u00e7\u00e3o secular, que remonta \u00e0 pr\u00f3pria origem dos Tribunais de Contas do Brasil.<\/span><\/p>\n<p class=\"western\" align=\"JUSTIFY\"><span style=\"font-family: Arial, serif;\">J\u00e1 por ocasi\u00e3o da cria\u00e7\u00e3o do Tribunal de Contas da Uni\u00e3o, nos albores da Rep\u00fablica, por meio do conhecido Decreto n\u00ba 966-A, de 07 de novembro de 1890, de inspira\u00e7\u00e3o do ilustre jurista Ruy Barbosa, havia a previs\u00e3o de um representante do Minist\u00e9rio P\u00fablico na composi\u00e7\u00e3o da Corte, inclusive, \u00e0quela altura, com direito a voto, conforme dispunha o artigo 19 do Decreto n\u00ba 1166, de 17 de outubro de 1892.<\/span><\/p>\n<p class=\"western\" align=\"JUSTIFY\"><span style=\"font-family: Arial, serif;\">A Constitui\u00e7\u00e3o de 1988, artigo 130, atribuiu ao Minist\u00e9rio P\u00fablico de Contas os mesmos direitos, veda\u00e7\u00f5es e forma de investidura aplic\u00e1veis ao Minist\u00e9rio P\u00fablico comum, aqui inclu\u00eddos os princ\u00edpios institucionais da unidade, indivisibilidade e independ\u00eancia funcional, previstos no artigo 127, \u00a7 1\u00ba, da Carta da Rep\u00fablica.<\/span><\/p>\n<p class=\"western\" align=\"JUSTIFY\"><span style=\"font-family: Arial, serif;\">Trata-se, portanto, de ramo especializado do Minist\u00e9rio P\u00fablico, com atua\u00e7\u00e3o nos Tribunais de Contas dos Munic\u00edpios e Estados Brasileiros, o que indica sua voca\u00e7\u00e3o para a seara da fiscaliza\u00e7\u00e3o cont\u00e1bil, financeira, or\u00e7ament\u00e1ria e patrimonial da Administra\u00e7\u00e3o Direta e Indireta.<\/span><\/p>\n<p class=\"western\" align=\"JUSTIFY\"><span style=\"font-family: Arial, serif;\">A Lei Complementar Estadual 28\/2006 alterou a Lei Complementar de 06\/91 (Lei Org\u00e2nica do TCM\/BA), criando o Minist\u00e9rio P\u00fablico de Contas junto ao Tribunal de Contas dos Munic\u00edpios da Bahia. <\/span><\/p>\n<p class=\"western\" align=\"JUSTIFY\"><span style=\"font-family: Arial, serif;\">Em 14 de Abril de 2011, atrav\u00e9s da Lei 12.207, sancionada pelo Governador \u00e0 \u00e9poca, foi criado 03 cargos de Procurador de Contas, al\u00e9m dos cargos para assessoramento dos Procuradores.<\/span><\/p>\n<p class=\"western\" align=\"JUSTIFY\"><span style=\"font-family: Arial, serif;\">Foram nomeados para o cargo de Procurador de Contas em 04\/10\/12 consecutivamente Dra. Aline Rego, Dra. Camila Vasquez e Dr. Guilherme Macedo.<\/span><\/p>\n<p class=\"western\" align=\"JUSTIFY\"><span style=\"font-family: Arial, serif;\">Atrav\u00e9s da Lei 13.205\/14, em 26 de Janeiro de 2015, foi criada a 4\u00aa vaga de Procurador. O Dr. Andr\u00e9 Bastos Vaccarezza foi nomeado em: 13\/01\/15. Dr. Andr\u00e9 Bastos ficou no cargo pelo per\u00edodo de 11 meses, retornando ao cargo de Procurador do Munic\u00edpio do Salvador. <\/span><\/p>\n<p class=\"western\" align=\"JUSTIFY\"><span style=\"font-family: Arial, serif;\">Em 11\/02\/16, O Presidente do TCM\/BA, Dr. Francisco Netto, nomeou Dr. Danilo Diamantino, completando novamente o quadro com 04 Procuradores de Contas.<\/span><\/p>\n<p class=\"western\" align=\"JUSTIFY\"><span style=\"font-family: Arial, serif;\">Desde sua implanta\u00e7\u00e3o, o \u00d3rg\u00e3o Ministerial tem atuado com plena autonomia e independ\u00eancia funcionais, exercendo o papel de fiscal da lei na defesa da ordem jur\u00eddica, auxiliando a sociedade baiana\u00a0no combate \u00e0 corrup\u00e7\u00e3o e \u00e0 m\u00e1 gest\u00e3o dos recursos p\u00fablicos municipais.<\/span><\/p>\n","protected":false},"excerpt":{"rendered":"<p>O Minist\u00e9rio P\u00fablico de Contas \u00e9 institui\u00e7\u00e3o secular, que remonta \u00e0 pr\u00f3pria origem dos Tribunais de Contas do Brasil. J\u00e1 por ocasi\u00e3o da cria\u00e7\u00e3o do Tribunal de Contas da Uni\u00e3o, nos albores da Rep\u00fablica, por meio do conhecido Decreto n\u00ba 966-A, de 07 de novembro de 1890, de inspira\u00e7\u00e3o do ilustre jurista Ruy Barbosa, havia [&hellip;]<\/p>\n","protected":false},"author":2,"featured_media":0,"parent":607,"menu_order":0,"comment_status":"open","ping_status":"open","template":"page-fullwidth.php","meta":{"footnotes":""},"class_list":["post-39","page","type-page","status-publish","hentry"],"_links":{"self":[{"href":"http:\/\/mpc.ba.gov.br\/m\/wp-json\/wp\/v2\/pages\/39","targetHints":{"allow":["GET"]}}],"collection":[{"href":"http:\/\/mpc.ba.gov.br\/m\/wp-json\/wp\/v2\/pages"}],"about":[{"href":"http:\/\/mpc.ba.gov.br\/m\/wp-json\/wp\/v2\/types\/page"}],"author":[{"embeddable":true,"href":"http:\/\/mpc.ba.gov.br\/m\/wp-json\/wp\/v2\/users\/2"}],"replies":[{"embeddable":true,"href":"http:\/\/mpc.ba.gov.br\/m\/wp-json\/wp\/v2\/comments?post=39"}],"version-history":[{"count":6,"href":"http:\/\/mpc.ba.gov.br\/m\/wp-json\/wp\/v2\/pages\/39\/revisions"}],"predecessor-version":[{"id":4359,"href":"http:\/\/mpc.ba.gov.br\/m\/wp-json\/wp\/v2\/pages\/39\/revisions\/4359"}],"up":[{"embeddable":true,"href":"http:\/\/mpc.ba.gov.br\/m\/wp-json\/wp\/v2\/pages\/607"}],"wp:attachment":[{"href":"http:\/\/mpc.ba.gov.br\/m\/wp-json\/wp\/v2\/media?parent=39"}],"curies":[{"name":"wp","href":"https:\/\/api.w.org\/{rel}","templated":true}]}}