{"id":41,"date":"2014-09-04T09:40:02","date_gmt":"2014-09-04T12:40:02","guid":{"rendered":"http:\/\/itan.org.br\/mpcto\/?page_id=41"},"modified":"2019-07-25T17:55:41","modified_gmt":"2019-07-25T17:55:41","slug":"atuacao","status":"publish","type":"page","link":"http:\/\/mpc.ba.gov.br\/m\/institucional\/atuacao\/","title":{"rendered":"Atua\u00e7\u00e3o"},"content":{"rendered":"<p style=\"text-align: justify; line-height: 150%;\"><span style=\"font-family: 'Arial',sans-serif; color: #333333;\">O Minist\u00e9rio P\u00fablico de Contas atuante no controle externo das administra\u00e7\u00f5es p\u00fablicas dos munic\u00edpios da Bahia promove a defesa da ordem jur\u00eddica, como guarda da lei e fiscal de sua execu\u00e7\u00e3o, assegurando a concreta observ\u00e2ncia dos princ\u00edpios constitucionais da legalidade, impessoalidade, moralidade, publicidade e efici\u00eancia, no que se refere \u00e0 fiscaliza\u00e7\u00e3o cont\u00e1bil, financeira, or\u00e7ament\u00e1ria, operacional e patrimonial, requerendo, para tanto, as medidas de interesse da justi\u00e7a, da administra\u00e7\u00e3o e do er\u00e1rio.<\/span><\/p>\n<p style=\"line-height: 150%; orphans: auto; widows: auto; -webkit-text-stroke-width: 0px; word-spacing: 0px; text-align: justify;\"><span style=\"font-family: 'Arial',sans-serif; color: #333333;\">No desempenho dessa elevada compet\u00eancia, o \u00d3rg\u00e3o Ministerial participa de sess\u00f5es de julgamento, manifesta-se em processos de controle externo, interp\u00f5e recursos previstos em lei, instaura procedimentos investigat\u00f3rios, requisita documentos, celebra termos de ajustamento de conduta, firma conv\u00eanios de coopera\u00e7\u00e3o com os demais \u00f3rg\u00e3os de controle e ramos do Minist\u00e9rio P\u00fablico, entre outras medidas necess\u00e1rias \u00e0 consecu\u00e7\u00e3o de sua miss\u00e3o.\u00a0<\/span><\/p>\n<p style=\"text-align: start; line-height: 14.25pt; orphans: auto; widows: auto; -webkit-text-stroke-width: 0px; word-spacing: 0px;\"><span style=\"font-family: 'Arial',sans-serif; color: #333333;\">O MPC-BA apresenta-se, assim, como instrumento de defesa da sociedade baiana\u00a0no combate \u00e0 corrup\u00e7\u00e3o e \u00e0 m\u00e1 gest\u00e3o dos recursos p\u00fablicos.\u00a0<\/span><\/p>\n","protected":false},"excerpt":{"rendered":"<p>O Minist\u00e9rio P\u00fablico de Contas atuante no controle externo das administra\u00e7\u00f5es p\u00fablicas dos munic\u00edpios da Bahia promove a defesa da ordem jur\u00eddica, como guarda da lei e fiscal de sua execu\u00e7\u00e3o, assegurando a concreta observ\u00e2ncia dos princ\u00edpios constitucionais da legalidade, impessoalidade, moralidade, publicidade e efici\u00eancia, no que se refere \u00e0 fiscaliza\u00e7\u00e3o cont\u00e1bil, financeira, or\u00e7ament\u00e1ria, operacional [&hellip;]<\/p>\n","protected":false},"author":2,"featured_media":0,"parent":607,"menu_order":0,"comment_status":"open","ping_status":"open","template":"page-fullwidth.php","meta":{"footnotes":""},"class_list":["post-41","page","type-page","status-publish","hentry"],"_links":{"self":[{"href":"http:\/\/mpc.ba.gov.br\/m\/wp-json\/wp\/v2\/pages\/41","targetHints":{"allow":["GET"]}}],"collection":[{"href":"http:\/\/mpc.ba.gov.br\/m\/wp-json\/wp\/v2\/pages"}],"about":[{"href":"http:\/\/mpc.ba.gov.br\/m\/wp-json\/wp\/v2\/types\/page"}],"author":[{"embeddable":true,"href":"http:\/\/mpc.ba.gov.br\/m\/wp-json\/wp\/v2\/users\/2"}],"replies":[{"embeddable":true,"href":"http:\/\/mpc.ba.gov.br\/m\/wp-json\/wp\/v2\/comments?post=41"}],"version-history":[{"count":10,"href":"http:\/\/mpc.ba.gov.br\/m\/wp-json\/wp\/v2\/pages\/41\/revisions"}],"predecessor-version":[{"id":3849,"href":"http:\/\/mpc.ba.gov.br\/m\/wp-json\/wp\/v2\/pages\/41\/revisions\/3849"}],"up":[{"embeddable":true,"href":"http:\/\/mpc.ba.gov.br\/m\/wp-json\/wp\/v2\/pages\/607"}],"wp:attachment":[{"href":"http:\/\/mpc.ba.gov.br\/m\/wp-json\/wp\/v2\/media?parent=41"}],"curies":[{"name":"wp","href":"https:\/\/api.w.org\/{rel}","templated":true}]}}