{"id":424,"date":"2014-09-12T11:56:05","date_gmt":"2014-09-12T14:56:05","guid":{"rendered":"http:\/\/mpc.to.gov.br\/?page_id=424"},"modified":"2015-03-18T17:11:29","modified_gmt":"2015-03-18T17:11:29","slug":"atos-de-cooperacao","status":"publish","type":"page","link":"http:\/\/mpc.ba.gov.br\/m\/publicacoes\/atos-de-cooperacao\/","title":{"rendered":"Atos de Coopera\u00e7\u00e3o"},"content":{"rendered":"<table style=\"width: 100%;\" summary=\"Submitted table designs\">\n<thead>\n<tr>\n<th scope=\"col\" width=\"90\">DATA DA PUBLICA\u00c7\u00c3O<\/th>\n<th scope=\"col\" width=\"90\">EMENTA<\/th>\n<th scope=\"col\" width=\"10%\">VISUALIZAR<\/th>\n<\/tr>\n<\/thead>\n<tbody>\n<tr>\n<td style=\"text-align: center;\">\u00a017\/09\/2014<\/td>\n<td style=\"text-align: center;\">ACORDO DE COOPERA\u00c7\u00c3O T\u00c9CNICA QUE ENTRE SI CELEBRAM DIVERSOS \u00d3RG\u00c3OS P\u00daBLICOS NO ESTADO DA BAHIA, PARA A FORMA\u00c7\u00c3O DE REDE NO \u00c2MBITO ESTADUAL COM VISTAS \u00c0 ARTICULA\u00c7\u00c3O DE A\u00c7\u00d5ES DE FISCALIZA\u00c7\u00c3O, COMBATE \u00c0 CORRUP\u00c7\u00c3O, E CONTROLE SOCIAL, E PARA INTERA\u00c7\u00c3O DAS REDES NOS \u00c2MBITOS ESTADUAL E FEDERAL.<\/td>\n<td style=\"text-align: center;\"><a href=\"http:\/\/mpc.ba.gov.br\/m\/wp-content\/uploads\/2015\/02\/atodecoopera%C3%A7%C3%A3orededecontrole.pdf\" target=\"_blank\">Visualizar<\/a><\/td>\n<\/tr>\n<tr>\n<td style=\"text-align: center;\">\u00a028\/05\/2014<\/td>\n<td style=\"text-align: center;\">\u00a0ATO DE COOPERA\u00c7\u00c3O T\u00c9CNICA QUE ENTRE SI CELEBRAM O MINIST\u00c9RIO P\u00daBLICO DE CONTAS DO ESTADO DE MINAS GERAIS E O MINIST\u00c9RIO P\u00daBLICO DE CONTAS DO ESTADO DA BAHIA.<\/td>\n<td style=\"text-align: center;\"><a href=\"http:\/\/mpc.ba.gov.br\/m\/wp-content\/uploads\/2015\/02\/cooperacaompcmgeba1.pdf\" target=\"_blank\">Visualizar<\/a><\/td>\n<\/tr>\n<tr>\n<td style=\"text-align: center;\">\u00a011\/11\/2013<\/td>\n<td style=\"text-align: center;\">\u00a0TERMO DE COOPERA\u00c7\u00c3O T\u00c9CNICA E OPERACIONAL QUE ENTRE SI CELEBRAM O MINIST\u00c9RIO P\u00daBLICO DO ESTADO DA BAHIA E O MINIST\u00c9RIO P\u00daBLICO DE CONTAS, A FIM DE POSSIBILITAR O INTERC\u00c2MBIO DE INFORMA\u00c7\u00d5ES E O APRIMORAMENTO DE SUAS ATUA\u00c7OES.<\/td>\n<td style=\"text-align: center;\"><a href=\"http:\/\/mpc.ba.gov.br\/m\/wp-content\/uploads\/2015\/02\/Termo-de-Coopera%C3%A7%C3%A3ompcmpe.pdf\" target=\"_blank\">Visualizar<\/a><\/td>\n<\/tr>\n<\/tbody>\n<\/table>\n","protected":false},"excerpt":{"rendered":"<p>DATA DA PUBLICA\u00c7\u00c3O EMENTA VISUALIZAR \u00a017\/09\/2014 ACORDO DE COOPERA\u00c7\u00c3O T\u00c9CNICA QUE ENTRE SI CELEBRAM DIVERSOS \u00d3RG\u00c3OS P\u00daBLICOS NO ESTADO DA BAHIA, PARA A FORMA\u00c7\u00c3O DE REDE NO \u00c2MBITO ESTADUAL COM VISTAS \u00c0 ARTICULA\u00c7\u00c3O DE A\u00c7\u00d5ES DE FISCALIZA\u00c7\u00c3O, COMBATE \u00c0 CORRUP\u00c7\u00c3O, E CONTROLE SOCIAL, E PARA INTERA\u00c7\u00c3O DAS REDES NOS \u00c2MBITOS ESTADUAL E FEDERAL. Visualizar \u00a028\/05\/2014 [&hellip;]<\/p>\n","protected":false},"author":2,"featured_media":0,"parent":357,"menu_order":0,"comment_status":"open","ping_status":"open","template":"page-fullwidth.php","meta":{"footnotes":""},"class_list":["post-424","page","type-page","status-publish","hentry"],"_links":{"self":[{"href":"http:\/\/mpc.ba.gov.br\/m\/wp-json\/wp\/v2\/pages\/424","targetHints":{"allow":["GET"]}}],"collection":[{"href":"http:\/\/mpc.ba.gov.br\/m\/wp-json\/wp\/v2\/pages"}],"about":[{"href":"http:\/\/mpc.ba.gov.br\/m\/wp-json\/wp\/v2\/types\/page"}],"author":[{"embeddable":true,"href":"http:\/\/mpc.ba.gov.br\/m\/wp-json\/wp\/v2\/users\/2"}],"replies":[{"embeddable":true,"href":"http:\/\/mpc.ba.gov.br\/m\/wp-json\/wp\/v2\/comments?post=424"}],"version-history":[{"count":2,"href":"http:\/\/mpc.ba.gov.br\/m\/wp-json\/wp\/v2\/pages\/424\/revisions"}],"predecessor-version":[{"id":1481,"href":"http:\/\/mpc.ba.gov.br\/m\/wp-json\/wp\/v2\/pages\/424\/revisions\/1481"}],"up":[{"embeddable":true,"href":"http:\/\/mpc.ba.gov.br\/m\/wp-json\/wp\/v2\/pages\/357"}],"wp:attachment":[{"href":"http:\/\/mpc.ba.gov.br\/m\/wp-json\/wp\/v2\/media?parent=424"}],"curies":[{"name":"wp","href":"https:\/\/api.w.org\/{rel}","templated":true}]}}