{"id":469,"date":"2014-10-03T12:31:23","date_gmt":"2014-10-03T15:31:23","guid":{"rendered":"http:\/\/mpc.go.gov.br\/?page_id=469"},"modified":"2015-07-08T02:33:26","modified_gmt":"2015-07-08T02:33:26","slug":"transparencia","status":"publish","type":"page","link":"http:\/\/mpc.ba.gov.br\/m\/transparencia\/","title":{"rendered":"Transpar\u00eancia"},"content":{"rendered":"<p style=\"text-align: justify;\"><span style=\"color: #ff0000;\"><b>GEST\u00c3O DE PESSOAS\u00a0<\/b><\/span><\/p>\n<p style=\"text-align: justify;\"><span style=\"color: #0000ff;\">Em cumprimento \u00e0 Lei 12.527\/11 \u2013 Lei de Acesso \u00e0 Informa\u00e7\u00e3o, est\u00e1 dispon\u00edvel atrav\u00e9s do (Sistema do TCM) a realiza\u00e7\u00e3o de consultas sobre valores de remunera\u00e7\u00e3o dos servidores, quantitativos dos cargos efetivos e comissionados e tabela de vencimentos do MPC-BA.<\/span><\/p>\n<p style=\"text-align: justify;\"><strong><span style=\"color: #ff0000;\">REMUNERA\u00c7\u00c3O<\/span><\/strong><\/p>\n<p><span style=\"color: #0000ff;\"><a style=\"color: #0000ff;\" href=\"http:\/\/www.tcm.ba.gov.br\/wp-content\/uploads\/2015\/04\/TABELA-DE-VENCIMENTOS-BASICOS-DOS-CARGOS-DE-PROVIMENTO-PERMANENTE.pdf\">Tabela de Vencimentos B\u00e1sicos dos Cargos de Provimento Permanente<\/a><\/span><\/p>\n<p><span style=\"color: #0000ff;\"><a style=\"color: #0000ff;\" href=\"http:\/\/www.tcm.ba.gov.br\/wp-content\/uploads\/2015\/04\/INDICES-PARA-CALCULO-DA-PARCELA-VARIAVEL.pdf\">Tabela de \u00cdndices para C\u00e1lculo da Parcela Vari\u00e1vel<\/a><\/span><\/p>\n<p><span style=\"color: #0000ff;\"><a style=\"color: #0000ff;\" href=\"http:\/\/www.tcm.ba.gov.br\/wp-content\/uploads\/2015\/04\/TABELA-DE-VALOR-DE-PONTOS-CARGOS.pdf\">Tabela de Valores de Pontos dos Cargos de Provimento Permanente<\/a><\/span><\/p>\n<p><span style=\"color: #0000ff;\"><a style=\"color: #0000ff;\" href=\"http:\/\/www.tcm.ba.gov.br\/wp-content\/uploads\/2015\/04\/TABELA-DE-VENCIMENTOS-INDICES.pdf\">Tabela de Vencimentos e \u00cdndices para C\u00e1lculo da Parcela Vari\u00e1vel dos Cargos de Provimento Tempor\u00e1rio e Tabela de Valores de Pontos dos Cargos de Provimento Tempor\u00e1rio<\/a><\/span><\/p>\n<p><span style=\"color: #0000ff;\"><a style=\"color: #0000ff;\" href=\"https:\/\/intranet.tcm.ba.gov.br\/Tcmcc\/views\/consultarremuneracao.aspx\">Remunera\u00e7\u00e3o por Servidor<\/a><\/span><\/p>\n<p style=\"text-align: justify;\"><strong><span style=\"color: #ff0000;\">QUADRO DE CARGOS<\/span><\/strong><\/p>\n<p><span style=\"color: #0000ff;\"><a style=\"color: #0000ff;\" href=\"http:\/\/www.tcm.ba.gov.br\/wp-content\/uploads\/2015\/04\/Quadro-de-Cargos-da-Lei-13205.pdf\">Comissionado<\/a><\/span><\/p>\n<p><span style=\"color: #0000ff;\"><a style=\"color: #0000ff;\" href=\"http:\/\/www.tcm.ba.gov.br\/index.php\/acesso-a-informacao\/pessoal_transparencia\/quadro-de-cargos\/efetivo\/\">Efetivo<\/a><\/span><\/p>\n","protected":false},"excerpt":{"rendered":"<p>GEST\u00c3O DE PESSOAS\u00a0 Em cumprimento \u00e0 Lei 12.527\/11 \u2013 Lei de Acesso \u00e0 Informa\u00e7\u00e3o, est\u00e1 dispon\u00edvel atrav\u00e9s do (Sistema do TCM) a realiza\u00e7\u00e3o de consultas sobre valores de remunera\u00e7\u00e3o dos servidores, quantitativos dos cargos efetivos e comissionados e tabela de vencimentos do MPC-BA. REMUNERA\u00c7\u00c3O Tabela de Vencimentos B\u00e1sicos dos Cargos de Provimento Permanente Tabela de [&hellip;]<\/p>\n","protected":false},"author":2,"featured_media":0,"parent":0,"menu_order":0,"comment_status":"open","ping_status":"open","template":"page-fullwidth.php","meta":{"footnotes":""},"class_list":["post-469","page","type-page","status-publish","hentry"],"_links":{"self":[{"href":"http:\/\/mpc.ba.gov.br\/m\/wp-json\/wp\/v2\/pages\/469","targetHints":{"allow":["GET"]}}],"collection":[{"href":"http:\/\/mpc.ba.gov.br\/m\/wp-json\/wp\/v2\/pages"}],"about":[{"href":"http:\/\/mpc.ba.gov.br\/m\/wp-json\/wp\/v2\/types\/page"}],"author":[{"embeddable":true,"href":"http:\/\/mpc.ba.gov.br\/m\/wp-json\/wp\/v2\/users\/2"}],"replies":[{"embeddable":true,"href":"http:\/\/mpc.ba.gov.br\/m\/wp-json\/wp\/v2\/comments?post=469"}],"version-history":[{"count":12,"href":"http:\/\/mpc.ba.gov.br\/m\/wp-json\/wp\/v2\/pages\/469\/revisions"}],"predecessor-version":[{"id":1578,"href":"http:\/\/mpc.ba.gov.br\/m\/wp-json\/wp\/v2\/pages\/469\/revisions\/1578"}],"wp:attachment":[{"href":"http:\/\/mpc.ba.gov.br\/m\/wp-json\/wp\/v2\/media?parent=469"}],"curies":[{"name":"wp","href":"https:\/\/api.w.org\/{rel}","templated":true}]}}