{"id":65,"date":"2014-09-04T11:25:26","date_gmt":"2014-09-04T14:25:26","guid":{"rendered":"http:\/\/itan.org.br\/mpcto\/?page_id=65"},"modified":"2025-01-17T13:48:42","modified_gmt":"2025-01-17T13:48:42","slug":"portarias-procurador-geral","status":"publish","type":"page","link":"http:\/\/mpc.ba.gov.br\/m\/atos-normativos\/portarias\/portarias-procurador-geral\/","title":{"rendered":"Procurador-Geral"},"content":{"rendered":"<table style=\"width: 100%; height: 3344px;\" summary=\"Submitted table designs\">\n<thead>\n<tr style=\"height: 46px;\">\n<th style=\"width: 15%; height: 46px;\" scope=\"col\">N\u00daMERO DA PORTARIA<\/th>\n<th style=\"width: 10%; height: 46px;\" scope=\"col\">DATA DA PUBLICA\u00c7\u00c3O<\/th>\n<th style=\"width: 62.9441%; text-align: center; height: 46px;\" scope=\"col\">EMENTA<\/th>\n<th style=\"width: 10%; height: 46px;\" scope=\"col\">VISUALIZAR<\/th>\n<\/tr>\n<\/thead>\n<tbody>\n<tr>\n<td style=\"text-align: center; width: 15%;\">002.2024<\/td>\n<td style=\"text-align: center; width: 10%;\">19.12.2024<\/td>\n<td style=\"width: 62.9441%; text-align: center;\">\n<p align=\"center\"><span style=\"font-family: Times New Roman, serif;\"><span style=\"font-size: medium;\">Disp\u00f5e sobre lota\u00e7\u00e3o das procuradorias de contas para o bi\u00eanio 2024\/2025 e d\u00e1 outras provid\u00eancias.<\/span><\/span><\/p>\n<\/td>\n<td style=\"text-align: center; width: 10%;\"><a href=\"http:\/\/mpc.ba.gov.br\/m\/wp-content\/uploads\/2024\/12\/PORTARIA-02.2024-rodizio-procuradorias-Bienio-2025.2026-Publicada-DOETCM-19.12.24.pdf\">Visualizar<\/a><\/td>\n<\/tr>\n<tr>\n<td style=\"text-align: center; width: 15%;\">001.2024<\/td>\n<td style=\"text-align: center; width: 10%;\">31.08.2024<\/td>\n<td style=\"width: 62.9441%; text-align: center;\">\n<p align=\"center\"><span style=\"font-family: Times New Roman, serif;\"><span style=\"font-size: medium;\">Altera a reda\u00e7\u00e3o de dispositivos da Portaria n\u00ba 12, de 29 de dezembro de 2015.<\/span><\/span><\/p>\n<\/td>\n<td style=\"text-align: center; width: 10%;\"><a href=\"http:\/\/mpc.ba.gov.br\/m\/wp-content\/uploads\/2025\/01\/PORTARIA-01.2024-Altera-a-Portaria-no-12.2015-Atualizacao-de-Redacao-Assinada.pdf\">Visualizar<\/a><\/td>\n<\/tr>\n<tr style=\"height: 136px;\">\n<td style=\"text-align: center; width: 15%; height: 136px;\">002.2023<\/td>\n<td style=\"text-align: center; width: 10%; height: 136px;\">06.07.2023<\/td>\n<td style=\"width: 62.9441%; text-align: center; height: 136px;\">\n<p align=\"center\"><span style=\"font-family: Times New Roman, serif;\"><span style=\"font-size: medium;\">Disp\u00f5e sobre a lota\u00e7\u00e3o e cohttp:\/\/mpc.ba.gov.br\/m\/wp-content\/uploads\/2025\/01\/PORTARIA-01.2024-Altera-a-Portaria-no-12.2015-Atualizacao-de-Redacao-Assinada.pdfordena\u00e7\u00e3o<br \/>\ndos N\u00facleos Tem\u00e1ticos de Atua\u00e7\u00e3o<br \/>\n(&#8220;NTA&#8221;).<\/span><\/span><\/p>\n<\/td>\n<td style=\"text-align: center; width: 10%; height: 136px;\"><a href=\"http:\/\/mpc.ba.gov.br\/m\/wp-content\/uploads\/2023\/07\/Portaria-MPC-no-02-2023-Lotacao-dos-NTA\u00b4s-Assinada-Dra.-ALine.pdf\">Visualizar<\/a><\/td>\n<\/tr>\n<tr style=\"height: 102px;\">\n<td style=\"text-align: center; width: 15%; height: 102px;\">001.2023<\/td>\n<td style=\"text-align: center; width: 10%; height: 102px;\">16.03.2023<\/td>\n<td style=\"width: 62.9441%; text-align: center; height: 102px;\">\n<p align=\"center\"><span style=\"font-family: Times New Roman, serif;\"><span style=\"font-size: medium;\">Altera a reda\u00e7\u00e3o de dispositivos da<br \/>\nPortaria n\u00ba 01, de 28 de abril de 2022.<\/span><\/span><\/p>\n<\/td>\n<td style=\"text-align: center; width: 10%; height: 102px;\"><a href=\"http:\/\/mpc.ba.gov.br\/m\/wp-content\/uploads\/2023\/07\/PORTARIA-01.2023-Altera-a-Portaria-no-01.2022-teletrabalho-1.pdf\">Visualizar<\/a><\/td>\n<\/tr>\n<tr style=\"height: 136px;\">\n<td style=\"text-align: center; width: 15%; height: 136px;\">003.2022<\/td>\n<td style=\"text-align: center; width: 10%; height: 136px;\">26.12.2022<\/td>\n<td style=\"width: 62.9441%; text-align: center; height: 136px;\">\n<p align=\"center\"><span style=\"font-family: Times New Roman, serif;\"><span style=\"font-size: medium;\">Disciplina a lota\u00e7\u00e3o das procuradorias de<br \/>\ncontas para o bi\u00eanio 2023\/2024 e d\u00e1 outras<br \/>\nprovid\u00eancias. <\/span><\/span><\/p>\n<\/td>\n<td style=\"text-align: center; width: 10%; height: 136px;\"><a href=\"http:\/\/mpc.ba.gov.br\/m\/wp-content\/uploads\/2022\/12\/PORTARIA-03.2022-rodizio-procuradorias-Bienio-2023.2024-versao-assinatura.pdf\">Visualizar<\/a><\/td>\n<\/tr>\n<tr style=\"height: 169px;\">\n<td style=\"text-align: center; width: 15%; height: 169px;\">002.2022<\/td>\n<td style=\"text-align: center; width: 10%; height: 169px;\">30.05.2022<\/td>\n<td style=\"width: 62.9441%; text-align: center; height: 169px;\">\n<p align=\"center\"><span style=\"font-family: Times New Roman, serif;\"><span style=\"font-size: medium;\">Revoga a Portaria MPC-BA n\u00ba 05, de 15 de outubro de 2014, que<br \/>\nRegulamenta as f\u00e9rias dos Procuradores e servidores do Minist\u00e9rio<br \/>\nP\u00fablico junto ao Tribunal de Contas dos Munic\u00edpios do Estado da<br \/>\nBahia e d\u00e1 outras provid\u00eancias.<\/span><\/span><\/p>\n<\/td>\n<td style=\"text-align: center; width: 10%; height: 169px;\"><a href=\"http:\/\/mpc.ba.gov.br\/m\/wp-content\/uploads\/2022\/05\/PORTARIA-No-02_2022_REVOGA_PORTARIA_MPC_05_FERIAS.pdf\">Visualizar<\/a><\/td>\n<\/tr>\n<tr style=\"height: 136px;\">\n<td style=\"text-align: center; width: 15%; height: 136px;\">001.2022<\/td>\n<td style=\"text-align: center; width: 10%; height: 136px;\">28.04.2022<\/td>\n<td style=\"width: 62.9441%; text-align: center; height: 136px;\">\n<p align=\"center\"><span style=\"font-family: Times New Roman, serif;\"><span style=\"font-size: medium;\">Regulamenta o teletrabalho no \u00e2mbito do Minist\u00e9rio P\u00fablico de<br \/>\nContas junto ao Tribunal de Contas dos Munic\u00edpios do Estado<br \/>\nda Bahia.<\/span><\/span><\/p>\n<\/td>\n<td style=\"text-align: center; width: 10%; height: 136px;\"><a href=\"http:\/\/mpc.ba.gov.br\/m\/wp-content\/uploads\/2022\/05\/PORTARIA-No-001_2022_TELETRABALHO_MPC_Versao_Final_28.04.pdf\">Visualizar<\/a><\/td>\n<\/tr>\n<tr style=\"height: 169px;\">\n<td style=\"text-align: center; width: 15%; height: 169px;\">004.2020<\/td>\n<td style=\"text-align: center; width: 10%; height: 169px;\">23.12.2020<\/td>\n<td style=\"width: 62.9441%; text-align: center; height: 169px;\">\n<p align=\"center\"><span style=\"font-family: Times New Roman, serif;\"><span style=\"font-size: medium;\">Altera a reda\u00e7\u00e3o de dispositivos da Portaria n\u00ba 12, de 29 de dezembro de 2015, para ampliar o rol de processos que ser\u00e3o submetidos \u00e0 an\u00e1lise do Minist\u00e9rio P\u00fablico de Contas, em conformidade com o art. 5\u00ba, inciso II, da Lei Estadual n\u00ba 12.207\/11.<\/span><\/span><\/p>\n<\/td>\n<td style=\"text-align: center; width: 10%; height: 169px;\">\u00a0<a href=\"http:\/\/mpc.ba.gov.br\/m\/wp-content\/uploads\/2020\/12\/PORTARIA-04.2020-Altera-a-Portaria-n\u00ba-12.2015-atualiza\u00e7\u00e3o-da-matriz-de-processos-MPC.pdf\">Visualizar<\/a><\/td>\n<\/tr>\n<tr style=\"height: 100px;\">\n<td style=\"text-align: center; width: 15%; height: 100px;\">003.2020<\/td>\n<td style=\"text-align: center; width: 10%; height: 100px;\">22.12.2020<\/td>\n<td style=\"width: 62.9441%; text-align: center; height: 100px;\">\n<p align=\"center\">Disp\u00f5e sobre a lota\u00e7\u00e3o das procuradorias de contas para o bi\u00eanio 2021\/2022 e d\u00e1 outras provid\u00eancias.<\/p>\n<\/td>\n<td style=\"text-align: center; width: 10%; height: 100px;\"><a href=\"http:\/\/mpc.ba.gov.br\/m\/wp-content\/uploads\/2020\/12\/PORTARIA-03.2020-rodizio-procuradorias-Bi\u00eanio-2021.2022.pdf\">Visualizar<\/a><\/td>\n<\/tr>\n<tr style=\"height: 136px;\">\n<td style=\"text-align: center; width: 15%; height: 136px;\">002.2020<\/td>\n<td style=\"text-align: center; width: 10%; height: 136px;\">06.11.2020<\/td>\n<td style=\"width: 62.9441%; text-align: center; height: 136px;\">\n<p align=\"center\"><span style=\"font-family: Arial, sans-serif;\"><span style=\"font-size: small;\">Altera a reda\u00e7\u00e3o do artigo 2\u00ba da Portaria n\u00ba 09, de 29 de janeiro de 2015, antecipando a data de elei\u00e7\u00e3o do Procurador-Geral do Minist\u00e9rio P\u00fablico de Contas com atua\u00e7\u00e3o no Tribunal de Contas dos Munic\u00edpios do Estado da Bahia. <\/span><\/span><\/p>\n<\/td>\n<td style=\"text-align: center; width: 10%; height: 136px;\"><a href=\"http:\/\/mpc.ba.gov.br\/m\/wp-content\/uploads\/2020\/11\/PORTARIA-02.2020.pdf\">\u00a0Visualizar<\/a><\/td>\n<\/tr>\n<tr style=\"height: 46px;\">\n<td style=\"text-align: center; width: 15%; height: 46px;\">003.2019<\/td>\n<td style=\"text-align: center; width: 10%; height: 46px;\">08.05.2019<\/td>\n<td style=\"width: 62.9441%; text-align: center; height: 46px;\">Altera a reda\u00e7\u00e3o de dispositivos da Portaria n\u00ba 12, de 29 de Dezembro de 2015.<\/td>\n<td style=\"text-align: center; width: 10%; height: 46px;\"><a href=\"http:\/\/mpc.ba.gov.br\/m\/wp-content\/uploads\/2019\/05\/PORTARIA-03.2019-Altera-a-Portaria-n\u00ba-12.2015.pdf\">Visualizar<\/a><\/td>\n<\/tr>\n<tr style=\"height: 46px;\">\n<td style=\"text-align: center; width: 15%; height: 46px;\">002.2019<\/td>\n<td style=\"text-align: center; width: 10%; height: 46px;\">30.03.2019<\/td>\n<td style=\"width: 62.9441%; text-align: center; height: 46px;\">Disp\u00f5e sobre o teletrabalho no \u00e2mbito do Minist\u00e9rio P\u00fablico de Contas.<\/td>\n<td style=\"text-align: center; width: 10%; height: 46px;\"><a href=\"http:\/\/mpc.ba.gov.br\/m\/wp-content\/uploads\/2019\/03\/PORTARIA-N\u00ba-002_2019-TELETRABALHO_MPC.pdf\">Visualizar<\/a><\/td>\n<\/tr>\n<tr style=\"height: 46px;\">\n<td style=\"text-align: center; width: 15%; height: 46px;\">001.2019<\/td>\n<td style=\"text-align: center; width: 10%; height: 46px;\">30.01.2019<\/td>\n<td style=\"text-align: center; width: 62.9441%; height: 46px;\">Altera a reda\u00e7\u00e3o de dispositivos da Portaria n\u00ba 12, de 29 de dezembro de 2015.<\/td>\n<td style=\"text-align: center; width: 10%; height: 46px;\"><a href=\"http:\/\/mpc.ba.gov.br\/m\/wp-content\/uploads\/2019\/01\/PORTARIA-01.2019-Altera-a-Portaria-n\u00ba-12.2015-3.pdf\">Visualizar<\/a><\/td>\n<\/tr>\n<tr style=\"height: 46px;\">\n<td style=\"text-align: center; width: 15%; height: 46px;\">001.2018<\/td>\n<td style=\"text-align: center; width: 10%; height: 46px;\">22.12.2018<\/td>\n<td style=\"text-align: center; width: 62.9441%; height: 46px;\">Disp\u00f5e sobre a lota\u00e7\u00e3o das procuradorias de contas para o bi\u00eanio 2019\/2020 e d\u00e1 outras provid\u00eancias.<\/td>\n<td style=\"text-align: center; width: 10%; height: 46px;\"><a href=\"http:\/\/mpc.ba.gov.br\/m\/wp-content\/uploads\/2019\/01\/PORTARIA-01.2018-rodizio-procuradorias-Bi\u00eanio-2019.2020-vers\u00e3o-publica\u00e7\u00e3o.pdf\">Visualizar<\/a><\/td>\n<\/tr>\n<tr style=\"height: 46px;\">\n<td style=\"text-align: center; width: 15%; height: 46px;\">001.2017<\/td>\n<td style=\"text-align: center; width: 10%; height: 46px;\">03.01.2017<\/td>\n<td style=\"text-align: center; width: 62.9441%; height: 46px;\">Disp\u00f5e sobre a lota\u00e7\u00e3o das procuradorias de contas para o bi\u00eanio 2017\/2018 e d\u00e1 outras provid\u00eancias.<\/td>\n<td style=\"text-align: center; width: 10%; height: 46px;\"><a href=\"http:\/\/mpc.ba.gov.br\/m\/wp-content\/uploads\/2016\/12\/PORTARIA_MPC_01_2017.pdf\">Visualizar<\/a><\/td>\n<\/tr>\n<tr style=\"height: 116px;\">\n<td style=\"text-align: center; width: 15%; height: 116px;\">005.2016<\/td>\n<td style=\"text-align: center; width: 10%; height: 116px;\">30.12.2016<\/td>\n<td style=\"text-align: center; width: 62.9441%; height: 116px;\">Altera a reda\u00e7\u00e3o do artigo 2\u00ba da Portaria n\u00ba 09, de 29 de janeiro de 2015, antecipando a data de elei\u00e7\u00e3o do Procurador-Geral do Minist\u00e9rio P\u00fablico de Contas com atua\u00e7\u00e3o no Tribunal de Contas dos Munic\u00edpios do Estado da Bahia.<\/td>\n<td style=\"text-align: center; width: 10%; height: 116px;\"><a href=\"http:\/\/mpc.ba.gov.br\/m\/wp-content\/uploads\/2016\/12\/PORTARIA_MPEC_05_2016.pdf\">Visualizar<\/a><\/td>\n<\/tr>\n<tr style=\"height: 116px;\">\n<td style=\"text-align: center; width: 15%; height: 116px;\">004.2016<\/td>\n<td style=\"text-align: center; width: 10%; height: 116px;\">30.12.2016<\/td>\n<td style=\"text-align: center; width: 62.9441%; height: 116px;\">Altera a reda\u00e7\u00e3o de dispositivos da Portaria n\u00ba 12, de 29 de dezembro de 2015, para ampliar o rol de processos que ser\u00e3o submetidos \u00e0 analise do Minist\u00e9rio P\u00fablico de Contas, em conformidade com o art. 5\u00ba, inciso II, da Lei Estadual n\u00ba 12.207\/11.<\/td>\n<td style=\"text-align: center; width: 10%; height: 116px;\"><a href=\"http:\/\/mpc.ba.gov.br\/m\/wp-content\/uploads\/2016\/12\/PORTARIA_MPEC_04_2016.doc.pdf\">Visualizar<\/a><\/td>\n<\/tr>\n<tr style=\"height: 93px;\">\n<td style=\"text-align: center; width: 15%; height: 93px;\">003.2016<\/td>\n<td style=\"text-align: center; width: 10%; height: 93px;\">16.07.2016<\/td>\n<td style=\"text-align: center; width: 62.9441%; height: 93px;\">Disciplina a substitui\u00e7\u00e3o em casos de afastamento ou licen\u00e7a dos titulares das Procuradorias de Contas deste Minist\u00e9rio P\u00fablico de Contas.\u00a0REVOGADA pela Resolu\u00e7\u00e3o MPC\/BA n\u00ba 01 de 30 de dezembro 2016.<\/td>\n<td style=\"text-align: center; width: 10%; height: 93px;\"><a href=\"http:\/\/mpc.ba.gov.br\/m\/wp-content\/uploads\/2016\/11\/PORTARIA-MPC-N\u00ba-03.16-SUBSTITUI\u00c7\u00c3O-DE-PROCURADORES-Revogada.pdf\">Visualizar<\/a><\/td>\n<\/tr>\n<tr style=\"height: 163px;\">\n<td style=\"text-align: center; width: 15%; height: 163px;\">002.2016<\/td>\n<td style=\"text-align: center; width: 10%; height: 163px;\">14.07.2016<\/td>\n<td style=\"text-align: center; width: 62.9441%; height: 163px;\">Altera e insere dispositivos na Portaria n\u00ba 07, de 08 de janeiro de 2015, que disp\u00f5e sobre a atua\u00e7\u00e3o regionalizada dos membros do Minist\u00e9rio P\u00fablico de Contas e regulamenta a distribui\u00e7\u00e3o por grupos dos processos de presta\u00e7\u00e3o de contas, termos de ocorr\u00eancia, den\u00fancias, auditorias, presta\u00e7\u00e3o de contas de entidades civis sem fins lucrativos e OSCIP.<\/td>\n<td style=\"text-align: center; width: 10%; height: 163px;\"><a href=\"http:\/\/mpc.ba.gov.br\/m\/wp-content\/uploads\/2014\/09\/PORTARIA-02.16.pdf\">Visualizar<\/a><\/td>\n<\/tr>\n<tr style=\"height: 133px;\">\n<td style=\"text-align: center; width: 15%; height: 133px;\">001.2016<\/td>\n<td style=\"text-align: center; width: 10%; height: 133px;\">01.03.2016<\/td>\n<td style=\"text-align: center; width: 62.9441%; height: 133px;\">\n<p class=\"Standard\"><span style=\"font-size: 9.0pt; font-family: 'Arial',sans-serif;\">Altera a reda\u00e7\u00e3o de dispositivos da Portaria n\u00ba 07, de 08 de janeiro de 2015, para modificar a distribui\u00e7\u00e3o de processos em raz\u00e3o da ocorr\u00eancia de situa\u00e7\u00f5es de suspei\u00e7\u00e3o e\/ou impedimento.<\/span><\/p>\n<\/td>\n<td style=\"text-align: center; width: 10%; height: 133px;\"><a href=\"http:\/\/mpc.ba.gov.br\/m\/wp-content\/uploads\/2016\/03\/PORTARIA-01.16-MPC.pdf\">Visualizar<\/a><\/td>\n<\/tr>\n<tr style=\"height: 202px;\">\n<td style=\"text-align: center; width: 15%; height: 202px;\">012.2015<\/td>\n<td style=\"text-align: center; width: 10%; height: 202px;\">02.09.2024<\/td>\n<td style=\"width: 62.9441%; text-align: center; height: 202px;\">\n<p align=\"center\"><span style=\"font-family: Times New Roman, serif;\"><span style=\"font-size: small;\">Estabelece normas de racionaliza\u00e7\u00e3o no que tange \u00e0 interven\u00e7\u00e3o do Minist\u00e9rio P\u00fablico de Contas nos processos como fiscal da lei.\u00a0 com as altera\u00e7\u00f5es introduzidas pela Portaria n\u00ba 04, de 30 de dezembro de 2016, pela Portaria n\u00ba 01, de 28 de Janeiro de 2019, pela Portaria n\u00ba 03, de 06 de maio de 2019 e pela Portaria n\u00ba 04, de 23 de dezembro de 2020 e e pela Portaria n\u00ba 01, de 31 de agosto de 2024).<\/span><\/span><\/p>\n<\/td>\n<td style=\"text-align: center; width: 10%; height: 202px;\"><a href=\"http:\/\/mpc.ba.gov.br\/m\/wp-content\/uploads\/2024\/09\/PORTARIA-12.2015-Novas-Alteracoes-Portaria-no-01.2024-Consolidada.pdf\">Visualizar<\/a><\/td>\n<\/tr>\n<tr style=\"height: 93px;\">\n<td style=\"text-align: center; width: 15%; height: 93px;\">011.2015<\/td>\n<td style=\"text-align: center; width: 10%; height: 93px;\">07.08.2015<\/td>\n<td style=\"text-align: center; width: 62.9441%; height: 93px;\">Altera a reda\u00e7\u00e3o de dispositivos da Portaria n\u00ba 07, de 08 de janeiro de 2015, para modificar a distribui\u00e7\u00e3o de processos em raz\u00e3o da ocorr\u00eancia de situa\u00e7\u00f5es de suspei\u00e7\u00e3o e\/ou impedimento.<\/td>\n<td style=\"text-align: center; width: 10%; height: 93px;\"><a href=\"http:\/\/mpc.ba.gov.br\/m\/wp-content\/uploads\/2016\/03\/PORTARIA-11-MPC.pdf\">Visualizar<\/a><\/td>\n<\/tr>\n<tr style=\"height: 116px;\">\n<td style=\"text-align: center; width: 15%; height: 116px;\">010.2015<\/td>\n<td style=\"text-align: center; width: 10%; height: 116px;\">07.07.2015<\/td>\n<td style=\"text-align: center; width: 62.9441%; height: 116px;\">Altera a reda\u00e7\u00e3o de dispositivos da Portaria n\u00ba 07, de 08 de janeiro de 2015, para redu\u00e7\u00e3o do prazo de atua\u00e7\u00e3o regionalizada e altera\u00e7\u00e3o da composi\u00e7\u00e3o de cada Procuradoria de Contas em raz\u00e3o da ocorr\u00eancia de situa\u00e7\u00f5es de suspei\u00e7\u00e3o e\/ou impedimento.<\/td>\n<td style=\"text-align: center; width: 10%; height: 116px;\"><a href=\"http:\/\/mpc.ba.gov.br\/m\/wp-content\/uploads\/2014\/09\/portaria-10-definitiva-11111.pdf\">Visualizar<\/a><\/td>\n<\/tr>\n<tr style=\"height: 230px;\">\n<td style=\"text-align: center; width: 15%; height: 230px;\">009.2015<\/td>\n<td style=\"text-align: center; width: 10%; height: 230px;\">24.02.2015<\/td>\n<td style=\"text-align: center; width: 62.9441%; height: 230px;\">\n<p class=\"western\">Disp\u00f5e sobre o procedimento de elei\u00e7\u00e3o para forma\u00e7\u00e3o da lista tr\u00edplice destinada \u00e0 escolha do Procurador-Geral do Minist\u00e9rio P\u00fablico de Contas com atua\u00e7\u00e3o no Tribunal de Contas dos Munic\u00edpios do Estado da Bahia.\u00a0\u00a0<span style=\"font-size: small;\">(com as altera\u00e7\u00f5es introduzidas pela Portaria MPC-BA n\u00ba 05, de 30 de dezembro de 2016, e pela Portaria MPC-BA n\u00ba 02.2020, de 06 de novembro de 2020).<\/span><\/p>\n<\/td>\n<td style=\"text-align: center; width: 10%; height: 230px;\"><a href=\"http:\/\/mpc.ba.gov.br\/m\/wp-content\/uploads\/2020\/11\/PORTARIA-09.2015-Consolidada.pdf\">Visualizar<\/a><\/td>\n<\/tr>\n<tr style=\"height: 70px;\">\n<td style=\"text-align: center; width: 15%; height: 70px;\">008.2015<\/td>\n<td style=\"text-align: center; width: 10%; height: 70px;\">24.01.2015<\/td>\n<td style=\"text-align: center; width: 62.9441%; height: 70px;\">Disp\u00f5e sobre a atualiza\u00e7\u00e3o da logomarca pr\u00f3pria de identifica\u00e7\u00e3o do Minist\u00e9rio P\u00fablico junto ao Tribunal de Contas dos Munic\u00edpios do Estado da Bahia.<\/td>\n<td style=\"text-align: center; width: 10%; height: 70px;\"><a href=\"http:\/\/mpc.ba.gov.br\/m\/wp-content\/uploads\/2015\/02\/008portaria.pdf\" target=\"_blank\" rel=\"noopener\">Visualizar<\/a><\/td>\n<\/tr>\n<tr style=\"height: 187px;\">\n<td style=\"text-align: center; width: 15%; height: 187px;\">007.2015<\/td>\n<td style=\"text-align: center; width: 10%; height: 187px;\">07.07.2015<\/td>\n<td style=\"text-align: center; width: 62.9441%; height: 187px;\">Disp\u00f5e sobre a atua\u00e7\u00e3o regionalizada dos membros do Minist\u00e9rio P\u00fablico de Contas e regulamenta a distribui\u00e7\u00e3o por grupos dos processos de presta\u00e7\u00e3o de contas, termos de ocorr\u00eancia, den\u00fancias, auditorias, presta\u00e7\u00e3o de contas de entidades civis sem fins lucrativos e OSCIP. (com as altera\u00e7\u00f5es introduzidas pelas Portarias n\u00bas 010\/15, 011\/15, 01\/16 e 02\/16). REVOGADA pela Resolu\u00e7\u00e3o MPC\/BA n\u00ba 01 de 30 de dezembro de 2016.<\/td>\n<td style=\"text-align: center; width: 10%; height: 187px;\"><a href=\"http:\/\/mpc.ba.gov.br\/m\/wp-content\/uploads\/2016\/11\/PORTARIA-7-ATUALIZADA-EM-14.07.16-REVOGADA-1.pdf\">Visualizar<\/a><\/td>\n<\/tr>\n<tr style=\"height: 210px;\">\n<td style=\"text-align: center; width: 15%; height: 210px;\">005.2015<\/td>\n<td style=\"text-align: center; width: 10%; height: 210px;\">24.01.2015<\/td>\n<td style=\"text-align: center; width: 62.9441%; height: 210px;\">Disp\u00f5e sobre as f\u00e9rias dos Procuradores e servidores do Minist\u00e9rio P\u00fablico junto ao TCM\/BA e d\u00e1 outras provid\u00eancias. <span style=\"color: #ff0000;\">(Revogada pela Portaria MPC-BA n\u00ba 05, de 15 de outubro de 2014, que<\/span><br \/>\n<span style=\"color: #ff0000;\">Regulamenta as f\u00e9rias dos Procuradores e servidores do Minist\u00e9rio<\/span><br \/>\n<span style=\"color: #ff0000;\">P\u00fablico junto ao Tribunal de Contas dos Munic\u00edpios do Estado da<\/span><br \/>\n<span style=\"color: #ff0000;\">Bahia e d\u00e1 outras provid\u00eancias).<\/span><\/td>\n<td style=\"text-align: center; width: 10%; height: 210px;\"><a href=\"http:\/\/mpc.ba.gov.br\/m\/wp-content\/uploads\/2015\/02\/portaria005.pdf\" target=\"_blank\" rel=\"noopener\">Visualizar<\/a><\/td>\n<\/tr>\n<tr style=\"height: 46px;\">\n<td style=\"text-align: center; width: 15%; height: 46px;\">004.2015<\/td>\n<td style=\"text-align: center; width: 10%; height: 46px;\">24.02.2015<\/td>\n<td style=\"text-align: center; width: 62.9441%; height: 46px;\">Disp\u00f5e sobre a utiliza\u00e7\u00e3o de carros oficial pelos Membros do Minist\u00e9rio P\u00fablico de Contas do TCM\/BA.<\/td>\n<td style=\"text-align: center; width: 10%; height: 46px;\"><a href=\"http:\/\/mpc.ba.gov.br\/m\/wp-content\/uploads\/2015\/02\/portaria004.pdf\" target=\"_blank\" rel=\"noopener\">Visualizar<\/a><\/td>\n<\/tr>\n<tr style=\"height: 70px;\">\n<td style=\"text-align: center; width: 15%; height: 70px;\">003.2015<\/td>\n<td style=\"text-align: center; width: 10%; height: 70px;\">24.02.2015<\/td>\n<td style=\"text-align: center; width: 62.9441%; height: 70px;\">Regulamenta a substitui\u00e7\u00e3o do Procurador-Geral de Contas nas suas aus\u00eancias e impedimentos e d\u00e1 outras provid\u00eancias.<\/td>\n<td style=\"text-align: center; width: 10%; height: 70px;\"><a href=\"http:\/\/mpc.ba.gov.br\/m\/wp-content\/uploads\/2015\/02\/003portaria-1.pdf\" target=\"_blank\" rel=\"noopener\">Visualizar<\/a><\/td>\n<\/tr>\n<tr style=\"height: 70px;\">\n<td style=\"text-align: center; width: 15%; height: 70px;\">\u00a0002.2015<\/td>\n<td style=\"text-align: center; width: 10%; height: 70px;\">24.02.2015<\/td>\n<td style=\"text-align: center; width: 62.9441%; height: 70px;\">Disp\u00f5e sobre o modelo de Carteira Funcional dos Procuradores do Minist\u00e9rio P\u00fablico junto ao TCM\/BA e d\u00e1 outras provid\u00eancias.<\/td>\n<td style=\"text-align: center; width: 10%; height: 70px;\">\u00a0<a href=\"http:\/\/mpc.ba.gov.br\/m\/wp-content\/uploads\/2015\/02\/PORTARIA0002.pdf\" target=\"_blank\" rel=\"noopener\">Visualizar<\/a><\/td>\n<\/tr>\n<tr style=\"height: 46px;\">\n<td style=\"text-align: center; width: 15%; height: 46px;\">001.2015<\/td>\n<td style=\"text-align: center; width: 10%; height: 46px;\">24.02.2015<\/td>\n<td style=\"text-align: center; width: 62.9441%; height: 46px;\">Disp\u00f5e sobre a institucionaliza\u00e7\u00e3o de logomarca pr\u00f3pria para identificar o Minist\u00e9rio P\u00fablico junto ao TCM\/BA.<\/td>\n<td style=\"text-align: center; width: 10%; height: 46px;\"><a href=\"http:\/\/mpc.ba.gov.br\/m\/wp-content\/uploads\/2015\/02\/001portaria1.pdf\" target=\"_blank\" rel=\"noopener\">Visualizar<\/a><\/td>\n<\/tr>\n<\/tbody>\n<\/table>\n","protected":false},"excerpt":{"rendered":"<p>N\u00daMERO DA PORTARIA DATA DA PUBLICA\u00c7\u00c3O EMENTA VISUALIZAR 002.2024 19.12.2024 Disp\u00f5e sobre lota\u00e7\u00e3o das procuradorias de contas para o bi\u00eanio 2024\/2025 e d\u00e1 outras provid\u00eancias. Visualizar 001.2024 31.08.2024 Altera a reda\u00e7\u00e3o de dispositivos da Portaria n\u00ba 12, de 29 de dezembro de 2015. Visualizar 002.2023 06.07.2023 Disp\u00f5e sobre a lota\u00e7\u00e3o e cohttp:\/\/mpc.ba.gov.br\/m\/wp-content\/uploads\/2025\/01\/PORTARIA-01.2024-Altera-a-Portaria-no-12.2015-Atualizacao-de-Redacao-Assinada.pdfordena\u00e7\u00e3o dos N\u00facleos Tem\u00e1ticos [&hellip;]<\/p>\n","protected":false},"author":2,"featured_media":0,"parent":353,"menu_order":0,"comment_status":"open","ping_status":"open","template":"page-fullwidth.php","meta":{"footnotes":""},"class_list":["post-65","page","type-page","status-publish","hentry"],"_links":{"self":[{"href":"http:\/\/mpc.ba.gov.br\/m\/wp-json\/wp\/v2\/pages\/65","targetHints":{"allow":["GET"]}}],"collection":[{"href":"http:\/\/mpc.ba.gov.br\/m\/wp-json\/wp\/v2\/pages"}],"about":[{"href":"http:\/\/mpc.ba.gov.br\/m\/wp-json\/wp\/v2\/types\/page"}],"author":[{"embeddable":true,"href":"http:\/\/mpc.ba.gov.br\/m\/wp-json\/wp\/v2\/users\/2"}],"replies":[{"embeddable":true,"href":"http:\/\/mpc.ba.gov.br\/m\/wp-json\/wp\/v2\/comments?post=65"}],"version-history":[{"count":97,"href":"http:\/\/mpc.ba.gov.br\/m\/wp-json\/wp\/v2\/pages\/65\/revisions"}],"predecessor-version":[{"id":5689,"href":"http:\/\/mpc.ba.gov.br\/m\/wp-json\/wp\/v2\/pages\/65\/revisions\/5689"}],"up":[{"embeddable":true,"href":"http:\/\/mpc.ba.gov.br\/m\/wp-json\/wp\/v2\/pages\/353"}],"wp:attachment":[{"href":"http:\/\/mpc.ba.gov.br\/m\/wp-json\/wp\/v2\/media?parent=65"}],"curies":[{"name":"wp","href":"https:\/\/api.w.org\/{rel}","templated":true}]}}