{"id":693,"date":"2014-12-03T12:43:41","date_gmt":"2014-12-03T12:43:41","guid":{"rendered":"http:\/\/mpc.ba.gov.br\/m\/?page_id=693"},"modified":"2015-10-28T03:32:22","modified_gmt":"2015-10-28T03:32:22","slug":"artigos-e-publicacoes","status":"publish","type":"page","link":"http:\/\/mpc.ba.gov.br\/m\/publicacoes\/artigos-e-publicacoes\/","title":{"rendered":"Artigos"},"content":{"rendered":"<table style=\"width: 100%;\" summary=\"Submitted table designs\">\n<thead>\n<tr>\n<th scope=\"col\" width=\"90\">DATA DA PUBLICA\u00c7\u00c3O<\/th>\n<th scope=\"col\" width=\"90\">N\u00daMERO DO PROCESSO<\/th>\n<th scope=\"col\" width=\"90\">EMENTA<\/th>\n<th scope=\"col\" width=\"10%\">VISUALIZAR<\/th>\n<\/tr>\n<\/thead>\n<tbody>\n<tr>\n<td style=\"text-align: center;\">\u00a024.02.2015<\/td>\n<td style=\"text-align: center;\">002.15<\/td>\n<td style=\"text-align: center;\">O MINIST\u00c9RIO P\u00daBLICO ESPECIAL E SEUS PRINC\u00cdPIOS FUNDAMENTAIS &#8211; CELESTINO GOULART E FERNANDO AUGUSTO MELLO GUIMAR\u00c3ES.<\/td>\n<td style=\"text-align: center;\"><a href=\"http:\/\/mpc.ba.gov.br\/m\/wp-content\/uploads\/2014\/12\/OMPEEPRINCIPIO.pdf\">Visualizar<\/a><\/td>\n<\/tr>\n<tr>\n<td style=\"text-align: center;\">\u00a024.02.2015<\/td>\n<td style=\"text-align: center;\">001.15<\/td>\n<td style=\"text-align: center;\">O MINIST\u00c9RIO P\u00daBLICO JUNTO AOS TRIBUNAIS DE CONTAS &#8211; JOS\u00c9 AFONSO DA SILVA &#8211; PROFESSOR TITULAR APOSENTADO DA FD\/USP.<\/td>\n<td style=\"text-align: center;\"><a href=\"http:\/\/mpc.ba.gov.br\/m\/wp-content\/uploads\/2014\/12\/OMPJUNTOAOSTRIBUNAIS.pdf\">Visualizar<\/a><\/td>\n<\/tr>\n<\/tbody>\n<\/table>\n","protected":false},"excerpt":{"rendered":"<p>DATA DA PUBLICA\u00c7\u00c3O N\u00daMERO DO PROCESSO EMENTA VISUALIZAR \u00a024.02.2015 002.15 O MINIST\u00c9RIO P\u00daBLICO ESPECIAL E SEUS PRINC\u00cdPIOS FUNDAMENTAIS &#8211; CELESTINO GOULART E FERNANDO AUGUSTO MELLO GUIMAR\u00c3ES. Visualizar \u00a024.02.2015 001.15 O MINIST\u00c9RIO P\u00daBLICO JUNTO AOS TRIBUNAIS DE CONTAS &#8211; JOS\u00c9 AFONSO DA SILVA &#8211; PROFESSOR TITULAR APOSENTADO DA FD\/USP. Visualizar<\/p>\n","protected":false},"author":1,"featured_media":0,"parent":357,"menu_order":0,"comment_status":"open","ping_status":"open","template":"page-fullwidth.php","meta":{"footnotes":""},"class_list":["post-693","page","type-page","status-publish","hentry"],"_links":{"self":[{"href":"http:\/\/mpc.ba.gov.br\/m\/wp-json\/wp\/v2\/pages\/693","targetHints":{"allow":["GET"]}}],"collection":[{"href":"http:\/\/mpc.ba.gov.br\/m\/wp-json\/wp\/v2\/pages"}],"about":[{"href":"http:\/\/mpc.ba.gov.br\/m\/wp-json\/wp\/v2\/types\/page"}],"author":[{"embeddable":true,"href":"http:\/\/mpc.ba.gov.br\/m\/wp-json\/wp\/v2\/users\/1"}],"replies":[{"embeddable":true,"href":"http:\/\/mpc.ba.gov.br\/m\/wp-json\/wp\/v2\/comments?post=693"}],"version-history":[{"count":7,"href":"http:\/\/mpc.ba.gov.br\/m\/wp-json\/wp\/v2\/pages\/693\/revisions"}],"predecessor-version":[{"id":1664,"href":"http:\/\/mpc.ba.gov.br\/m\/wp-json\/wp\/v2\/pages\/693\/revisions\/1664"}],"up":[{"embeddable":true,"href":"http:\/\/mpc.ba.gov.br\/m\/wp-json\/wp\/v2\/pages\/357"}],"wp:attachment":[{"href":"http:\/\/mpc.ba.gov.br\/m\/wp-json\/wp\/v2\/media?parent=693"}],"curies":[{"name":"wp","href":"https:\/\/api.w.org\/{rel}","templated":true}]}}