{"id":718,"date":"2015-01-21T17:53:34","date_gmt":"2015-01-21T17:53:34","guid":{"rendered":"http:\/\/mpc.ba.gov.br\/m\/?page_id=718"},"modified":"2017-04-03T23:26:52","modified_gmt":"2017-04-03T23:26:52","slug":"procurador-danilo-diamantino","status":"publish","type":"page","link":"http:\/\/mpc.ba.gov.br\/m\/composicao\/procurador-danilo-diamantino\/","title":{"rendered":"Procurador Danilo Diamantino"},"content":{"rendered":"<p>Graduado em Direito pela Universidade Cat\u00f3lica do Salvador<\/p>\n<p>P\u00f3s-Graduado em Direito P\u00fablico Municipal pela UCSAL<\/p>\n","protected":false},"excerpt":{"rendered":"<p>Graduado em Direito pela Universidade Cat\u00f3lica do Salvador P\u00f3s-Graduado em Direito P\u00fablico Municipal pela UCSAL<\/p>\n","protected":false},"author":3,"featured_media":0,"parent":162,"menu_order":0,"comment_status":"open","ping_status":"open","template":"page-fullwidth.php","meta":{"footnotes":""},"class_list":["post-718","page","type-page","status-publish","hentry"],"_links":{"self":[{"href":"http:\/\/mpc.ba.gov.br\/m\/wp-json\/wp\/v2\/pages\/718","targetHints":{"allow":["GET"]}}],"collection":[{"href":"http:\/\/mpc.ba.gov.br\/m\/wp-json\/wp\/v2\/pages"}],"about":[{"href":"http:\/\/mpc.ba.gov.br\/m\/wp-json\/wp\/v2\/types\/page"}],"author":[{"embeddable":true,"href":"http:\/\/mpc.ba.gov.br\/m\/wp-json\/wp\/v2\/users\/3"}],"replies":[{"embeddable":true,"href":"http:\/\/mpc.ba.gov.br\/m\/wp-json\/wp\/v2\/comments?post=718"}],"version-history":[{"count":13,"href":"http:\/\/mpc.ba.gov.br\/m\/wp-json\/wp\/v2\/pages\/718\/revisions"}],"predecessor-version":[{"id":1865,"href":"http:\/\/mpc.ba.gov.br\/m\/wp-json\/wp\/v2\/pages\/718\/revisions\/1865"}],"up":[{"embeddable":true,"href":"http:\/\/mpc.ba.gov.br\/m\/wp-json\/wp\/v2\/pages\/162"}],"wp:attachment":[{"href":"http:\/\/mpc.ba.gov.br\/m\/wp-json\/wp\/v2\/media?parent=718"}],"curies":[{"name":"wp","href":"https:\/\/api.w.org\/{rel}","templated":true}]}}