{"id":782,"date":"2015-01-22T18:59:09","date_gmt":"2015-01-22T18:59:09","guid":{"rendered":"http:\/\/mpc.ba.gov.br\/m\/?page_id=782"},"modified":"2024-01-17T11:19:47","modified_gmt":"2024-01-17T11:19:47","slug":"assessoria","status":"publish","type":"page","link":"http:\/\/mpc.ba.gov.br\/m\/institucional\/estrutura-organizacional\/assessoria\/","title":{"rendered":"Assessoria"},"content":{"rendered":"<p>Conforme o artigo 7\u00ba da Lei Estadual n\u00ba 12.207\/11:<\/p>\n<p>Art. 7\u00ba \u201cO Tribunal providenciar\u00e1 a estrutura necess\u00e1ria ao funcionamento do Gabinete do Procurador-Geral, nele lotando servidores que deem apoio t\u00e9cnico e administrativo a suas atividades\u201d<\/p>\n<p>Neste sentido, o TCM-Ba disponibilizou ao Minist\u00e9rio P\u00fablico de Contas, quatro Auditores Estaduais de Controle Externo. Os Procuradores de Contas contam ainda com a assessoria de seis Secret\u00e1rios Assistentes do Minist\u00e9rio P\u00fablico\u2013DAS(3), um Assessor do Minist\u00e9rio P\u00fablico\u2013DAS(4) e um Auxiliar de Gabinete I do Minist\u00e9rio P\u00fablico\u2013DAI(4), para o desempenho adequado de suas atividades.<\/p>\n","protected":false},"excerpt":{"rendered":"<p>Conforme o artigo 7\u00ba da Lei Estadual n\u00ba 12.207\/11: Art. 7\u00ba \u201cO Tribunal providenciar\u00e1 a estrutura necess\u00e1ria ao funcionamento do Gabinete do Procurador-Geral, nele lotando servidores que deem apoio t\u00e9cnico e administrativo a suas atividades\u201d Neste sentido, o TCM-Ba disponibilizou ao Minist\u00e9rio P\u00fablico de Contas, quatro Auditores Estaduais de Controle Externo. Os Procuradores de Contas [&hellip;]<\/p>\n","protected":false},"author":3,"featured_media":0,"parent":45,"menu_order":0,"comment_status":"open","ping_status":"open","template":"page-fullwidth.php","meta":{"footnotes":""},"class_list":["post-782","page","type-page","status-publish","hentry"],"_links":{"self":[{"href":"http:\/\/mpc.ba.gov.br\/m\/wp-json\/wp\/v2\/pages\/782","targetHints":{"allow":["GET"]}}],"collection":[{"href":"http:\/\/mpc.ba.gov.br\/m\/wp-json\/wp\/v2\/pages"}],"about":[{"href":"http:\/\/mpc.ba.gov.br\/m\/wp-json\/wp\/v2\/types\/page"}],"author":[{"embeddable":true,"href":"http:\/\/mpc.ba.gov.br\/m\/wp-json\/wp\/v2\/users\/3"}],"replies":[{"embeddable":true,"href":"http:\/\/mpc.ba.gov.br\/m\/wp-json\/wp\/v2\/comments?post=782"}],"version-history":[{"count":22,"href":"http:\/\/mpc.ba.gov.br\/m\/wp-json\/wp\/v2\/pages\/782\/revisions"}],"predecessor-version":[{"id":5465,"href":"http:\/\/mpc.ba.gov.br\/m\/wp-json\/wp\/v2\/pages\/782\/revisions\/5465"}],"up":[{"embeddable":true,"href":"http:\/\/mpc.ba.gov.br\/m\/wp-json\/wp\/v2\/pages\/45"}],"wp:attachment":[{"href":"http:\/\/mpc.ba.gov.br\/m\/wp-json\/wp\/v2\/media?parent=782"}],"curies":[{"name":"wp","href":"https:\/\/api.w.org\/{rel}","templated":true}]}}