{"id":81,"date":"2014-09-04T11:30:43","date_gmt":"2014-09-04T14:30:43","guid":{"rendered":"http:\/\/itan.org.br\/mpcto\/?page_id=81"},"modified":"2015-11-10T10:43:33","modified_gmt":"2015-11-10T10:43:33","slug":"pareceres-selecionados","status":"publish","type":"page","link":"http:\/\/mpc.ba.gov.br\/m\/publicacoes\/pareceres-selecionados\/","title":{"rendered":"Pareceres Selecionados"},"content":{"rendered":"<table style=\"width: 100%;\" summary=\"Submitted table designs\">\n<thead>\n<tr>\n<th scope=\"col\" width=\"90\">DATA DA PUBLICA\u00c7\u00c3O<\/th>\n<th scope=\"col\" width=\"90\">N\u00ba DO PROCESSO<\/th>\n<th scope=\"col\" width=\"90\">EMENTA<\/th>\n<th scope=\"col\" width=\"10%\">VISUALIZAR<\/th>\n<\/tr>\n<\/thead>\n<tbody>\n<tr>\n<td style=\"text-align: center;\">13.10.2015<\/td>\n<td style=\"text-align: center;\">11284-15<\/td>\n<td style=\"text-align: center;\">IRREGULARIDADES NA CONTRATA\u00c7\u00c3O DE TRANSPORTE ESCOLAR NO MUNIC\u00cdPIO DE JEREMOABO.<\/td>\n<td style=\"text-align: center;\"><a href=\"http:\/\/mpc.ba.gov.br\/m\/wp-content\/uploads\/2014\/09\/jeremoabo13.10.15.pdf\">Visualizar<\/a><\/td>\n<\/tr>\n<tr>\n<td style=\"text-align: center;\">24.09.2015<\/td>\n<td style=\"text-align: center;\">09930-15<\/td>\n<td style=\"text-align: center;\">CONTRATA\u00c7\u00c3O DIRETA SEM LICITA\u00c7\u00c3O DE SANIT\u00c1RIOS QU\u00cdMICOS NO MUNIC\u00cdPIO DE IA\u00c7U.<\/td>\n<td style=\"text-align: center;\"><a href=\"http:\/\/mpc.ba.gov.br\/m\/wp-content\/uploads\/2014\/09\/IACU.pdf\">Visualizar<\/a><\/td>\n<\/tr>\n<tr>\n<td style=\"text-align: center;\">\u00a004.09.2105<\/td>\n<td style=\"text-align: center;\">08060-15<\/td>\n<td style=\"text-align: center;\">RESTRI\u00c7\u00c3O AO CAR\u00c1TER COMPETITIVO EM LICITA\u00c7\u00c3O PROMOVIDA PELO MUNIC\u00cdPIO DE VALEN\u00c7A PARA CONTRATA\u00c7\u00c3O DE FORNECIMENTO DE VALE COMBUST\u00cdVEL EM PAPEL E MEIO MAGN\u00c9TICO.<\/td>\n<td style=\"text-align: center;\"><a href=\"http:\/\/mpc.ba.gov.br\/m\/wp-content\/uploads\/2014\/09\/8VALENCA1019.15.pdf\">Visualizar<\/a><\/td>\n<\/tr>\n<tr>\n<td style=\"text-align: center;\">27.08.2015<\/td>\n<td style=\"text-align: center;\">72846-14<\/td>\n<td style=\"text-align: center;\">CONTRATA\u00c7\u00c3O IRREGULAR DE SERVI\u00c7OS ADVOCAT\u00cdCIOS EM TEIXEIRA DE FREITAS POR INTERM\u00c9DIO DA UPB.<\/td>\n<td style=\"text-align: center;\">\u00a0<a href=\"http:\/\/mpc.ba.gov.br\/m\/wp-content\/uploads\/2014\/09\/7TEIXEIRADEFREITAS969.15.pdf\">Visualizar<\/a><\/td>\n<\/tr>\n<tr>\n<td style=\"text-align: center;\">\u00a020.08.2015<\/td>\n<td style=\"text-align: center;\">75940-15<\/td>\n<td style=\"text-align: center;\">PAGAMENTOS IRREGULARES DE DESPESAS DE EXERC\u00cdCIOS ANTERIORES COM RECURSOS DO FUNDEB, FEITOS PELO MUNIC\u00cdPIO DE CAMAMU.<\/td>\n<td style=\"text-align: center;\">\u00a0<a href=\"http:\/\/mpc.ba.gov.br\/m\/wp-content\/uploads\/2014\/09\/6CAMAMU933.15.pdf\">Visualizar<\/a><\/td>\n<\/tr>\n<tr>\n<td style=\"text-align: center;\">\u00a018.08.2015<\/td>\n<td style=\"text-align: center;\">79870-14<\/td>\n<td style=\"text-align: center;\">CONTRATA\u00c7\u00d5ES IRREGULARES DE BANDAS E SHOWS ART\u00cdSTICOS NO MUNIC\u00cdPIO DE CURA\u00c7\u00c1.<\/td>\n<td style=\"text-align: center;\"><a href=\"http:\/\/mpc.ba.gov.br\/m\/wp-content\/uploads\/2014\/09\/5CURACA907.15.pdf\">Visualizar<\/a><\/td>\n<\/tr>\n<tr>\n<td style=\"text-align: center;\">\u00a005.08.2015<\/td>\n<td style=\"text-align: center;\">26931-15<\/td>\n<td style=\"text-align: center;\">PREG\u00c3O PARA A CONTRATA\u00c7\u00c3O DE EMPRESA PARA EXECU\u00c7\u00c3O DE &#8220;SERVI\u00c7OS DE MONITORAMENTO AMBIENTAL E OPERACIONAL&#8221; NO MUNIC\u00cdPIO DE VERA CRUZ. MODALIDADE INADEQUADA.<\/td>\n<td style=\"text-align: center;\"><a href=\"http:\/\/mpc.ba.gov.br\/m\/wp-content\/uploads\/2014\/09\/4VERACRUZ752.15.pdf\">Visualizar<\/a><\/td>\n<\/tr>\n<tr>\n<td style=\"text-align: center;\">21.07.2015<\/td>\n<td style=\"text-align: center;\">26994-15<\/td>\n<td style=\"text-align: center;\">CONTRATA\u00c7\u00c3O IRREGULAR DE ESCRIT\u00d3RIO DE ADVOCACIA POR INEXIBILIDADE DE LICITA\u00c7\u00c3O NO MUNIC\u00cdPIO DE VERA CRUZ.<\/td>\n<td style=\"text-align: center;\"><a href=\"http:\/\/mpc.ba.gov.br\/m\/wp-content\/uploads\/2014\/09\/3VERA-CRUZ-719.15.pdf\">Visualizar<\/a><\/td>\n<\/tr>\n<tr>\n<td style=\"text-align: center;\">\u00a020.07.2015<\/td>\n<td style=\"text-align: center;\">52971-14<\/td>\n<td style=\"text-align: center;\">ACUMULA\u00c7\u00c3O DE CARGOS P\u00daBLICOS NO MUNIC\u00cdPIO DE ARA\u00c7\u00c1S.<\/td>\n<td style=\"text-align: center;\"><a href=\"http:\/\/mpc.ba.gov.br\/m\/wp-content\/uploads\/2014\/09\/2ARACAS708.15.pdf\">Visualizar\u00a0<\/a><\/td>\n<\/tr>\n<tr>\n<td style=\"text-align: center;\">30.06.2015<\/td>\n<td style=\"text-align: center;\">05217-15<\/td>\n<td style=\"text-align: center;\">VIOLA\u00c7\u00c3O \u00c0 REGRA DO CONCURSO P\u00daBLICO. NOMEA\u00c7\u00c3O DE PROCURADORES NO MUNIC\u00cdPIO DE IGAPOR\u00c3 PARA CARGOS EM COMISS\u00c3O.<\/td>\n<td style=\"text-align: center;\"><a href=\"http:\/\/mpc.ba.gov.br\/m\/wp-content\/uploads\/2014\/09\/1IGAPORA578.15.pdf\">Visualizar<\/a><\/td>\n<\/tr>\n<tr>\n<td style=\"text-align: center;\">02.11.2013<\/td>\n<td style=\"text-align: center;\">12628-10<\/td>\n<td style=\"text-align: center;\">AUDITORIA NA\u00a0SUCOM, SEDHAM e SECRETARIA MUNICIPAL DA FAZENDA DE SALVADOR.<\/td>\n<td style=\"text-align: center;\"><a href=\"http:\/\/mpc.ba.gov.br\/m\/wp-content\/uploads\/2015\/02\/parecerselecionado001.pdf\">Visualizar<\/a><\/td>\n<\/tr>\n<\/tbody>\n<\/table>\n","protected":false},"excerpt":{"rendered":"<p>DATA DA PUBLICA\u00c7\u00c3O N\u00ba DO PROCESSO EMENTA VISUALIZAR 13.10.2015 11284-15 IRREGULARIDADES NA CONTRATA\u00c7\u00c3O DE TRANSPORTE ESCOLAR NO MUNIC\u00cdPIO DE JEREMOABO. Visualizar 24.09.2015 09930-15 CONTRATA\u00c7\u00c3O DIRETA SEM LICITA\u00c7\u00c3O DE SANIT\u00c1RIOS QU\u00cdMICOS NO MUNIC\u00cdPIO DE IA\u00c7U. Visualizar \u00a004.09.2105 08060-15 RESTRI\u00c7\u00c3O AO CAR\u00c1TER COMPETITIVO EM LICITA\u00c7\u00c3O PROMOVIDA PELO MUNIC\u00cdPIO DE VALEN\u00c7A PARA CONTRATA\u00c7\u00c3O DE FORNECIMENTO DE VALE COMBUST\u00cdVEL [&hellip;]<\/p>\n","protected":false},"author":2,"featured_media":0,"parent":357,"menu_order":0,"comment_status":"open","ping_status":"open","template":"page-fullwidth.php","meta":{"footnotes":""},"class_list":["post-81","page","type-page","status-publish","hentry"],"_links":{"self":[{"href":"http:\/\/mpc.ba.gov.br\/m\/wp-json\/wp\/v2\/pages\/81","targetHints":{"allow":["GET"]}}],"collection":[{"href":"http:\/\/mpc.ba.gov.br\/m\/wp-json\/wp\/v2\/pages"}],"about":[{"href":"http:\/\/mpc.ba.gov.br\/m\/wp-json\/wp\/v2\/types\/page"}],"author":[{"embeddable":true,"href":"http:\/\/mpc.ba.gov.br\/m\/wp-json\/wp\/v2\/users\/2"}],"replies":[{"embeddable":true,"href":"http:\/\/mpc.ba.gov.br\/m\/wp-json\/wp\/v2\/comments?post=81"}],"version-history":[{"count":31,"href":"http:\/\/mpc.ba.gov.br\/m\/wp-json\/wp\/v2\/pages\/81\/revisions"}],"predecessor-version":[{"id":1709,"href":"http:\/\/mpc.ba.gov.br\/m\/wp-json\/wp\/v2\/pages\/81\/revisions\/1709"}],"up":[{"embeddable":true,"href":"http:\/\/mpc.ba.gov.br\/m\/wp-json\/wp\/v2\/pages\/357"}],"wp:attachment":[{"href":"http:\/\/mpc.ba.gov.br\/m\/wp-json\/wp\/v2\/media?parent=81"}],"curies":[{"name":"wp","href":"https:\/\/api.w.org\/{rel}","templated":true}]}}