{"id":83,"date":"2014-09-04T11:31:02","date_gmt":"2014-09-04T14:31:02","guid":{"rendered":"http:\/\/itan.org.br\/mpcto\/?page_id=83"},"modified":"2022-07-06T19:45:17","modified_gmt":"2022-07-06T19:45:17","slug":"recomendacoes","status":"publish","type":"page","link":"http:\/\/mpc.ba.gov.br\/m\/publicacoes\/recomendacoes\/","title":{"rendered":"Recomenda\u00e7\u00f5es"},"content":{"rendered":"<table style=\"width: 100%; height: 656px;\" summary=\"Submitted table designs\">\n<thead>\n<tr style=\"height: 44px;\">\n<th style=\"height: 44px;\" scope=\"col\" width=\"90\">N\u00daMERO DA RECOMENDA\u00c7\u00c3O<\/th>\n<th style=\"height: 44px;\" scope=\"col\" width=\"90\">DATA DA PUBLICA\u00c7\u00c3O<\/th>\n<th style=\"height: 44px;\" scope=\"col\" width=\"90\">EMENTA<\/th>\n<th style=\"height: 44px;\" scope=\"col\" width=\"10%\">VISUALIZAR<\/th>\n<\/tr>\n<\/thead>\n<tbody>\n<tr>\n<td style=\"text-align: center;\">001.2022<\/td>\n<td style=\"text-align: center;\">03.06.2022<\/td>\n<td style=\"text-align: center;\">Recomenda\u00e7\u00e3o aos munic\u00edpios<br \/>baianos para realiza\u00e7\u00e3o de<br \/>busca ativa, visando a<br \/>diminui\u00e7\u00e3o dos \u00edndices de<br \/>evas\u00e3o escolar e o cumprimento<br \/>das metas do Plano Nacional de<br \/>Educa\u00e7\u00e3o &#8211; PNE.<\/td>\n<td style=\"text-align: center;\"><a href=\"http:\/\/mpc.ba.gov.br\/m\/wp-content\/uploads\/2022\/07\/Recomendacao.pdf\">Visualizar<\/a><\/td>\n<\/tr>\n<tr style=\"height: 24px;\">\n<td style=\"text-align: center; height: 24px;\">001.2021<\/td>\n<td style=\"text-align: center; height: 24px;\">19.06.2021<\/td>\n<td style=\"text-align: center; height: 24px;\">Recomenda aos Munic\u00edpios Baianos, orienta\u00e7\u00f5es \u00e0 realiza\u00e7\u00e3o de &#8220;lives juninas&#8221; 2021.<\/td>\n<td style=\"text-align: center; height: 24px;\"><a href=\"http:\/\/mpc.ba.gov.br\/m\/wp-content\/uploads\/2021\/06\/Recomendacao-Municipios-Baianos-Sao-Joao-2021-2.pdf\">Visualizar<\/a><\/td>\n<\/tr>\n<tr style=\"height: 324px;\">\n<td style=\"text-align: center; height: 324px;\">002.2020<\/td>\n<td style=\"text-align: center; height: 324px;\">05.05.2020<\/td>\n<td style=\"text-align: center; height: 324px;\">Recomenda aos Munic\u00edpios Baianos, atrav\u00e9s dos Gestores, que disponibilizem no site oficial do munic\u00edpio todas as a\u00e7\u00f5es no combate ao COVID-19, e todas as contrata\u00e7\u00f5es e despesas realizadas pelo Munic\u00edpio para o enfrentamento da Pandemia.<\/td>\n<td style=\"text-align: center; height: 324px;\"><a href=\"http:\/\/mpc.ba.gov.br\/m\/wp-content\/uploads\/2020\/05\/Recomenda\u00e7\u00e3o-MPC-02.2020-Munic\u00edpios-Baianos-Portal-da-Transpar\u00eancia.pdf\">Visualizar<\/a><\/td>\n<\/tr>\n<tr style=\"height: 264px;\">\n<td style=\"text-align: center; height: 264px;\">001.2020<\/td>\n<td style=\"text-align: center; height: 264px;\">07.04.2020<\/td>\n<td style=\"text-align: center; height: 264px;\">Recomenda\u00e7\u00e3o aos Gestores para que durante o per\u00edodo de combate \u00e0 COVID-19, se ABSTENHAM de autorizar a realiza\u00e7\u00e3o de despesas com festejos de qualquer natureza.<\/td>\n<td style=\"text-align: center; height: 264px;\"><a href=\"http:\/\/mpc.ba.gov.br\/m\/wp-content\/uploads\/2020\/04\/Recomenda\u00e7\u00e3o-Munic\u00edpios-Baianos-S\u00e3o-Jo\u00e3o-2020-Calamidade-COVID19-vers\u00e3o-final.pdf\">Visualizar<\/a><\/td>\n<\/tr>\n<\/tbody>\n<\/table>\n\n","protected":false},"excerpt":{"rendered":"<p>N\u00daMERO DA RECOMENDA\u00c7\u00c3O DATA DA PUBLICA\u00c7\u00c3O EMENTA VISUALIZAR 001.2022 03.06.2022 Recomenda\u00e7\u00e3o aos munic\u00edpiosbaianos para realiza\u00e7\u00e3o debusca ativa, visando adiminui\u00e7\u00e3o dos \u00edndices deevas\u00e3o escolar e o cumprimentodas metas do Plano Nacional deEduca\u00e7\u00e3o &#8211; PNE. Visualizar 001.2021 19.06.2021 Recomenda aos Munic\u00edpios Baianos, orienta\u00e7\u00f5es \u00e0 realiza\u00e7\u00e3o de &#8220;lives juninas&#8221; 2021. Visualizar 002.2020 05.05.2020 Recomenda aos Munic\u00edpios Baianos, atrav\u00e9s [&hellip;]<\/p>\n","protected":false},"author":2,"featured_media":0,"parent":357,"menu_order":0,"comment_status":"open","ping_status":"open","template":"page-fullwidth.php","meta":{"footnotes":""},"class_list":["post-83","page","type-page","status-publish","hentry"],"_links":{"self":[{"href":"http:\/\/mpc.ba.gov.br\/m\/wp-json\/wp\/v2\/pages\/83","targetHints":{"allow":["GET"]}}],"collection":[{"href":"http:\/\/mpc.ba.gov.br\/m\/wp-json\/wp\/v2\/pages"}],"about":[{"href":"http:\/\/mpc.ba.gov.br\/m\/wp-json\/wp\/v2\/types\/page"}],"author":[{"embeddable":true,"href":"http:\/\/mpc.ba.gov.br\/m\/wp-json\/wp\/v2\/users\/2"}],"replies":[{"embeddable":true,"href":"http:\/\/mpc.ba.gov.br\/m\/wp-json\/wp\/v2\/comments?post=83"}],"version-history":[{"count":11,"href":"http:\/\/mpc.ba.gov.br\/m\/wp-json\/wp\/v2\/pages\/83\/revisions"}],"predecessor-version":[{"id":4687,"href":"http:\/\/mpc.ba.gov.br\/m\/wp-json\/wp\/v2\/pages\/83\/revisions\/4687"}],"up":[{"embeddable":true,"href":"http:\/\/mpc.ba.gov.br\/m\/wp-json\/wp\/v2\/pages\/357"}],"wp:attachment":[{"href":"http:\/\/mpc.ba.gov.br\/m\/wp-json\/wp\/v2\/media?parent=83"}],"curies":[{"name":"wp","href":"https:\/\/api.w.org\/{rel}","templated":true}]}}