{"id":91,"date":"2014-09-04T11:33:32","date_gmt":"2014-09-04T14:33:32","guid":{"rendered":"http:\/\/itan.org.br\/mpcto\/?page_id=91"},"modified":"2023-05-25T16:25:17","modified_gmt":"2023-05-25T16:25:17","slug":"fale-conosco","status":"publish","type":"page","link":"http:\/\/mpc.ba.gov.br\/m\/fale-conosco\/","title":{"rendered":"Fale conosco"},"content":{"rendered":"<p style=\"text-align: center;\"><strong>Contato Geral:<\/strong><\/p>\n<p style=\"text-align: center;\">Minist\u00e9rio P\u00fablico de Contas<\/p>\n<p style=\"text-align: center;\">E-mail: atendimento@mpc.ba.gov.br<\/p>\n<p style=\"text-align: center;\">Telefones: (71) 3115-5671<\/p>\n<p style=\"text-align: center;\">Hor\u00e1rio de atendimento: Segunda \u00e0 Quinta: 08h \u00e0s 12h e 13:30h \u00e0s 17:30h \/ Sexta: 08h \u00e0s 13h.<\/p>\n","protected":false},"excerpt":{"rendered":"<p>Contato Geral: Minist\u00e9rio P\u00fablico de Contas E-mail: atendimento@mpc.ba.gov.br Telefones: (71) 3115-5671 Hor\u00e1rio de atendimento: Segunda \u00e0 Quinta: 08h \u00e0s 12h e 13:30h \u00e0s 17:30h \/ Sexta: 08h \u00e0s 13h.<\/p>\n","protected":false},"author":2,"featured_media":0,"parent":0,"menu_order":0,"comment_status":"open","ping_status":"open","template":"page-fullwidth.php","meta":{"footnotes":""},"class_list":["post-91","page","type-page","status-publish","hentry"],"_links":{"self":[{"href":"http:\/\/mpc.ba.gov.br\/m\/wp-json\/wp\/v2\/pages\/91","targetHints":{"allow":["GET"]}}],"collection":[{"href":"http:\/\/mpc.ba.gov.br\/m\/wp-json\/wp\/v2\/pages"}],"about":[{"href":"http:\/\/mpc.ba.gov.br\/m\/wp-json\/wp\/v2\/types\/page"}],"author":[{"embeddable":true,"href":"http:\/\/mpc.ba.gov.br\/m\/wp-json\/wp\/v2\/users\/2"}],"replies":[{"embeddable":true,"href":"http:\/\/mpc.ba.gov.br\/m\/wp-json\/wp\/v2\/comments?post=91"}],"version-history":[{"count":12,"href":"http:\/\/mpc.ba.gov.br\/m\/wp-json\/wp\/v2\/pages\/91\/revisions"}],"predecessor-version":[{"id":5294,"href":"http:\/\/mpc.ba.gov.br\/m\/wp-json\/wp\/v2\/pages\/91\/revisions\/5294"}],"wp:attachment":[{"href":"http:\/\/mpc.ba.gov.br\/m\/wp-json\/wp\/v2\/media?parent=91"}],"curies":[{"name":"wp","href":"https:\/\/api.w.org\/{rel}","templated":true}]}}