{"id":1267,"date":"2018-08-28T16:35:46","date_gmt":"2018-08-28T16:35:46","guid":{"rendered":"http:\/\/mpc.ba.gov.br\/e\/?page_id=1267"},"modified":"2018-08-28T17:40:05","modified_gmt":"2018-08-28T17:40:05","slug":"mpc-ba-inicia-processo-de-elaboracao-do-planejamento-para-2019-2020","status":"publish","type":"page","link":"https:\/\/mpc.ba.gov.br\/e\/mpc-ba-inicia-processo-de-elaboracao-do-planejamento-para-2019-2020\/","title":{"rendered":"MPC-BA inicia processo de elabora\u00e7\u00e3o do planejamento para 2019-2020"},"content":{"rendered":"<p>Fonte: ASCOM\/TCE-BA (<a href=\"https:\/\/www.tce.ba.gov.br\/noticias\/mpc-ba-inicia-processo-de-elaboracao-do-planejamento-para-2019-2020\">link<\/a>)<\/p>\n<p>O Minist\u00e9rio P\u00fablico de Contas do Estado da Bahia (MPC-BA) deu in\u00edcio, efetivamente, na manh\u00e3 dessa segunda-feira (27.08), ao processo de elabora\u00e7\u00e3o do planejamento para o per\u00edodo de 2019-2020. Estruturado sob a forma de tr\u00eas oficinas de planejamento &#8211; nos meses de agosto, outubro e dezembro -, para que seja o mais participativo poss\u00edvel, o encontro visa preparar servidores a refletir acerca da atua\u00e7\u00e3o do \u00f3rg\u00e3o, fomentando a constru\u00e7\u00e3o da identidade institucional (Miss\u00e3o, Valores e Vis\u00e3o), os objetivos estrat\u00e9gicos e os planos de a\u00e7\u00e3o para a consecu\u00e7\u00e3o desses objetivos definidos.<a href=\"http:\/\/mpc.ba.gov.br\/e\/wp-content\/uploads\/2018\/08\/reuniao-planejamento-estrategico-mpc.jpg\"><img loading=\"lazy\" decoding=\"async\" class=\"wp-image-1269 aligncenter\" src=\"http:\/\/mpc.ba.gov.br\/e\/wp-content\/uploads\/2018\/08\/reuniao-planejamento-estrategico-mpc.jpg\" alt=\"\" width=\"431\" height=\"323\" srcset=\"https:\/\/mpc.ba.gov.br\/e\/wp-content\/uploads\/2018\/08\/reuniao-planejamento-estrategico-mpc.jpg 872w, https:\/\/mpc.ba.gov.br\/e\/wp-content\/uploads\/2018\/08\/reuniao-planejamento-estrategico-mpc-300x225.jpg 300w, https:\/\/mpc.ba.gov.br\/e\/wp-content\/uploads\/2018\/08\/reuniao-planejamento-estrategico-mpc-768x575.jpg 768w\" sizes=\"auto, (max-width: 431px) 100vw, 431px\" \/><\/a><\/p>\n<p>De acordo com o assessor do Minist\u00e9rio P\u00fablico de Contas, Murilo Mota Nunes, a iniciativa conta com a participa\u00e7\u00e3o dos procuradores de Contas e dos servidores que atuam no MPC-BA, e vem sendo conduzida por um grupo de trabalho que foi constitu\u00eddo com a finalidade de apoiar a realiza\u00e7\u00e3o do referido planejamento. \u201c\u00c9 importante destacar que a medida apresenta sintonia com o esfor\u00e7o de planejamento realizado pelo TCE\/BA nos \u00faltimos anos, cujas metas atribu\u00eddas ao MPC-BA t\u00eam sido atingidas com grande \u00eaxito&#8221;, pontuou.<\/p>\n<p>&nbsp;<\/p>\n","protected":false},"excerpt":{"rendered":"<p>Fonte: ASCOM\/TCE-BA (link) O Minist\u00e9rio P\u00fablico de Contas do Estado da Bahia (MPC-BA) deu in\u00edcio, efetivamente, na manh\u00e3 dessa segunda-feira (27.08), ao processo de elabora\u00e7\u00e3o do planejamento para o per\u00edodo de 2019-2020. Estruturado sob a forma de tr\u00eas oficinas de planejamento &#8211; nos meses de agosto, outubro e dezembro -, para que seja o mais [&hellip;]<\/p>\n","protected":false},"author":4,"featured_media":1269,"parent":0,"menu_order":0,"comment_status":"closed","ping_status":"closed","template":"","meta":{"footnotes":""},"class_list":["post-1267","page","type-page","status-publish","has-post-thumbnail","hentry"],"_links":{"self":[{"href":"https:\/\/mpc.ba.gov.br\/e\/wp-json\/wp\/v2\/pages\/1267","targetHints":{"allow":["GET"]}}],"collection":[{"href":"https:\/\/mpc.ba.gov.br\/e\/wp-json\/wp\/v2\/pages"}],"about":[{"href":"https:\/\/mpc.ba.gov.br\/e\/wp-json\/wp\/v2\/types\/page"}],"author":[{"embeddable":true,"href":"https:\/\/mpc.ba.gov.br\/e\/wp-json\/wp\/v2\/users\/4"}],"replies":[{"embeddable":true,"href":"https:\/\/mpc.ba.gov.br\/e\/wp-json\/wp\/v2\/comments?post=1267"}],"version-history":[{"count":5,"href":"https:\/\/mpc.ba.gov.br\/e\/wp-json\/wp\/v2\/pages\/1267\/revisions"}],"predecessor-version":[{"id":1281,"href":"https:\/\/mpc.ba.gov.br\/e\/wp-json\/wp\/v2\/pages\/1267\/revisions\/1281"}],"wp:featuredmedia":[{"embeddable":true,"href":"https:\/\/mpc.ba.gov.br\/e\/wp-json\/wp\/v2\/media\/1269"}],"wp:attachment":[{"href":"https:\/\/mpc.ba.gov.br\/e\/wp-json\/wp\/v2\/media?parent=1267"}],"curies":[{"name":"wp","href":"https:\/\/api.w.org\/{rel}","templated":true}]}}