{"id":1500,"date":"2019-06-17T14:05:57","date_gmt":"2019-06-17T17:05:57","guid":{"rendered":"http:\/\/mpc.ba.gov.br\/e\/?page_id=1500"},"modified":"2025-07-23T10:26:17","modified_gmt":"2025-07-23T13:26:17","slug":"pareceres-em-conta-de-governo","status":"publish","type":"page","link":"https:\/\/mpc.ba.gov.br\/e\/pareceres-em-destaque\/pareceres-em-conta-de-governo\/","title":{"rendered":"Pareceres em Conta de Governo"},"content":{"rendered":"\n<figure class=\"wp-block-table\"><table class=\"has-fixed-layout\"><thead><tr><th>N\u00b0 DO&nbsp;PROCESSO<\/th><th>EMENTA<\/th><th>VISUALIZAR<\/th><\/tr><\/thead><tbody><tr><td><strong>TCE\/004365\/2025<\/strong><\/td><td><\/td><td><a href=\"https:\/\/mpc.ba.gov.br\/e\/wp-content\/uploads\/2025\/07\/Parecer-do-MPC-Contas-do-Governador-do-Exercicio-de-2024-1.pdf\" target=\"_blank\" rel=\"noreferrer noopener\">Visualizar<\/a><\/td><\/tr><tr><td><strong>TCE\/003370\/2024<\/strong><\/td><td><\/td><td><a href=\"https:\/\/mpc.ba.gov.br\/e\/wp-content\/uploads\/2025\/07\/Parecer-do-MPC-Contas-do-Governo-do-Exercicio-de-2023.pdf\">Visualizar<\/a><\/td><\/tr><tr><td><strong>TCE\/003439\/2023<\/strong><\/td><td><\/td><td><a href=\"https:\/\/mpc.ba.gov.br\/e\/wp-content\/uploads\/2025\/07\/PROInfo-5738653507200257194-Parecer-MPC.pdf\" target=\"_blank\" rel=\"noreferrer noopener\">Visualizar<\/a><\/td><\/tr><tr><td><strong>TCE\/003537\/2022<\/strong><\/td><td><\/td><td><a href=\"https:\/\/mpc.ba.gov.br\/e\/wp-content\/uploads\/2025\/07\/PROInfo-4719652021861974080-Parecer-MPC.PGC_.TCE_.3537.2022.pdf\">Visualizar<\/a><\/td><\/tr><tr><td><strong>TCE\/002683\/2021<\/strong><\/td><td><\/td><td><a href=\"https:\/\/mpc.ba.gov.br\/e\/wp-content\/uploads\/2025\/07\/PROInfo-4919939497034706110-Parecer.PGC_.TCE_.002683.2021.pdf\">Visualizar<\/a><\/td><\/tr><tr><td><strong>TCE\/004140\/2020<\/strong><\/td><td><\/td><td><a href=\"https:\/\/mpc.ba.gov.br\/e\/wp-content\/uploads\/2025\/07\/PROInfo-1980327066167820755-Parecer.PGC_.TCE_.004140.pdf\" data-type=\"link\" data-id=\"file:\/\/\/C:\/Users\/mteixeira\/Downloads\/PROInfo-1980327066167820755-Parecer.PGC.TCE.004140.pdf\">Visualizar<\/a><\/td><\/tr><tr><td><strong>TCE\/002835\/2019<\/strong><\/td><td>&nbsp;<\/td><td><a href=\"http:\/\/mpc.ba.gov.br\/e\/wp-content\/uploads\/2020\/01\/Contas-de-Governo-TCE.002835.2019.pdf\" target=\"_blank\" rel=\"noopener\">Visualizar<\/a><\/td><\/tr><tr><td><strong>TCE\/002387\/2018<\/strong><\/td><td>&nbsp;<\/td><td><a href=\"http:\/\/mpc.ba.gov.br\/e\/wp-content\/uploads\/2020\/01\/Contas-de-Governo-TCE.002387.2018.pdf\" target=\"_blank\" rel=\"noopener\">Visualizar<\/a><\/td><\/tr><tr><td><strong>TCE\/002522\/2017<\/strong><\/td><td>&nbsp;<\/td><td><a href=\"http:\/\/mpc.ba.gov.br\/e\/wp-content\/uploads\/2020\/01\/Contas-de-Governo-TCE.002522.2017.pdf\" target=\"_blank\" rel=\"noopener\">Visualizar<\/a><\/td><\/tr><tr><td><strong>TCE\/002434\/2016<\/strong><\/td><td>&nbsp;<\/td><td><a href=\"http:\/\/mpc.ba.gov.br\/e\/wp-content\/uploads\/2020\/01\/Contas-de-Governo-TCE.002434.2016.pdf\" target=\"_blank\" rel=\"noopener\">Visualizar<\/a><\/td><\/tr><tr><td><strong>TCE\/004023\/2015<\/strong><\/td><td>Contas do Chefe do Poder Executivo estadual. Exerc\u00edcio de 2014. Sugest\u00e3o de emiss\u00e3o de Parecer Pr\u00e9vio pela aprova\u00e7\u00e3o das contas com ressalvas, recomenda\u00e7\u00f5es e determina\u00e7\u00f5es. Principais temas abordados: (1) fragilidades no controle interno do Poder Executivo estadual, destacando-se a aus\u00eancia de um sistema estruturado de controle que possibilitasse o cumprimento das finalidades previstas no art. 74 da CF, sobretudo no que concerne ao controle dos resultados das pol\u00edticas p\u00fablicas implementadas; (2) defici\u00eancias no cumprimento do dever de transpar\u00eancia da gest\u00e3o p\u00fablica, com \u00eanfase no descumprimento da obriga\u00e7\u00e3o de o Poder Executivo divulgar, em seu portal eletr\u00f4nico oficial, a remunera\u00e7\u00e3o dos servidores p\u00fablicos estaduais, de forma nominal e individualizada; (3) precariedade do sistema informatizado de acompanhamento e controle de conv\u00eanios e instrumentos cong\u00eaneres; (4) contrata\u00e7\u00e3o de prestadores de servi\u00e7os tempor\u00e1rios (PST&#8217;s) em substitui\u00e7\u00e3o a servidores p\u00fablicos efetivos no \u00e2mbito da Secretaria de Educa\u00e7\u00e3o, sem a contabiliza\u00e7\u00e3o dos disp\u00eandios para fins de verifica\u00e7\u00e3o dos limites com despesas de pessoal, descumprindo-se o art. 18, \u00a71\u00ba, da LRF; (5) inobserv\u00e2ncia, durante a execu\u00e7\u00e3o or\u00e7ament\u00e1ria, dos mecanismos previstos na LDO para salvaguardar a aloca\u00e7\u00e3o preferencial de recursos nos programas de governo considerados priorit\u00e1rios; (6) movimenta\u00e7\u00e3o de recursos p\u00fablicos vinculados a a\u00e7\u00f5es e servi\u00e7os de sa\u00fade por meio da Conta \u00danico do Tesouro Estadual, e n\u00e3o em conta banc\u00e1ria espec\u00edfica sob a gest\u00e3o do Fundo Estadual de Sa\u00fade,&nbsp; em descumprimento ao art. 77, \u00a73\u00ba, do ADCT, e aos arts. 12, \u00a72\u00ba e 16, da LC n\u00ba 141\/2012<\/td><td><a href=\"http:\/\/mpc.ba.gov.br\/e\/wp-content\/uploads\/2014\/09\/Parecer-Danilo.-Contas-de-Governo.-Exerc\u00edcio-2014.-\u00daltima-vers\u00e3o.pdf\" target=\"_blank\" rel=\"noopener\">Visualizar<\/a><\/td><\/tr><tr><td><strong>TCE\/004093\/2014<\/strong><\/td><td>&nbsp;<\/td><td><a href=\"http:\/\/mpc.ba.gov.br\/e\/wp-content\/uploads\/2020\/01\/Contas-de-Governo-TCE.004093.2014.pdf\" target=\"_blank\" rel=\"noopener\">Visualizar<\/a><\/td><\/tr><tr><td><strong>TCE\/002064\/2013<\/strong><\/td><td>&nbsp;<\/td><td><a href=\"http:\/\/mpc.ba.gov.br\/e\/wp-content\/uploads\/2020\/01\/Contas-de-Governo-TCE.002064.2013.pdf\" target=\"_blank\" rel=\"noopener\">Visualizar<\/a><\/td><\/tr><tr><td><strong>TCE\/002110\/2012<\/strong><\/td><td>&nbsp;<\/td><td><a href=\"http:\/\/mpc.ba.gov.br\/e\/wp-content\/uploads\/2020\/01\/Contas-de-Governo-TCE.002110.2012.pdf\" target=\"_blank\" rel=\"noopener\">Visualizar<\/a><\/td><\/tr><tr><td>&nbsp;<\/td><td>&nbsp;<\/td><td>&nbsp;<\/td><\/tr><\/tbody><\/table><\/figure>\n\n\n\n\n\n\n\n<p>&nbsp;Acesse todo o conte\u00fado das Contas de Governo publicado pelo Tribunal de Contas do Estado da Bahia (TCE\/BA) <a href=\"https:\/\/www.tce.ba.gov.br\/controle-externo\/contas-de-governo\" target=\"_blank\" rel=\"noopener\">aqui<\/a>.<\/p>\n","protected":false},"excerpt":{"rendered":"<p>N\u00b0 DO&nbsp;PROCESSO EMENTA VISUALIZAR TCE\/004365\/2025 Visualizar TCE\/003370\/2024 Visualizar TCE\/003439\/2023 Visualizar TCE\/003537\/2022 Visualizar TCE\/002683\/2021 Visualizar TCE\/004140\/2020 Visualizar TCE\/002835\/2019 &nbsp; Visualizar TCE\/002387\/2018 &nbsp; Visualizar TCE\/002522\/2017 &nbsp; Visualizar TCE\/002434\/2016 &nbsp; Visualizar TCE\/004023\/2015 Contas do Chefe do Poder Executivo estadual. Exerc\u00edcio de 2014. Sugest\u00e3o de emiss\u00e3o de Parecer Pr\u00e9vio pela aprova\u00e7\u00e3o das contas com ressalvas, recomenda\u00e7\u00f5es e determina\u00e7\u00f5es. Principais [&hellip;]<\/p>\n","protected":false},"author":7,"featured_media":0,"parent":1509,"menu_order":0,"comment_status":"closed","ping_status":"closed","template":"page-fullwidth.php","meta":{"footnotes":""},"class_list":["post-1500","page","type-page","status-publish","hentry"],"_links":{"self":[{"href":"https:\/\/mpc.ba.gov.br\/e\/wp-json\/wp\/v2\/pages\/1500","targetHints":{"allow":["GET"]}}],"collection":[{"href":"https:\/\/mpc.ba.gov.br\/e\/wp-json\/wp\/v2\/pages"}],"about":[{"href":"https:\/\/mpc.ba.gov.br\/e\/wp-json\/wp\/v2\/types\/page"}],"author":[{"embeddable":true,"href":"https:\/\/mpc.ba.gov.br\/e\/wp-json\/wp\/v2\/users\/7"}],"replies":[{"embeddable":true,"href":"https:\/\/mpc.ba.gov.br\/e\/wp-json\/wp\/v2\/comments?post=1500"}],"version-history":[{"count":24,"href":"https:\/\/mpc.ba.gov.br\/e\/wp-json\/wp\/v2\/pages\/1500\/revisions"}],"predecessor-version":[{"id":3289,"href":"https:\/\/mpc.ba.gov.br\/e\/wp-json\/wp\/v2\/pages\/1500\/revisions\/3289"}],"up":[{"embeddable":true,"href":"https:\/\/mpc.ba.gov.br\/e\/wp-json\/wp\/v2\/pages\/1509"}],"wp:attachment":[{"href":"https:\/\/mpc.ba.gov.br\/e\/wp-json\/wp\/v2\/media?parent=1500"}],"curies":[{"name":"wp","href":"https:\/\/api.w.org\/{rel}","templated":true}]}}