{"id":1573,"date":"2019-08-19T10:58:20","date_gmt":"2019-08-19T13:58:20","guid":{"rendered":"http:\/\/mpc.ba.gov.br\/e\/?page_id=1573"},"modified":"2019-08-19T15:11:25","modified_gmt":"2019-08-19T18:11:25","slug":"colegio-de-procuradores","status":"publish","type":"page","link":"https:\/\/mpc.ba.gov.br\/e\/institucional\/estrutura-organizacional\/colegio-de-procuradores\/","title":{"rendered":"Col\u00e9gio de Procuradores"},"content":{"rendered":"<p style=\"text-align: justify;\">O Col\u00e9gio de Procuradores de Contas \u00e9 o \u00f3rg\u00e3o m\u00e1ximo de car\u00e1ter deliberativo e consultivo do Minist\u00e9rio P\u00fablico de Contas. No \u00e2mbito do MPC\/BA foi institu\u00eddo e regulamentado na Portaria MPC\/BA n\u00ba 22, de 23 de abril de 2019.<\/p>\n<p style=\"text-align: justify;\">O Col\u00e9gio \u00e9 integrado por todos os Procuradores de Contas em exerc\u00edcio e presidido pelo Procurador-geral.<\/p>\n<p style=\"text-align: justify;\">Em conformidade com o art. 2\u00ba da Portaria MPC\/BA n\u00ba 22\/2019, compete ao Col\u00e9gio de Procuradores:<\/p>\n<ol style=\"list-style-type: upper-roman;\">\n<li style=\"text-align: justify;\">elaborar lista tr\u00edplice, a ser encaminhada ao Governador do Estado, para a escolha do Procurador-geral de Contas;<\/li>\n<li style=\"text-align: justify;\">dispor sobre a organiza\u00e7\u00e3o interna do Minist\u00e9rio P\u00fablico de Contas bem como sobre as compet\u00eancias das Procuradorias de Contas;<\/li>\n<li style=\"text-align: justify;\">deliberar, por solicita\u00e7\u00e3o de qualquer de seus integrantes, sobre mat\u00e9rias relativas \u00e0 autonomia funcional do Minist\u00e9rio P\u00fablico de Contas e outras de interesse institucional;<\/li>\n<li style=\"text-align: justify;\">propor, junto aos \u00f3rg\u00e3os competentes, modifica\u00e7\u00f5es em diplomas normativos que disciplinem a atua\u00e7\u00e3o do Minist\u00e9rio P\u00fablico de Contas;<\/li>\n<li style=\"text-align: justify;\">aprovar proposta de aprimoramento administrativo e de pessoal a ser apresentada pelo Procurador-geral ao Presidente do Tribunal de Contas do Estado;<\/li>\n<li style=\"text-align: justify;\">editar resolu\u00e7\u00f5es em mat\u00e9ria de suas atribui\u00e7\u00f5es;<\/li>\n<li style=\"text-align: justify;\">editar o regimento interno do Minist\u00e9rio P\u00fablico de Contas;<\/li>\n<li style=\"text-align: justify;\">deliberar pela emiss\u00e3o de ato normativo complementar referente ao funcionamento do Col\u00e9gio de Procuradores;<\/li>\n<li style=\"text-align: justify;\">examinar e aprovar Enunciados Ministeriais sobre mat\u00e9rias afetas \u00e0s atribui\u00e7\u00f5es do Minist\u00e9rio P\u00fablico de Contas, mediante voto favor\u00e1vel de, pelo menos, 2\/3 dos Procuradores de Contas em efetivo exerc\u00edcio;<\/li>\n<li style=\"text-align: justify;\">conhecer e decidir as exce\u00e7\u00f5es de impedimento ou suspei\u00e7\u00e3o opostas contra os Procuradores de Contas no exerc\u00edcio de suas atribui\u00e7\u00f5es legais;<\/li>\n<li style=\"text-align: justify;\">representar, na forma da Lei, ao Poder Legislativo para a destitui\u00e7\u00e3o do Procurador-geral de Contas, pelo voto de 2\/3 (dois ter\u00e7os) de seus membros e por iniciativa da maioria absoluta de seus integrantes;<\/li>\n<li style=\"text-align: justify;\">manifestar-se sobre arquivamento de procedimento apurat\u00f3rio ou de Not\u00edcia de Fato determinado pelos Procuradores de Contas, homologando\u2013o ou designando, desde logo, outro membro do Minist\u00e9rio P\u00fablico de Contas para promo\u00e7\u00e3o dos atos pertinentes.<\/li>\n<\/ol>\n<p>Acesse aqui as <a href=\"http:\/\/mpc.ba.gov.br\/e\/atos-normativos\/resolucoes\/\">Resolu\u00e7\u00f5es<\/a> e os <a href=\"http:\/\/mpc.ba.gov.br\/e\/acoes-e-estudos\/enunciados\/\">Enunciados<\/a>\u00a0publicados pelo Col\u00e9gio de Procuradores.<\/p>\n","protected":false},"excerpt":{"rendered":"<p>O Col\u00e9gio de Procuradores de Contas \u00e9 o \u00f3rg\u00e3o m\u00e1ximo de car\u00e1ter deliberativo e consultivo do Minist\u00e9rio P\u00fablico de Contas. No \u00e2mbito do MPC\/BA foi institu\u00eddo e regulamentado na Portaria MPC\/BA n\u00ba 22, de 23 de abril de 2019. O Col\u00e9gio \u00e9 integrado por todos os Procuradores de Contas em exerc\u00edcio e presidido pelo Procurador-geral. [&hellip;]<\/p>\n","protected":false},"author":7,"featured_media":0,"parent":45,"menu_order":0,"comment_status":"closed","ping_status":"closed","template":"page-fullwidth.php","meta":{"footnotes":""},"class_list":["post-1573","page","type-page","status-publish","hentry"],"_links":{"self":[{"href":"https:\/\/mpc.ba.gov.br\/e\/wp-json\/wp\/v2\/pages\/1573","targetHints":{"allow":["GET"]}}],"collection":[{"href":"https:\/\/mpc.ba.gov.br\/e\/wp-json\/wp\/v2\/pages"}],"about":[{"href":"https:\/\/mpc.ba.gov.br\/e\/wp-json\/wp\/v2\/types\/page"}],"author":[{"embeddable":true,"href":"https:\/\/mpc.ba.gov.br\/e\/wp-json\/wp\/v2\/users\/7"}],"replies":[{"embeddable":true,"href":"https:\/\/mpc.ba.gov.br\/e\/wp-json\/wp\/v2\/comments?post=1573"}],"version-history":[{"count":4,"href":"https:\/\/mpc.ba.gov.br\/e\/wp-json\/wp\/v2\/pages\/1573\/revisions"}],"predecessor-version":[{"id":2920,"href":"https:\/\/mpc.ba.gov.br\/e\/wp-json\/wp\/v2\/pages\/1573\/revisions\/2920"}],"up":[{"embeddable":true,"href":"https:\/\/mpc.ba.gov.br\/e\/wp-json\/wp\/v2\/pages\/45"}],"wp:attachment":[{"href":"https:\/\/mpc.ba.gov.br\/e\/wp-json\/wp\/v2\/media?parent=1573"}],"curies":[{"name":"wp","href":"https:\/\/api.w.org\/{rel}","templated":true}]}}