{"id":244,"date":"2014-09-08T15:34:48","date_gmt":"2014-09-08T18:34:48","guid":{"rendered":"http:\/\/itan.org.br\/mpcto\/?page_id=244"},"modified":"2019-08-18T17:49:15","modified_gmt":"2019-08-18T20:49:15","slug":"procuradorias","status":"publish","type":"page","link":"https:\/\/mpc.ba.gov.br\/e\/institucional\/estrutura-organizacional\/procuradorias\/","title":{"rendered":"Procuradores"},"content":{"rendered":"<p style=\"text-align: justify;\">O Minist\u00e9rio P\u00fablico de Contas da Bahia \u00e9 composto por seis Procuradores. O ingresso na carreira depende de aprova\u00e7\u00e3o em concurso p\u00fablico de provas e t\u00edtulos, exigindo-se do candidato o t\u00edtulo de bacharel em Direito e, no m\u00ednimo, tr\u00eas anos de atividade jur\u00eddica.<\/p>\n<p style=\"text-align: justify;\">Os Procuradores do Minist\u00e9rio P\u00fablico de Contas possuem as garantias constitucionais de vitaliciedade, inamovibilidade e irredutibilidade de subs\u00eddios, bem como os direitos e prerrogativas previstos na Lei Org\u00e2nica Nacional do Minist\u00e9rio P\u00fablico (Lei n\u00ba 8.625\/1993).<\/p>\n<p style=\"text-align: justify;\">Compete aos Procuradores do Minist\u00e9rio P\u00fablico de Contas o exerc\u00edcio de suas atribui\u00e7\u00f5es, em especial:<\/p>\n<ol style=\"list-style-type: lower-alpha;\">\n<li style=\"text-align: justify;\">emitir despachos, manifesta\u00e7\u00f5es e pareceres escritos nos processos de sua compet\u00eancia;<\/li>\n<li style=\"text-align: justify;\">interpor recursos nos processos de sua compet\u00eancia;<\/li>\n<li style=\"text-align: justify;\">propor medidas cautelares visando a preserva\u00e7\u00e3o do patrim\u00f4nio p\u00fablico e o cumprimento das normas constitucionais e legais;<\/li>\n<li style=\"text-align: justify;\">comparecer \u00e0s sess\u00f5es de julgamento do Tribunal, intervindo verbalmente se necess\u00e1rio for;<\/li>\n<li style=\"text-align: justify;\">promover o procedimento preparat\u00f3rio, inqu\u00e9rito civil e outras a\u00e7\u00f5es visando \u00e0 prote\u00e7\u00e3o do patrim\u00f4nio p\u00fablico;<\/li>\n<li style=\"text-align: justify;\">expedir notifica\u00e7\u00f5es e intima\u00e7\u00f5es nos procedimentos de sua compet\u00eancia;<\/li>\n<li style=\"text-align: justify;\">outras atribui\u00e7\u00f5es previstas em lei ou regulamento.<\/li>\n<\/ol>\n","protected":false},"excerpt":{"rendered":"<p>O Minist\u00e9rio P\u00fablico de Contas da Bahia \u00e9 composto por seis Procuradores. O ingresso na carreira depende de aprova\u00e7\u00e3o em concurso p\u00fablico de provas e t\u00edtulos, exigindo-se do candidato o t\u00edtulo de bacharel em Direito e, no m\u00ednimo, tr\u00eas anos de atividade jur\u00eddica. Os Procuradores do Minist\u00e9rio P\u00fablico de Contas possuem as garantias constitucionais de [&hellip;]<\/p>\n","protected":false},"author":2,"featured_media":0,"parent":45,"menu_order":0,"comment_status":"open","ping_status":"closed","template":"page-fullwidth.php","meta":{"footnotes":""},"class_list":["post-244","page","type-page","status-publish","hentry"],"_links":{"self":[{"href":"https:\/\/mpc.ba.gov.br\/e\/wp-json\/wp\/v2\/pages\/244","targetHints":{"allow":["GET"]}}],"collection":[{"href":"https:\/\/mpc.ba.gov.br\/e\/wp-json\/wp\/v2\/pages"}],"about":[{"href":"https:\/\/mpc.ba.gov.br\/e\/wp-json\/wp\/v2\/types\/page"}],"author":[{"embeddable":true,"href":"https:\/\/mpc.ba.gov.br\/e\/wp-json\/wp\/v2\/users\/2"}],"replies":[{"embeddable":true,"href":"https:\/\/mpc.ba.gov.br\/e\/wp-json\/wp\/v2\/comments?post=244"}],"version-history":[{"count":4,"href":"https:\/\/mpc.ba.gov.br\/e\/wp-json\/wp\/v2\/pages\/244\/revisions"}],"predecessor-version":[{"id":2921,"href":"https:\/\/mpc.ba.gov.br\/e\/wp-json\/wp\/v2\/pages\/244\/revisions\/2921"}],"up":[{"embeddable":true,"href":"https:\/\/mpc.ba.gov.br\/e\/wp-json\/wp\/v2\/pages\/45"}],"wp:attachment":[{"href":"https:\/\/mpc.ba.gov.br\/e\/wp-json\/wp\/v2\/media?parent=244"}],"curies":[{"name":"wp","href":"https:\/\/api.w.org\/{rel}","templated":true}]}}