{"id":35,"date":"2014-09-04T09:38:37","date_gmt":"2014-09-04T12:38:37","guid":{"rendered":"http:\/\/itan.org.br\/mpcto\/?page_id=35"},"modified":"2024-04-16T11:22:44","modified_gmt":"2024-04-16T14:22:44","slug":"legislacao","status":"publish","type":"page","link":"https:\/\/mpc.ba.gov.br\/e\/legislacao\/","title":{"rendered":"Legisla\u00e7\u00e3o"},"content":{"rendered":"<table style=\"width: 1094px; height: 293px;\" summary=\"Submitted table designs\">\n<thead>\n<tr style=\"height: 23px;\">\n<th style=\"height: 23px; width: 972.557px;\" scope=\"col\">Normas<\/th>\n<th style=\"height: 23px; width: 104.375px;\" scope=\"col\">visualizar<\/th>\n<\/tr>\n<\/thead>\n<tbody>\n<tr style=\"height: 23px;\">\n<td style=\"height: 23px; width: 972.557px;\">Lei Estadual n\u00b0 10547\/2006 &#8211; Cria o Minist\u00e9rio P\u00fablico Especial junto ao Tribunal de Contas do Estado da Bahia<\/td>\n<td style=\"height: 23px; width: 104.375px;\"><a href=\"http:\/\/www.legislabahia.ba.gov.br\/documentos\/lei-no-10547-de-27-de-dezembro-de-2006\" target=\"_blank\" rel=\"noopener\">Visualizar<\/a><\/td>\n<\/tr>\n<tr style=\"height: 23px;\">\n<td style=\"height: 23px; width: 972.557px;\">Constitui\u00e7\u00e3o da Rep\u00fablica Federativa do Brasil de 1988<\/td>\n<td style=\"height: 23px; width: 104.375px;\"><a href=\"http:\/\/www.planalto.gov.br\/ccivil_03\/constituicao\/constituicao.htm\" target=\"_blank\" rel=\"noopener\">Visualizar<\/a><\/td>\n<\/tr>\n<tr style=\"height: 23px;\">\n<td style=\"height: 23px; width: 972.557px;\">Constitui\u00e7\u00e3o do Estado da Bahia<\/td>\n<td style=\"height: 23px; width: 104.375px;\"><a href=\"http:\/\/www.legislabahia.ba.gov.br\/documentos\/constituicao-do-estado-da-bahia-de-05-de-outubro-de-1989\" target=\"_blank\" rel=\"noopener\">Visualizar<\/a><\/td>\n<\/tr>\n<tr style=\"height: 23px;\">\n<td style=\"height: 23px; width: 972.557px;\">Lei Org\u00e2nica Nacional do Minist\u00e9rio P\u00fablico<\/td>\n<td style=\"height: 23px; width: 104.375px;\"><a href=\"http:\/\/www.planalto.gov.br\/ccivil_03\/leis\/l8625.htm\" target=\"_blank\" rel=\"noopener\">Visualizar<\/a><\/td>\n<\/tr>\n<tr style=\"height: 23px;\">\n<td style=\"height: 23px; width: 972.557px;\">Lei Org\u00e2nica do Minist\u00e9rio P\u00fablico da Uni\u00e3o<\/td>\n<td style=\"height: 23px; width: 104.375px;\"><a href=\"http:\/\/www.planalto.gov.br\/ccivil_03\/leis\/lcp\/lcp75.htm\" target=\"_blank\" rel=\"noopener\">Visualizar<\/a><\/td>\n<\/tr>\n<tr style=\"height: 23.1648px;\">\n<td style=\"height: 23.1648px; width: 972.557px;\">Lei Org\u00e2nica da Magistratura Nacional<\/td>\n<td style=\"height: 23.1648px; width: 104.375px;\"><a href=\"http:\/\/www.planalto.gov.br\/ccivil_03\/leis\/lcp\/lcp35.htm\" target=\"_blank\" rel=\"noopener\">Visualizar<\/a><\/td>\n<\/tr>\n<tr style=\"height: 23px;\">\n<td style=\"height: 23px; width: 972.557px;\">Lei Org\u00e2nica do Minist\u00e9rio P\u00fablico do Estado da Bahia<\/td>\n<td style=\"height: 23px; width: 104.375px;\"><a href=\"http:\/\/www.legislabahia.ba.gov.br\/documentos\/lei-complementar-no-011-de-18-de-janeiro-de-1996\" target=\"_blank\" rel=\"noopener\">Visualizar<\/a><\/td>\n<\/tr>\n<tr style=\"height: 23px;\">\n<td style=\"height: 23px; width: 972.557px;\">Lei de Organiza\u00e7\u00e3o Judici\u00e1ria do Estado da Bahia<\/td>\n<td style=\"height: 23px; width: 104.375px;\"><a href=\"http:\/\/www.legislabahia.ba.gov.br\/documentos\/lei-no-10845-de-27-de-novembro-de-2007\" target=\"_blank\" rel=\"noopener\">Visualizar<\/a><\/td>\n<\/tr>\n<tr style=\"height: 23px;\">\n<td style=\"height: 23px; width: 972.557px;\">Lei Org\u00e2nica do Tribunal de Contas do Estado da Bahia<\/td>\n<td style=\"height: 23px; width: 104.375px;\"><a href=\"http:\/\/www.legislabahia.ba.gov.br\/documentos\/lei-complementar-no-005-de-04-de-dezembro-de-1991\" target=\"_blank\" rel=\"noopener\">Visualizar<\/a><\/td>\n<\/tr>\n<\/tbody>\n<\/table>\n","protected":false},"excerpt":{"rendered":"<p>Normas visualizar Lei Estadual n\u00b0 10547\/2006 &#8211; Cria o Minist\u00e9rio P\u00fablico Especial junto ao Tribunal de Contas do Estado da Bahia Visualizar Constitui\u00e7\u00e3o da Rep\u00fablica Federativa do Brasil de 1988 Visualizar Constitui\u00e7\u00e3o do Estado da Bahia Visualizar Lei Org\u00e2nica Nacional do Minist\u00e9rio P\u00fablico Visualizar Lei Org\u00e2nica do Minist\u00e9rio P\u00fablico da Uni\u00e3o Visualizar Lei Org\u00e2nica da [&hellip;]<\/p>\n","protected":false},"author":2,"featured_media":0,"parent":0,"menu_order":0,"comment_status":"open","ping_status":"closed","template":"page-fullwidth.php","meta":{"footnotes":""},"class_list":["post-35","page","type-page","status-publish","hentry"],"_links":{"self":[{"href":"https:\/\/mpc.ba.gov.br\/e\/wp-json\/wp\/v2\/pages\/35","targetHints":{"allow":["GET"]}}],"collection":[{"href":"https:\/\/mpc.ba.gov.br\/e\/wp-json\/wp\/v2\/pages"}],"about":[{"href":"https:\/\/mpc.ba.gov.br\/e\/wp-json\/wp\/v2\/types\/page"}],"author":[{"embeddable":true,"href":"https:\/\/mpc.ba.gov.br\/e\/wp-json\/wp\/v2\/users\/2"}],"replies":[{"embeddable":true,"href":"https:\/\/mpc.ba.gov.br\/e\/wp-json\/wp\/v2\/comments?post=35"}],"version-history":[{"count":10,"href":"https:\/\/mpc.ba.gov.br\/e\/wp-json\/wp\/v2\/pages\/35\/revisions"}],"predecessor-version":[{"id":2687,"href":"https:\/\/mpc.ba.gov.br\/e\/wp-json\/wp\/v2\/pages\/35\/revisions\/2687"}],"wp:attachment":[{"href":"https:\/\/mpc.ba.gov.br\/e\/wp-json\/wp\/v2\/media?parent=35"}],"curies":[{"name":"wp","href":"https:\/\/api.w.org\/{rel}","templated":true}]}}