{"id":469,"date":"2014-10-03T12:31:23","date_gmt":"2014-10-03T15:31:23","guid":{"rendered":"http:\/\/mpc.go.gov.br\/?page_id=469"},"modified":"2022-05-05T11:00:09","modified_gmt":"2022-05-05T14:00:09","slug":"transparencia","status":"publish","type":"page","link":"https:\/\/mpc.ba.gov.br\/e\/transparencia\/","title":{"rendered":"Transpar\u00eancia"},"content":{"rendered":"<p class=\"titulo\"><strong>Gest\u00e3o de Pessoas<\/strong><\/p>\n<p>Utilize as op\u00e7\u00f5es abaixo (Sistema do TCE) para realizar consultas individuais ou consolidadas sobre valores de remunera\u00e7\u00e3o dos Procuradores e Servidores, quantitativos dos cargos efetivos e comissionados, e tabela de vencimentos do MPC-BA.<\/p>\n<p><a href=\"https:\/\/www.tce.ba.gov.br\/institucional\/transparencia\/gestao-de-pessoas?view=article&amp;id=2416:tabela-de-vencimentos&amp;catid=43:transparencia\" target=\"_blank\" rel=\"noopener\">Tabela de vencimentos<\/a><\/p>\n<p><a href=\"https:\/\/www.tce.ba.gov.br\/images\/transparencia\/gestao-de-pessoas\/relacao_de_cargos_em_comissao_4t2018.pdf\" target=\"_blank\" rel=\"noopener\">Quantitativo de cargos comissionados<\/a><\/p>\n<p><a href=\"https:\/\/www.tce.ba.gov.br\/images\/transparencia\/gestao-de-pessoas\/relacao_de_cargos_efetivos_tce__4t2018.pdf\" target=\"_blank\" rel=\"noopener\">Quadro de cargos efetivos<\/a><\/p>\n<p><a href=\"https:\/\/www.tce.ba.gov.br\/images\/transparencia\/gestao-de-pessoas\/resumo_quadro_ativos_4t2018.pdf\" target=\"_blank\" rel=\"noopener\">Rela\u00e7\u00e3o entre cargos comissionados e efetivos<\/a><\/p>\n<p><a href=\"http:\/\/www.tce.ba.gov.br\/component\/cdsremuneracao\/?view=relacaonominal\" target=\"_blank\" rel=\"noopener\">Rela\u00e7\u00e3o nominal dos servidores<\/a><\/p>\n<p><a href=\"http:\/\/www.tce.ba.gov.br\/component\/cdsremuneracao\/?view=pesquisa\" target=\"_blank\" rel=\"noopener\">Consulta individual de remunera\u00e7\u00e3o<\/a><\/p>\n<p><a href=\"http:\/\/www.tce.ba.gov.br\/component\/cdsremuneracao\/?view=consolidado\" target=\"_blank\" rel=\"noopener\">Consulta consolidada de remunera\u00e7\u00e3o<\/a><\/p>\n<p>&nbsp;<\/p>\n<hr \/>\n<p class=\"titulo\"><strong>Relat\u00f3rios de Atividades<\/strong><\/p>\n<p>Acesse os Relat\u00f3rios de Atividades Anuais consolidados do MPC-BA clicando nos links abaixo (formato PDF):<\/p>\n<p><a href=\"http:\/\/mpc.ba.gov.br\/e\/wp-content\/uploads\/2019\/03\/Relat\u00f3rioGeral.2018.pdf\" target=\"_blank\" rel=\"noopener\">Relat\u00f3rio de Atividades 2018<\/a><\/p>\n<p><a href=\"http:\/\/mpc.ba.gov.br\/e\/wp-content\/uploads\/2019\/03\/Relat\u00f3rioGeral.2017.pdf\" target=\"_blank\" rel=\"noopener\">Relat\u00f3rio de Atividades 2017<\/a><\/p>\n<p>Relat\u00f3rio de Atividades 2016<\/p>\n<p><a href=\"http:\/\/mpc.ba.gov.br\/e\/wp-content\/uploads\/2019\/03\/Relat\u00f3rioGeral.2015.pdf\" target=\"_blank\" rel=\"noopener\">Relat\u00f3rio de Atividades 2015<\/a><\/p>\n","protected":false},"excerpt":{"rendered":"<p>Gest\u00e3o de Pessoas Utilize as op\u00e7\u00f5es abaixo (Sistema do TCE) para realizar consultas individuais ou consolidadas sobre valores de remunera\u00e7\u00e3o dos Procuradores e Servidores, quantitativos dos cargos efetivos e comissionados, e tabela de vencimentos do MPC-BA. Tabela de vencimentos Quantitativo de cargos comissionados Quadro de cargos efetivos Rela\u00e7\u00e3o entre cargos comissionados e efetivos Rela\u00e7\u00e3o nominal [&hellip;]<\/p>\n","protected":false},"author":2,"featured_media":0,"parent":0,"menu_order":0,"comment_status":"open","ping_status":"closed","template":"page-fullwidth.php","meta":{"footnotes":""},"class_list":["post-469","page","type-page","status-publish","hentry"],"_links":{"self":[{"href":"https:\/\/mpc.ba.gov.br\/e\/wp-json\/wp\/v2\/pages\/469","targetHints":{"allow":["GET"]}}],"collection":[{"href":"https:\/\/mpc.ba.gov.br\/e\/wp-json\/wp\/v2\/pages"}],"about":[{"href":"https:\/\/mpc.ba.gov.br\/e\/wp-json\/wp\/v2\/types\/page"}],"author":[{"embeddable":true,"href":"https:\/\/mpc.ba.gov.br\/e\/wp-json\/wp\/v2\/users\/2"}],"replies":[{"embeddable":true,"href":"https:\/\/mpc.ba.gov.br\/e\/wp-json\/wp\/v2\/comments?post=469"}],"version-history":[{"count":9,"href":"https:\/\/mpc.ba.gov.br\/e\/wp-json\/wp\/v2\/pages\/469\/revisions"}],"predecessor-version":[{"id":1915,"href":"https:\/\/mpc.ba.gov.br\/e\/wp-json\/wp\/v2\/pages\/469\/revisions\/1915"}],"wp:attachment":[{"href":"https:\/\/mpc.ba.gov.br\/e\/wp-json\/wp\/v2\/media?parent=469"}],"curies":[{"name":"wp","href":"https:\/\/api.w.org\/{rel}","templated":true}]}}