{"id":663,"date":"2014-10-27T10:26:33","date_gmt":"2014-10-27T13:26:33","guid":{"rendered":"http:\/\/mpc.go.gov.br\/e\/?page_id=663"},"modified":"2025-06-11T12:32:08","modified_gmt":"2025-06-11T15:32:08","slug":"artigos-e-publicacoes","status":"publish","type":"page","link":"https:\/\/mpc.ba.gov.br\/e\/acoes-e-estudos\/artigos-e-publicacoes\/","title":{"rendered":"Artigos e Publica\u00e7\u00f5es"},"content":{"rendered":"\n<figure class=\"wp-block-table\">\n<table class=\"has-fixed-layout\" style=\"width: 100%;\">\n<thead>\n<tr>\n<th style=\"width: 31.3096%;\">T\u00cdTULO<\/th>\n<th style=\"width: 20.238%;\">AUTOR<\/th>\n<th style=\"width: 20.8334%;\">PUBLICA\u00c7\u00c3O<\/th>\n<th style=\"width: 15%;\">DATA<\/th>\n<th style=\"width: 12.619%;\">VISUALIZAR<\/th>\n<\/tr>\n<\/thead>\n<tbody>\n<tr>\n<td style=\"text-align: center; width: 31.3096%;\">(Im)possibilidade de m\u00faltiplas interrup\u00e7\u00f5es da prescri\u00e7\u00e3o nos Tribunais de Contas<\/td>\n<td style=\"text-align: center; width: 20.238%;\">Danilo Ferreira Andrade<\/td>\n<td style=\"text-align: center; width: 20.8334%;\"><a href=\"https:\/\/www.jota.info\/artigos\/impossibilidade-de-multiplas-interrupcoes-da-prescricao-nos-tribunais-de-contas-25032024\" target=\"_blank\" rel=\"noopener\">Portal Jota<\/a><\/td>\n<td style=\"text-align: center; width: 15%;\">25\/03\/2024<\/td>\n<td style=\"text-align: center; width: 12.619%;\"><a href=\"http:\/\/mpc.ba.gov.br\/e\/wp-content\/uploads\/2024\/09\/Impossibilidade-de-multiplas-interrupcoes-da-prescricao-nos-Tribunais-de-Contas.-Jota.-Danilo-Andrade.pdf\" target=\"_blank\" rel=\"noopener\">.pdf<\/a><\/td>\n<\/tr>\n<tr>\n<td style=\"text-align: center; width: 31.3096%;\">Cartilha &#8211; Como fazer pedido de acesso \u00e0 informa\u00e7\u00e3o em 4 passos<\/td>\n<td style=\"text-align: center; width: 20.238%;\"><\/td>\n<td style=\"text-align: center; width: 20.8334%;\"><\/td>\n<td style=\"text-align: center; width: 15%;\">novembro\/2024<\/td>\n<td style=\"text-align: center; width: 12.619%;\"><a href=\"https:\/\/mpc.ba.gov.br\/e\/wp-content\/uploads\/2024\/11\/folder_MPC_ATUALIZACAO-A4porto-seguro-FINAL-1.pdf\" target=\"_blank\" rel=\"noopener\">.pdf<\/a><\/td>\n<\/tr>\n<tr>\n<td style=\"text-align: center; width: 31.3096%;\">O TCU pode admitir apenas uma interrup\u00e7\u00e3o da prescri\u00e7\u00e3o?<\/td>\n<td style=\"text-align: center; width: 20.238%;\">Danilo Ferreira Andrade<\/td>\n<td style=\"text-align: center; width: 20.8334%;\"><a href=\"https:\/\/www.conjur.com.br\/2025-jun-09\/o-tcu-pode-admitir-apenas-uma-interrupcao-da-prescricao\/\" target=\"_blank\" rel=\"noopener\">Portal Conjur<\/a><\/td>\n<td style=\"text-align: center; width: 15%;\">09\/06\/2025<\/td>\n<td style=\"text-align: center; width: 12.619%;\"><a href=\"https:\/\/mpc.ba.gov.br\/e\/wp-content\/uploads\/2025\/06\/Artigo.-O-TCU-pode-admitir-apenas-uma-interrupcao-da-prescricao.-Danilo-Ferreira-Andrade-1.pdf\" target=\"_blank\" rel=\"noopener\">.pdf<\/a><\/td>\n<\/tr>\n<\/tbody>\n<\/table>\n<\/figure>\n\n\n\n<p><\/p>\n","protected":false},"excerpt":{"rendered":"<p>T\u00cdTULO AUTOR PUBLICA\u00c7\u00c3O DATA VISUALIZAR (Im)possibilidade de m\u00faltiplas interrup\u00e7\u00f5es da prescri\u00e7\u00e3o nos Tribunais de Contas Danilo Ferreira Andrade Portal Jota 25\/03\/2024 .pdf Cartilha &#8211; Como fazer pedido de acesso \u00e0 informa\u00e7\u00e3o em 4 passos novembro\/2024 .pdf O TCU pode admitir apenas uma interrup\u00e7\u00e3o da prescri\u00e7\u00e3o? Danilo Ferreira Andrade Portal Conjur 09\/06\/2025 .pdf<\/p>\n","protected":false},"author":2,"featured_media":0,"parent":357,"menu_order":0,"comment_status":"open","ping_status":"closed","template":"page-fullwidth.php","meta":{"footnotes":""},"class_list":["post-663","page","type-page","status-publish","hentry"],"_links":{"self":[{"href":"https:\/\/mpc.ba.gov.br\/e\/wp-json\/wp\/v2\/pages\/663","targetHints":{"allow":["GET"]}}],"collection":[{"href":"https:\/\/mpc.ba.gov.br\/e\/wp-json\/wp\/v2\/pages"}],"about":[{"href":"https:\/\/mpc.ba.gov.br\/e\/wp-json\/wp\/v2\/types\/page"}],"author":[{"embeddable":true,"href":"https:\/\/mpc.ba.gov.br\/e\/wp-json\/wp\/v2\/users\/2"}],"replies":[{"embeddable":true,"href":"https:\/\/mpc.ba.gov.br\/e\/wp-json\/wp\/v2\/comments?post=663"}],"version-history":[{"count":14,"href":"https:\/\/mpc.ba.gov.br\/e\/wp-json\/wp\/v2\/pages\/663\/revisions"}],"predecessor-version":[{"id":3256,"href":"https:\/\/mpc.ba.gov.br\/e\/wp-json\/wp\/v2\/pages\/663\/revisions\/3256"}],"up":[{"embeddable":true,"href":"https:\/\/mpc.ba.gov.br\/e\/wp-json\/wp\/v2\/pages\/357"}],"wp:attachment":[{"href":"https:\/\/mpc.ba.gov.br\/e\/wp-json\/wp\/v2\/media?parent=663"}],"curies":[{"name":"wp","href":"https:\/\/api.w.org\/{rel}","templated":true}]}}