{"id":757,"date":"2014-12-01T13:12:29","date_gmt":"2014-12-01T13:12:29","guid":{"rendered":"http:\/\/mpc.ba.gov.br\/e\/?page_id=757"},"modified":"2014-12-01T13:16:21","modified_gmt":"2014-12-01T13:16:21","slug":"atuacao","status":"publish","type":"page","link":"https:\/\/mpc.ba.gov.br\/e\/institucional\/atuacao\/","title":{"rendered":"Atua\u00e7\u00e3o"},"content":{"rendered":"<p>Ao Minist\u00e9rio P\u00fablico de Contas do Estado da Bahia compete promover a defesa da ordem jur\u00eddica, objetivando, como guarda da lei e fiscal de sua execu\u00e7\u00e3o, assegurar a concreta observ\u00e2ncia, pela Administra\u00e7\u00e3o P\u00fablica, dos princ\u00edpios constitucionais da legalidade, impessoalidade, moralidade, publicidade e efici\u00eancia, no que se refere \u00e0 fiscaliza\u00e7\u00e3o cont\u00e1bil, financeira, or\u00e7ament\u00e1ria, operacional e patrimonial do Estado da Bahia, requerendo, para tanto, as medidas de interesse da justi\u00e7a, da administra\u00e7\u00e3o e do er\u00e1rio.<\/p>\n<p>No desempenho dessa elevada compet\u00eancia, o Minist\u00e9rio P\u00fablico de Contas participa de sess\u00f5es de julgamento, manifesta-se em processos de controle externo, interp\u00f5e recursos previstos em lei, instaura procedimentos investigat\u00f3rios, requisita documentos, celebra termos de ajustamento de conduta, firma conv\u00eanios de coopera\u00e7\u00e3o com os demais \u00f3rg\u00e3os de controle e ramos do Minist\u00e9rio P\u00fablico, acompanha a cobran\u00e7a judicial e o arresto dos bens de respons\u00e1veis que causaram dano ao er\u00e1rio, entre outras medidas necess\u00e1rias \u00e0 consecu\u00e7\u00e3o de sua miss\u00e3o.<\/p>\n<p>Minist\u00e9rio P\u00fablico de Contas apresenta-se, assim, como \u00f3rg\u00e3o de defesa da sociedade baiana no combate \u00e0 corrup\u00e7\u00e3o e \u00e0 m\u00e1 gest\u00e3o dos recursos p\u00fablicos.<\/p>\n","protected":false},"excerpt":{"rendered":"<p>Ao Minist\u00e9rio P\u00fablico de Contas do Estado da Bahia compete promover a defesa da ordem jur\u00eddica, objetivando, como guarda da lei e fiscal de sua execu\u00e7\u00e3o, assegurar a concreta observ\u00e2ncia, pela Administra\u00e7\u00e3o P\u00fablica, dos princ\u00edpios constitucionais da legalidade, impessoalidade, moralidade, publicidade e efici\u00eancia, no que se refere \u00e0 fiscaliza\u00e7\u00e3o cont\u00e1bil, financeira, or\u00e7ament\u00e1ria, operacional e patrimonial [&hellip;]<\/p>\n","protected":false},"author":1,"featured_media":0,"parent":449,"menu_order":0,"comment_status":"open","ping_status":"closed","template":"page-fullwidth.php","meta":{"footnotes":""},"class_list":["post-757","page","type-page","status-publish","hentry"],"_links":{"self":[{"href":"https:\/\/mpc.ba.gov.br\/e\/wp-json\/wp\/v2\/pages\/757","targetHints":{"allow":["GET"]}}],"collection":[{"href":"https:\/\/mpc.ba.gov.br\/e\/wp-json\/wp\/v2\/pages"}],"about":[{"href":"https:\/\/mpc.ba.gov.br\/e\/wp-json\/wp\/v2\/types\/page"}],"author":[{"embeddable":true,"href":"https:\/\/mpc.ba.gov.br\/e\/wp-json\/wp\/v2\/users\/1"}],"replies":[{"embeddable":true,"href":"https:\/\/mpc.ba.gov.br\/e\/wp-json\/wp\/v2\/comments?post=757"}],"version-history":[{"count":1,"href":"https:\/\/mpc.ba.gov.br\/e\/wp-json\/wp\/v2\/pages\/757\/revisions"}],"predecessor-version":[{"id":758,"href":"https:\/\/mpc.ba.gov.br\/e\/wp-json\/wp\/v2\/pages\/757\/revisions\/758"}],"up":[{"embeddable":true,"href":"https:\/\/mpc.ba.gov.br\/e\/wp-json\/wp\/v2\/pages\/449"}],"wp:attachment":[{"href":"https:\/\/mpc.ba.gov.br\/e\/wp-json\/wp\/v2\/media?parent=757"}],"curies":[{"name":"wp","href":"https:\/\/api.w.org\/{rel}","templated":true}]}}