{"id":768,"date":"2015-02-12T13:29:52","date_gmt":"2015-02-12T16:29:52","guid":{"rendered":"http:\/\/mpc.ba.gov.br\/e\/?page_id=768"},"modified":"2026-04-07T15:04:47","modified_gmt":"2026-04-07T18:04:47","slug":"procurador-geral-de-contas","status":"publish","type":"page","link":"https:\/\/mpc.ba.gov.br\/e\/composicao\/procurador-geral-de-contas\/","title":{"rendered":"Procuradora-geral de Contas"},"content":{"rendered":"<p><a href=\"https:\/\/mpc.ba.gov.br\/e\/wp-content\/uploads\/2025\/05\/Dra_camila_luz.jpeg\"><img loading=\"lazy\" decoding=\"async\" class=\"alignnone wp-image-3176 \" src=\"https:\/\/mpc.ba.gov.br\/e\/wp-content\/uploads\/2025\/05\/Dra_camila_luz-899x1024.jpeg\" alt=\"\" width=\"254\" height=\"289\" srcset=\"https:\/\/mpc.ba.gov.br\/e\/wp-content\/uploads\/2025\/05\/Dra_camila_luz-899x1024.jpeg 899w, https:\/\/mpc.ba.gov.br\/e\/wp-content\/uploads\/2025\/05\/Dra_camila_luz-263x300.jpeg 263w, https:\/\/mpc.ba.gov.br\/e\/wp-content\/uploads\/2025\/05\/Dra_camila_luz-768x875.jpeg 768w, https:\/\/mpc.ba.gov.br\/e\/wp-content\/uploads\/2025\/05\/Dra_camila_luz.jpeg 1064w\" sizes=\"auto, (max-width: 254px) 100vw, 254px\" \/><\/a><\/p>\n<p>Procuradora-geral de Contas no Bi\u00eanio 2025-2027<\/p>\n<p>Dr\u00aa. Camila Luz<\/p>\n<p>E-mail:\u00a0<a href=\"mailto:camila.luz@mpc.ba.gov.br\">camila.luz@mpc.ba.gov.br<\/a><\/p>\n<ul>\n<li>\n<ul>\n<li>Gradua\u00e7\u00e3o em Direito \u2013 UCSAL (2005);<\/li>\n<li>P\u00f3s-Gradua\u00e7\u00e3o em Direito do Estado \u2013 Juspodivm\/Faculdade Unyahna (2006);<\/li>\n<li>P\u00f3s-Gradua\u00e7\u00e3o em \u201cPreven\u00e7\u00e3o e Repress\u00e3o \u00e0 Corrup\u00e7\u00e3o \u2013 aspectos te\u00f3ricos e pr\u00e1ticos\u201d \u2013 Est\u00e1cio\/Complexo de Ensino Renato Saraiva (2018);<\/li>\n<li>Ocupou o cargo efetivo de Analista Judici\u00e1rio privativo de bacharel em Direito nos Juizados Especiais C\u00edveis entre novembro de 2007 e julho de 2011;<\/li>\n<li>Ocupou o cargo de Assessor de Juiz entre agosto de 2011 e mar\u00e7o de 2013;<\/li>\n<li>Ocupou o cargo de Assessor Jur\u00eddico de Desembargador entre abril de 2013 e setembro de 2013;<\/li>\n<li>Aprovada em 5\u00ba lugar no concurso p\u00fablico para o cargo de Procurador do Minist\u00e9rio P\u00fablico de Contas do Estado da Bahia, no qual tomou posse em 03 de outubro de 2013.<\/li>\n<li>Condecorada em 20 de mar\u00e7o de 2026 com a Medalha do M\u00e9rito Tr\u00eas Marias- Hero\u00ednas do Brasil, pelas a\u00e7\u00f5es em favor do empoderamento do g\u00eanero feminino no Estado da Bahia e, em particular, em favor das causas da Seguran\u00e7a P\u00fablica.<\/li>\n<\/ul>\n<\/li>\n<\/ul>\n<hr \/>\n<p>Substitui\u00e7\u00e3o da Procuradora-geral de Contas<\/p>\n<p>Conforme disposto no art. 18 da Resolu\u00e7\u00e3o MPC-BA n\u00ba 12, de 10 de abril de 2024, a Procuradora-geral do Minist\u00e9rio P\u00fablico de Contas do Estado da Bahia ser\u00e1 substitu\u00edda, em suas aus\u00eancias ou impedimentos, pelo Procurador-geral de Contas Adjunto, nos termos do art. 1\u00ba, \u00a74\u00ba, da Lei Estadual n\u00ba 10.574\/2006.<\/p>\n<p>Por meio da Portaria MPC-BA n\u00ba 30, de 08 de abril de 2025, a Procuradora-geral designou o Procurador de Contas Maur\u00edcio Caleffi para o exerc\u00edcio da fun\u00e7\u00e3o de Procurador-Geral Adjunto, no per\u00edodo compreendido entre 27 de fevereiro de 2025 e 26 de fevereiro de 2027.<\/p>\n","protected":false},"excerpt":{"rendered":"<p>Procuradora-geral de Contas no Bi\u00eanio 2025-2027 Dr\u00aa. Camila Luz E-mail:\u00a0camila.luz@mpc.ba.gov.br Gradua\u00e7\u00e3o em Direito \u2013 UCSAL (2005); P\u00f3s-Gradua\u00e7\u00e3o em Direito do Estado \u2013 Juspodivm\/Faculdade Unyahna (2006); P\u00f3s-Gradua\u00e7\u00e3o em \u201cPreven\u00e7\u00e3o e Repress\u00e3o \u00e0 Corrup\u00e7\u00e3o \u2013 aspectos te\u00f3ricos e pr\u00e1ticos\u201d \u2013 Est\u00e1cio\/Complexo de Ensino Renato Saraiva (2018); Ocupou o cargo efetivo de Analista Judici\u00e1rio privativo de bacharel em [&hellip;]<\/p>\n","protected":false},"author":4,"featured_media":0,"parent":162,"menu_order":1,"comment_status":"open","ping_status":"closed","template":"page-fullwidth.php","meta":{"footnotes":""},"class_list":["post-768","page","type-page","status-publish","hentry"],"_links":{"self":[{"href":"https:\/\/mpc.ba.gov.br\/e\/wp-json\/wp\/v2\/pages\/768","targetHints":{"allow":["GET"]}}],"collection":[{"href":"https:\/\/mpc.ba.gov.br\/e\/wp-json\/wp\/v2\/pages"}],"about":[{"href":"https:\/\/mpc.ba.gov.br\/e\/wp-json\/wp\/v2\/types\/page"}],"author":[{"embeddable":true,"href":"https:\/\/mpc.ba.gov.br\/e\/wp-json\/wp\/v2\/users\/4"}],"replies":[{"embeddable":true,"href":"https:\/\/mpc.ba.gov.br\/e\/wp-json\/wp\/v2\/comments?post=768"}],"version-history":[{"count":26,"href":"https:\/\/mpc.ba.gov.br\/e\/wp-json\/wp\/v2\/pages\/768\/revisions"}],"predecessor-version":[{"id":3543,"href":"https:\/\/mpc.ba.gov.br\/e\/wp-json\/wp\/v2\/pages\/768\/revisions\/3543"}],"up":[{"embeddable":true,"href":"https:\/\/mpc.ba.gov.br\/e\/wp-json\/wp\/v2\/pages\/162"}],"wp:attachment":[{"href":"https:\/\/mpc.ba.gov.br\/e\/wp-json\/wp\/v2\/media?parent=768"}],"curies":[{"name":"wp","href":"https:\/\/api.w.org\/{rel}","templated":true}]}}