{"id":770,"date":"2015-02-12T13:32:32","date_gmt":"2015-02-12T16:32:32","guid":{"rendered":"http:\/\/mpc.ba.gov.br\/e\/?page_id=770"},"modified":"2025-05-16T10:47:05","modified_gmt":"2025-05-16T13:47:05","slug":"procuradores","status":"publish","type":"page","link":"https:\/\/mpc.ba.gov.br\/e\/composicao\/procuradores\/","title":{"rendered":"Procuradores"},"content":{"rendered":"<p><a href=\"http:\/\/mpc.ba.gov.br\/e\/wp-content\/uploads\/2015\/02\/Dr-Caleffi.jpg\"><img loading=\"lazy\" decoding=\"async\" class=\"alignnone size-medium wp-image-828\" src=\"http:\/\/mpc.ba.gov.br\/e\/wp-content\/uploads\/2015\/02\/Dr-Caleffi-300x300.jpg\" alt=\"Dr-Caleffi\" width=\"300\" height=\"300\" srcset=\"https:\/\/mpc.ba.gov.br\/e\/wp-content\/uploads\/2015\/02\/Dr-Caleffi-300x300.jpg 300w, https:\/\/mpc.ba.gov.br\/e\/wp-content\/uploads\/2015\/02\/Dr-Caleffi-150x150.jpg 150w, https:\/\/mpc.ba.gov.br\/e\/wp-content\/uploads\/2015\/02\/Dr-Caleffi.jpg 452w\" sizes=\"auto, (max-width: 300px) 100vw, 300px\" \/><\/a><\/p>\n<p><span style=\"color: #333333;\"><span style=\"font-family: Arial, sans-serif;\"><span style=\"font-size: small;\"><b>1\u00aa Procuradoria de Contas<\/b><\/span><\/span><\/span><\/p>\n<p><strong><span style=\"color: #333333;\"><span style=\"font-family: Arial, sans-serif;\"><span style=\"font-size: small;\"><b>Procurador\u00a0Maur\u00edcio Caleffi<\/b><\/span><\/span><\/span><\/strong><\/p>\n<p><strong><span style=\"color: #333333;\"><span style=\"font-family: Arial, sans-serif;\"><span style=\"font-size: small;\"><b>Procurador-geral de Contas Adjunto no Bi\u00eanio 2025-2027<\/b><\/span><\/span><\/span><\/strong><\/p>\n<p><strong><span style=\"color: #333333;\"><span style=\"font-family: Arial, sans-serif;\"><span style=\"font-size: small;\"><b>E-mail: <\/b><\/span><\/span><\/span><\/strong><a href=\"mailto:mauricio.caleffi@mpc.ba.gov.br\"><span style=\"color: #333333;\"><span style=\"font-family: Arial, sans-serif;\"><span style=\"font-size: small;\">mauricio.caleffi@mpc.ba.gov.br<\/span><\/span><\/span><\/a><\/p>\n<ul>\n<li><span style=\"color: #333333;\"><span style=\"font-family: Arial, sans-serif;\"><span style=\"font-size: small;\">Gradua\u00e7\u00e3o em Ci\u00eancias Cont\u00e1beis, com l\u00e1urea acad\u00eamica &#8211; Faculdades Jorge Amado (2006);<\/span><\/span><\/span><\/li>\n<li><span style=\"color: #333333;\"><span style=\"font-family: Arial, sans-serif;\"><span style=\"font-size: small;\">Gradua\u00e7\u00e3o em Direito &#8211; Universidade Federal da Bahia (2007);<\/span><\/span><\/span><\/li>\n<li><span style=\"color: #333333;\"><span style=\"font-family: Arial, sans-serif;\"><span style=\"font-size: small;\">Ocupou o cargo de T\u00e9cnico Judici\u00e1rio do Tribunal Regional Eleitoral da Bahia entre dezembro de 2004 e outubro de 2008;<\/span><\/span><\/span><\/li>\n<li><span style=\"color: #333333;\"><span style=\"font-family: Arial, sans-serif;\"><span style=\"font-size: small;\">Ocupou o cargo de Analista de Finan\u00e7as e Controle da Controladoria Geral da Uni\u00e3o, exercendo suas atribui\u00e7\u00f5es, entre outubro de 2008 e fevereiro de 2011, na Assessoria Jur\u00eddica do Ministro-Chefe da CGU;<\/span><\/span><\/span><\/li>\n<li><span style=\"color: #333333;\"><span style=\"font-family: Arial, sans-serif;\"><span style=\"font-size: small;\">Aprovado em 3\u00ba lugar no concurso p\u00fablico para o cargo de Procurador do Minist\u00e9rio P\u00fablico de Contas do Estado da Bahia, no qual tomou posse em 10 de fevereiro de 2011;<\/span><\/span><\/span><\/li>\n<li><span style=\"color: #333333;\"><span style=\"font-family: Arial, sans-serif;\"><span style=\"font-size: small;\">Nomeado para o exerc\u00edcio do cargo de Procurador-Geral do Minist\u00e9rio P\u00fablico de Contas do Estado da Bahia, bi\u00eanios 2011-2013 e 2013-2015.<\/span><\/span><\/span><\/li>\n<\/ul>\n<hr \/>\n<p><a href=\"http:\/\/mpc.ba.gov.br\/e\/wp-content\/uploads\/2015\/02\/Dra-Erika.jpg\"><img loading=\"lazy\" decoding=\"async\" class=\"alignnone size-medium wp-image-848\" src=\"http:\/\/mpc.ba.gov.br\/e\/wp-content\/uploads\/2015\/02\/Dra-Erika-300x300.jpg\" alt=\"Dra-Erika\" width=\"300\" height=\"300\" srcset=\"https:\/\/mpc.ba.gov.br\/e\/wp-content\/uploads\/2015\/02\/Dra-Erika-300x300.jpg 300w, https:\/\/mpc.ba.gov.br\/e\/wp-content\/uploads\/2015\/02\/Dra-Erika-150x150.jpg 150w, https:\/\/mpc.ba.gov.br\/e\/wp-content\/uploads\/2015\/02\/Dra-Erika.jpg 451w\" sizes=\"auto, (max-width: 300px) 100vw, 300px\" \/><\/a><\/p>\n<p><strong><span style=\"color: #333333;\"><span style=\"font-family: Arial, sans-serif;\"><span style=\"font-size: small;\">2\u00aa Procuradoria de Contas<\/span><\/span><\/span><\/strong><\/p>\n<p><span style=\"font-family: Arial, sans-serif;\"><span style=\"font-size: small;\"><b>Procuradora Erika de Oliveira Almeida<\/b><\/span><\/span><\/p>\n<p><span style=\"font-family: Arial, sans-serif;\"><span style=\"font-size: small;\"><b>E<\/b><\/span><\/span><span style=\"font-family: Arial, sans-serif;\"><span style=\"font-size: small;\"><b>-mail:<\/b><\/span><\/span> <span style=\"color: #333333;\"><span style=\"font-family: Arial, sans-serif;\"><span style=\"font-size: small;\">erika.oliveira@mpc.ba.gov.br<\/span><\/span><\/span><\/p>\n<ul>\n<li><span style=\"color: #333333;\"><span style=\"font-family: Arial, sans-serif;\"><span style=\"font-size: small;\">Gradua\u00e7\u00e3o em Direito &#8211; Universidade Cat\u00f3lica do Salvador (UCSAL) (2004);<\/span><\/span><\/span><\/li>\n<li><span style=\"color: #333333;\"><span style=\"font-family: Arial, sans-serif;\"><span style=\"font-size: small;\">P\u00f3s-gradua\u00e7\u00e3o (lato sensu) Preparat\u00f3rio \u00e0 Carreira de Magistratura &#8211; Escola de Magistrados da Bahia (EMAB) (2006);<\/span><\/span><\/span><\/li>\n<li><span style=\"color: #333333;\"><span style=\"font-family: Arial, sans-serif;\"><span style=\"font-size: small;\">P\u00f3s-gradua\u00e7\u00e3o (lato sensu) em Direito P\u00fablico \u2013 parceria entre o Instituto de Educa\u00e7\u00e3o Superior UNYAHNA de Salvador e o Centro de Estudos Jur\u00eddicos (CEJUS) de Salvador (2008);<\/span><\/span><\/span><\/li>\n<li><span style=\"color: #333333;\"><span style=\"font-family: Arial, sans-serif;\"><span style=\"font-size: small;\">Capacita\u00e7\u00e3o em Pr\u00e1ticas Judici\u00e1rias \u2013 Escola de Direito da Funda\u00e7\u00e3o Get\u00falio Vargas (FGV) e Universidade Corporativa do Tribunal de Justi\u00e7a do Estado da Bahia (UNICORP) (2011);<\/span><\/span><\/span><\/li>\n<li><span style=\"color: #333333;\"><span style=\"font-family: Arial, sans-serif;\"><span style=\"font-size: small;\">Ocupou o cargo comissionado de assessora de magistrados nas Turmas Recursais dos Juizados Especiais C\u00edveis do Tribunal de Justi\u00e7a do Estado da Bahia entre julho de 2006 e julho de 2008;<\/span><\/span><\/span><\/li>\n<li><span style=\"color: #333333;\"><span style=\"font-family: Arial, sans-serif;\"><span style=\"font-size: small;\">Ocupou o cargo efetivo de analista judici\u00e1rio do Tribunal de Justi\u00e7a do Estado da Bahia entre mar\u00e7o de 2009 e julho de 2011;<\/span><\/span><\/span><\/li>\n<li><span style=\"color: #333333;\"><span style=\"font-family: Arial, sans-serif;\"><span style=\"font-size: small;\">Ocupou o cargo comissionado de assessora de magistrado do Juizado de Defesa do Consumidor do Tribunal de Justi\u00e7a do Estado da Bahia entre agosto de 2011 e agosto de\u00a0<\/span><\/span><\/span><span style=\"color: #333333;\"><span style=\"font-family: Arial, sans-serif;\"><span style=\"font-size: small;\">2012;<\/span><\/span><\/span><\/li>\n<li><span style=\"color: #333333;\"><span style=\"font-family: Arial, sans-serif;\"><span style=\"font-size: small;\">Ocupou o cargo efetivo de Procuradora Federal da carreira da Advocacia-Geral da Uni\u00e3o, exerc\u00edcio na Procuradoria Federal Especializada junto ao Instituto Nacional do Seguro Social em Altamira\/PA, entre agosto de 2012 e julho de 2014;<\/span><\/span><\/span><\/li>\n<li><span style=\"color: #333333;\"><span style=\"font-family: Arial, sans-serif;\"><span style=\"font-size: small;\">Aprovada em 6\u00ba lugar no concurso p\u00fablico para o cargo de Procurador do Minist\u00e9rio P\u00fablico de Contas do Estado da Bahia, em exerc\u00edcio a partir de 15 de julho de 2014.<\/span><\/span><\/span><\/li>\n<\/ul>\n<hr \/>\n<p><a href=\"http:\/\/mpc.ba.gov.br\/e\/wp-content\/uploads\/2015\/02\/Dr-Marcel.jpg\"><img loading=\"lazy\" decoding=\"async\" class=\"alignnone size-medium wp-image-830\" src=\"http:\/\/mpc.ba.gov.br\/e\/wp-content\/uploads\/2015\/02\/Dr-Marcel-300x300.jpg\" alt=\"Dr-Marcel\" width=\"300\" height=\"300\" srcset=\"https:\/\/mpc.ba.gov.br\/e\/wp-content\/uploads\/2015\/02\/Dr-Marcel-300x300.jpg 300w, https:\/\/mpc.ba.gov.br\/e\/wp-content\/uploads\/2015\/02\/Dr-Marcel-150x150.jpg 150w, https:\/\/mpc.ba.gov.br\/e\/wp-content\/uploads\/2015\/02\/Dr-Marcel.jpg 452w\" sizes=\"auto, (max-width: 300px) 100vw, 300px\" \/><\/a><\/p>\n<p><span style=\"color: #000000;\"><span style=\"font-family: Arial, sans-serif;\"><span style=\"font-size: small;\"><b>3\u00aa Procuradoria de Contas<\/b><\/span><\/span><\/span><\/p>\n<p><span style=\"color: #000000;\"><span style=\"font-family: Arial, sans-serif;\"><span style=\"font-size: small;\"><b>Procurador Marcel Siqueira Santos<\/b><\/span><\/span><\/span><\/p>\n<p><strong><span style=\"color: #333333;\"><span style=\"font-family: Arial, sans-serif;\"><span style=\"font-size: small;\"><b>E-mail: <\/b><\/span><\/span><\/span><\/strong><a href=\"mailto:marcel.santos@mpc.ba.gov.br\"><span style=\"color: #333333;\"><span style=\"font-family: Arial, sans-serif;\"><span style=\"font-size: small;\">marcel.santos@mpc.ba.gov.br<\/span><\/span><\/span><\/a><\/p>\n<ul>\n<li><span style=\"color: #333333;\"><span style=\"font-family: Arial, sans-serif;\"><span style=\"font-size: small;\">Gradua\u00e7\u00e3o em Direito &#8211; Universidade Cat\u00f3lica do Salvador (2007);<\/span><\/span><\/span><\/li>\n<li><span style=\"color: #333333;\"><span style=\"font-family: Arial, sans-serif;\"><span style=\"font-size: small;\">P\u00f3s-Gradua\u00e7\u00e3o (lato sensu) em Direito do Estado &#8211; Juspodivm\/Faculdade Baiana de Direito (2009);<\/span><\/span><\/span><\/li>\n<li><span style=\"color: #333333;\"><span style=\"font-family: Arial, sans-serif;\"><span style=\"font-size: small;\">Aprovado em 1\u00ba lugar no concurso p\u00fablico para o cargo de Procurador do Minist\u00e9rio P\u00fablico de Contas do Estado da Bahia, no qual tomou posse em 10 de fevereiro de 2011.<\/span><\/span><\/span><\/li>\n<\/ul>\n<hr \/>\n<p><a href=\"http:\/\/mpc.ba.gov.br\/e\/wp-content\/uploads\/2015\/02\/Dr-Danilo.jpg\"><img loading=\"lazy\" decoding=\"async\" class=\"alignnone size-medium wp-image-820\" src=\"http:\/\/mpc.ba.gov.br\/e\/wp-content\/uploads\/2015\/02\/Dr-Danilo-300x300.jpg\" alt=\"Dr-Danilo\" width=\"300\" height=\"300\" srcset=\"https:\/\/mpc.ba.gov.br\/e\/wp-content\/uploads\/2015\/02\/Dr-Danilo-300x300.jpg 300w, https:\/\/mpc.ba.gov.br\/e\/wp-content\/uploads\/2015\/02\/Dr-Danilo-150x150.jpg 150w, https:\/\/mpc.ba.gov.br\/e\/wp-content\/uploads\/2015\/02\/Dr-Danilo.jpg 452w\" sizes=\"auto, (max-width: 300px) 100vw, 300px\" \/><\/a><\/p>\n<p><span style=\"color: #333333;\"><span style=\"font-family: Arial, sans-serif;\"><span style=\"font-size: small;\"><b>4\u00aa Procuradoria de Contas<\/b><\/span><\/span><\/span><\/p>\n<p><strong><span style=\"color: #333333;\"><span style=\"font-family: Arial, sans-serif;\"><span style=\"font-size: small;\"><b>Procurador Danilo Ferreira Andrade<\/b><\/span><\/span><\/span><\/strong><\/p>\n<p><strong><span style=\"color: #333333;\"><span style=\"font-family: Arial, sans-serif;\"><span style=\"font-size: small;\"><b>Corregedor de Contas no Bi\u00eanio 2025-2027<\/b><\/span><\/span><\/span><\/strong><\/p>\n<p><strong><span style=\"color: #333333;\"><span style=\"font-family: Arial, sans-serif;\"><span style=\"font-size: small;\"><b>E-mail: <\/b><\/span><\/span><\/span><\/strong><a href=\"mailto:danilo.andrade@mpc.ba.gov.br\"><span style=\"color: #333333;\"><span style=\"font-family: Arial, sans-serif;\"><span style=\"font-size: small;\">danilo.andrade@mpc.ba.gov.br<\/span><\/span><\/span><\/a><\/p>\n<ul>\n<li><span style=\"color: #333333;\"><span style=\"font-family: Arial, sans-serif;\"><span style=\"font-size: small;\">Gradua\u00e7\u00e3o em Direto, com l\u00e1urea acad\u00eamica &#8211; Universidade Federal da Bahia (2007);<\/span><\/span><\/span><\/li>\n<li><span style=\"color: #333333;\"> <span style=\"font-family: Arial, sans-serif;\"><span style=\"font-size: small;\">P\u00f3s-Gradua\u00e7\u00e3o (lato sensu) em Direito Processual Civil &#8211; Universidade Federal da Bahia (2009);<\/span><\/span><\/span><\/li>\n<li><span style=\"color: #333333;\"> <span style=\"font-family: Arial, sans-serif;\"><span style=\"font-size: small;\">Aprovado em 2\u00ba lugar no concurso p\u00fablico para o cargo de Procurador do Minist\u00e9rio P\u00fablico de Contas do Estado da Bahia, no qual tomou posse em 10 de fevereiro de 2011;<\/span><\/span><\/span><\/li>\n<li><span style=\"color: #333333;\"><span style=\"font-family: Arial, sans-serif;\"><span style=\"font-size: small;\">Nomeado para o exerc\u00edcio do cargo de Procurador-Geral do Minist\u00e9rio P\u00fablico de Contas do Estado da Bahia, bi\u00eanios 2015-2017 e 2017-2019.<\/span><\/span><\/span><\/li>\n<\/ul>\n<hr \/>\n<p><a href=\"http:\/\/mpc.ba.gov.br\/e\/wp-content\/uploads\/2015\/02\/Dr-Tarciso.jpg\"><img loading=\"lazy\" decoding=\"async\" class=\"alignnone size-medium wp-image-846\" src=\"http:\/\/mpc.ba.gov.br\/e\/wp-content\/uploads\/2015\/02\/Dr-Tarciso-300x300.jpg\" alt=\"\" width=\"300\" height=\"300\" srcset=\"https:\/\/mpc.ba.gov.br\/e\/wp-content\/uploads\/2015\/02\/Dr-Tarciso-300x300.jpg 300w, https:\/\/mpc.ba.gov.br\/e\/wp-content\/uploads\/2015\/02\/Dr-Tarciso-150x150.jpg 150w, https:\/\/mpc.ba.gov.br\/e\/wp-content\/uploads\/2015\/02\/Dr-Tarciso.jpg 452w\" sizes=\"auto, (max-width: 300px) 100vw, 300px\" \/><\/a><\/p>\n<p><span style=\"color: #333333;\"><span style=\"font-family: Arial, sans-serif;\"><span style=\"font-size: small;\"><b>5\u00aa Procuradoria de Contas<\/b><\/span><\/span><\/span><\/p>\n<p><span style=\"color: #333333;\"><span style=\"font-family: Arial, sans-serif;\"><span style=\"font-size: small;\"><b>Procurador Ant\u00f4nio Tarciso Carvalho<\/b><\/span><\/span><\/span><\/p>\n<p><strong><span style=\"color: #333333;\"><span style=\"font-family: Arial, sans-serif;\"><span style=\"font-size: small;\"><b>Corregedor de Contas Adjunto no Bi\u00eanio 2025-2027<\/b><\/span><\/span><\/span><\/strong><\/p>\n<p><strong><span style=\"color: #333333;\"><span style=\"font-family: Arial, sans-serif;\"><span style=\"font-size: small;\"><b>E-mail: <\/b><\/span><\/span><\/span><\/strong><a href=\"mailto:tarciso.carvalho@mpc.ba.gov.br\"><span style=\"color: #333333;\"><span style=\"font-family: Arial, sans-serif;\"><span style=\"font-size: small;\">tarciso.carvalho@mpc.ba.gov.br<\/span><\/span><\/span><\/a><\/p>\n<ul>\n<li><span style=\"color: #333333;\"><span style=\"font-family: Arial, sans-serif;\"><span style=\"font-size: small;\">Gradua\u00e7\u00e3o em Direito \u2013 Universidade Federal da Bahia (2006);<\/span><\/span><\/span><\/li>\n<li><span style=\"color: #333333;\"><span style=\"font-family: Arial, sans-serif;\"><span style=\"font-size: small;\">P\u00f3s-gradua\u00e7\u00e3o em Direito P\u00fablico \u2013 Centro de Cultura Jur\u00eddica da Bahia (2008);<\/span><\/span><\/span><\/li>\n<li><span style=\"color: #333333;\"><span style=\"font-family: Arial, sans-serif;\"><span style=\"font-size: small;\">Ocupou o cargo efetivo de T\u00e9cnico Judici\u00e1rio do Tribunal Regional Eleitoral da Bahia entre mar\u00e7o de 2006 e agosto de 2010;<\/span><\/span><\/span><\/li>\n<li><span style=\"color: #333333;\"><span style=\"font-family: Arial, sans-serif;\"><span style=\"font-size: small;\">Exerceu a fun\u00e7\u00e3o de Assistente T\u00e9cnico na Coordena\u00e7\u00e3o dos Juizados Especiais Federais do Tribunal Regional Federal da 1\u00aa Regi\u00e3o, Se\u00e7\u00e3o Judici\u00e1ria do Estado da Bahia, entre julho de 2009 e agosto de 2010;<\/span><\/span><\/span><\/li>\n<li><span style=\"color: #333333;\"><span style=\"font-family: Arial, sans-serif;\"><span style=\"font-size: small;\">Ocupou o cargo efetivo de Analista Judici\u00e1rio do Tribunal Regional do Trabalho da 5\u00aa Regi\u00e3o entre agosto de 2010 e julho de 2014;<\/span><\/span><\/span><\/li>\n<li><span style=\"color: #333333;\"><span style=\"font-family: Arial, sans-serif;\"><span style=\"font-size: small;\">Aprovado em 7\u00ba lugar no concurso p\u00fablico para o cargo de Procurador do Minist\u00e9rio P\u00fablico Especial junto ao Tribunal de Contas do Estado da Bahia, no qual tomou posse em 15 de julho de 2014;<\/span><\/span><\/span><\/li>\n<li><span style=\"color: #333333;\"><span style=\"font-family: Arial, sans-serif;\"><span style=\"font-size: small;\">Nomeado para o exerc\u00edcio do cargo de Procurador-Geral do Minist\u00e9rio P\u00fablico de Contas do Estado da Bahia, bi\u00eanios 2019-2021 e 2021-2023<\/span><\/span><\/span><span style=\"color: #333333;\"><span style=\"font-family: Arial, sans-serif;\"><span style=\"font-size: small;\">.<\/span><\/span><\/span><\/li>\n<\/ul>\n\n\n<hr class=\"wp-block-separator has-alpha-channel-opacity\"\/>\n\n\n\n<p><\/p>\n\n\n\n<p><strong>Substitui\u00e7\u00e3o das Procuradorias<\/strong><\/p>\n\n\n\n<p>Conforme disposto no art. 14 da Resolu\u00e7\u00e3o MPC-BA n\u00ba 12, de 10 de abril de 2024, em caso de afastamento do Procurador titular por <strong>at\u00e9 30 dias<\/strong>, o Procurador substituto ser\u00e1 definido conforme a ordem de substitui\u00e7\u00e3o constante na Tabela Anexo II:<\/p>\n\n\n\n<figure class=\"wp-block-image size-full\"><a href=\"https:\/\/mpc.ba.gov.br\/e\/wp-content\/uploads\/2025\/05\/image.png\"><img loading=\"lazy\" decoding=\"async\" width=\"355\" height=\"185\" src=\"https:\/\/mpc.ba.gov.br\/e\/wp-content\/uploads\/2025\/05\/image.png\" alt=\"\" class=\"wp-image-3211\" srcset=\"https:\/\/mpc.ba.gov.br\/e\/wp-content\/uploads\/2025\/05\/image.png 355w, https:\/\/mpc.ba.gov.br\/e\/wp-content\/uploads\/2025\/05\/image-300x156.png 300w\" sizes=\"auto, (max-width: 355px) 100vw, 355px\" \/><\/a><\/figure>\n\n\n\n<p><\/p>\n\n\n\n<p>No caso de afastamento do Procurador Titular por prazo <strong>superior a 30 dias<\/strong>, a substitui\u00e7\u00e3o se dar\u00e1 em sistema de rod\u00edzio mensal entre os demais Procuradores, na ordem prevista na tabela acima (\u00a71\u00ba do art. 14 da Resolu\u00e7\u00e3o MPC-BA n\u00ba 12\/2024).<\/p>\n","protected":false},"excerpt":{"rendered":"<p>1\u00aa Procuradoria de Contas Procurador\u00a0Maur\u00edcio Caleffi Procurador-geral de Contas Adjunto no Bi\u00eanio 2025-2027 E-mail: mauricio.caleffi@mpc.ba.gov.br Gradua\u00e7\u00e3o em Ci\u00eancias Cont\u00e1beis, com l\u00e1urea acad\u00eamica &#8211; Faculdades Jorge Amado (2006); Gradua\u00e7\u00e3o em Direito &#8211; Universidade Federal da Bahia (2007); Ocupou o cargo de T\u00e9cnico Judici\u00e1rio do Tribunal Regional Eleitoral da Bahia entre dezembro de 2004 e outubro de [&hellip;]<\/p>\n","protected":false},"author":4,"featured_media":0,"parent":162,"menu_order":2,"comment_status":"open","ping_status":"closed","template":"page-fullwidth.php","meta":{"footnotes":""},"class_list":["post-770","page","type-page","status-publish","hentry"],"_links":{"self":[{"href":"https:\/\/mpc.ba.gov.br\/e\/wp-json\/wp\/v2\/pages\/770","targetHints":{"allow":["GET"]}}],"collection":[{"href":"https:\/\/mpc.ba.gov.br\/e\/wp-json\/wp\/v2\/pages"}],"about":[{"href":"https:\/\/mpc.ba.gov.br\/e\/wp-json\/wp\/v2\/types\/page"}],"author":[{"embeddable":true,"href":"https:\/\/mpc.ba.gov.br\/e\/wp-json\/wp\/v2\/users\/4"}],"replies":[{"embeddable":true,"href":"https:\/\/mpc.ba.gov.br\/e\/wp-json\/wp\/v2\/comments?post=770"}],"version-history":[{"count":51,"href":"https:\/\/mpc.ba.gov.br\/e\/wp-json\/wp\/v2\/pages\/770\/revisions"}],"predecessor-version":[{"id":3230,"href":"https:\/\/mpc.ba.gov.br\/e\/wp-json\/wp\/v2\/pages\/770\/revisions\/3230"}],"up":[{"embeddable":true,"href":"https:\/\/mpc.ba.gov.br\/e\/wp-json\/wp\/v2\/pages\/162"}],"wp:attachment":[{"href":"https:\/\/mpc.ba.gov.br\/e\/wp-json\/wp\/v2\/media?parent=770"}],"curies":[{"name":"wp","href":"https:\/\/api.w.org\/{rel}","templated":true}]}}