{"id":774,"date":"2015-02-12T13:33:38","date_gmt":"2015-02-12T16:33:38","guid":{"rendered":"http:\/\/mpc.ba.gov.br\/e\/?page_id=774"},"modified":"2026-04-08T11:28:46","modified_gmt":"2026-04-08T14:28:46","slug":"chefe-de-gabinete","status":"publish","type":"page","link":"https:\/\/mpc.ba.gov.br\/e\/composicao\/chefe-de-gabinete\/","title":{"rendered":"Chefia de Gabinete, Assessoria e Administrativo"},"content":{"rendered":"<p><strong><span style=\"color: #333333;\"><span style=\"font-family: Arial, sans-serif;\"><b>&#8211; \u00a0Chefe de Gabinete<\/b><\/span><\/span><\/strong><\/p>\n<p><span style=\"font-size: small;\"><strong><span style=\"color: #808080;\"><span style=\"font-family: Arial, sans-serif;\"><b>Bernardo Kruschewsky Barreto Coutinho Santos<\/b><\/span><\/span><\/strong><span style=\"color: #333333;\"><span style=\"font-family: Arial, sans-serif;\"><br \/>\n<\/span><\/span><em><span style=\"color: #333333;\"><span style=\"font-family: Arial, sans-serif;\">Gradua\u00e7\u00e3o em Administra\u00e7\u00e3o &#8211; Universidade Federal da Bahia (UFBA); p\u00f3s-gradua\u00e7\u00e3o em Controle Externo &#8211; Universidade Cat\u00f3lica do Salvador (UCSAL).<\/span><\/span><\/em><\/span><\/p>\n<p><strong><span style=\"color: #333333;\"><span style=\"font-family: Arial, sans-serif;\"><b>&#8211; \u00a0Assessores<\/b><\/span><\/span><\/strong><br \/>\n<span style=\"color: #333333;\"><span style=\"font-family: Arial, sans-serif;\"><span style=\"font-size: small;\"><br \/>\n<\/span><\/span><\/span><strong><span style=\"color: #333333;\"><span style=\"font-family: Arial, sans-serif;\"><span style=\"font-size: small;\"><b>Procuradoria-Geral de Contas<\/b><\/span><\/span><\/span><\/strong><\/p>\n<p><strong><span style=\"color: #808080;\"><span style=\"font-family: Arial, sans-serif;\"><span style=\"font-size: small;\"><b>Alan Silva Costa<\/b><\/span><\/span><\/span><\/strong><span style=\"color: #333333;\"><span style=\"font-family: Arial, sans-serif;\"><span style=\"font-size: small;\"><br \/>\n<\/span><\/span><\/span><em><span style=\"color: #333333;\"><span style=\"font-family: Arial, sans-serif;\"><span style=\"font-size: small;\">Gradua\u00e7\u00e3o em Direito &#8211; Universidade Federal da Bahia (UFBA); p\u00f3s-gradua\u00e7\u00e3o em Direito do Estado &#8211; Jus Podivm\/Faculdade Baiana de Direito.\u00a0<\/span><\/span><\/span><\/em><\/p>\n<p><strong><span style=\"color: #808080;\"><span style=\"font-family: Arial, sans-serif;\"><span style=\"font-size: small;\"><b>Marcella Tavares Teixeira<\/b><\/span><\/span><\/span><\/strong><span style=\"color: #333333;\"><span style=\"font-family: Arial, sans-serif;\"><span style=\"font-size: small;\"><br \/>\n<\/span><\/span><\/span><em><span style=\"color: #333333;\"><span style=\"font-family: Arial, sans-serif;\"><span style=\"font-size: small;\">Gradua\u00e7\u00e3o em Direito &#8211; Faculdade Baiana de Direito; p\u00f3s-gradua\u00e7\u00e3o em Direito Tribut\u00e1rio &#8211; Instituto Brasileiro de Estudos Tribut\u00e1rios (IBET);\u00a0p\u00f3s-gradua\u00e7\u00e3o em Controle Externo &#8211; Universidade Cat\u00f3lica do Salvador (UCSAL).<\/span><\/span><\/span><\/em><em><span style=\"color: #333333;\"><span style=\"font-family: Arial, sans-serif;\"><span style=\"font-size: small;\">\u00a0<\/span><\/span><\/span><\/em><br \/>\n_____________________________________________<br \/>\n<strong><span style=\"color: #333333;\"><span style=\"font-family: Arial, sans-serif;\"><span style=\"font-size: small;\"><b>1\u00aa Procuradoria de Contas<\/b><\/span><\/span><\/span><\/strong><\/p>\n<p><strong><span style=\"color: #808080;\"><span style=\"font-family: Arial, sans-serif;\"><span style=\"font-size: small;\"><b>George Antonio Vilas Boas Santiago<\/b><\/span><\/span><\/span><\/strong><span style=\"color: #333333;\"><span style=\"font-family: Arial, sans-serif;\"><span style=\"font-size: small;\"><br \/>\n<\/span><\/span><\/span><em><span style=\"color: #333333;\"><span style=\"font-family: Arial, sans-serif;\"><span style=\"font-size: small;\">Gradua\u00e7\u00e3o em Direito &#8211; Universidade Federal da Bahia (UFBA); graduando em Ci\u00eancias Cont\u00e1beis &#8211; UBFA (em andamento);<\/span><\/span><\/span><\/em><\/p>\n<p><span style=\"color: #333333;\"><span style=\"font-family: Arial, sans-serif;\"><span style=\"font-size: small;\"><strong style=\"font-family: Georgia, 'Times New Roman', 'Bitstream Charter', Times, serif; font-size: 16px;\"><span style=\"color: #808080;\"><span style=\"font-family: Arial, sans-serif;\"><span style=\"font-size: small;\"><b>Orlando Rufino Martins<\/b><\/span><\/span><\/span><\/strong><br \/>\n<em style=\"font-family: Georgia, 'Times New Roman', 'Bitstream Charter', Times, serif; font-size: 16px;\"><span style=\"font-family: Arial, sans-serif;\"><span style=\"font-size: small;\">Gradua\u00e7\u00e3o em Direito \u2013 Universidade Cat\u00f3lica do Salvador (UCSAL); Bacharelado em Letras (Franc\u00eas) &#8211; Universidade Federal da Bahia (UFBA<\/span><\/span><\/em><em style=\"font-family: Georgia, 'Times New Roman', 'Bitstream Charter', Times, serif; font-size: 16px;\"><span style=\"font-family: Arial, sans-serif;\"><span style=\"font-size: small;\">).<\/span><\/span><\/em><br \/>\n_____________________________________________<br \/>\n<\/span><\/span><\/span><strong><span style=\"color: #333333;\"><span style=\"font-family: Arial, sans-serif;\"><span style=\"font-size: small;\"><b>2\u00aa Procuradoria de Contas<\/b><\/span><\/span><\/span><\/strong><\/p>\n<p><strong><span style=\"color: #808080;\"><span style=\"font-family: Arial, sans-serif;\"><span style=\"font-size: small;\"><b>Paula Brand\u00e3o Lima<\/b><\/span><\/span><\/span><\/strong><span style=\"color: #333333;\"><span style=\"font-family: Arial, sans-serif;\"><span style=\"font-size: small;\"><br \/>\n<\/span><\/span><\/span><em><span style=\"color: #333333;\"><span style=\"font-family: Arial, sans-serif;\"><span style=\"font-size: small;\"><span style=\"color: #333333;\">Gradua\u00e7\u00e3o em Direito &#8211; Universidade Federal da Bahia (UFBA); p\u00f3s-gradua\u00e7\u00e3o em Direito Administrativo &#8211; PUC Minas (<\/span><span style=\"color: #333333;\">em andamento).<\/span><\/span><\/span><\/span><\/em><\/p>\n<p><span style=\"color: #333333;\"><span style=\"font-family: Arial, sans-serif;\"><span style=\"font-size: small;\">_____________________________________________<br \/>\n<\/span><\/span><\/span><strong><span style=\"color: #333333;\"><span style=\"font-family: Arial, sans-serif;\"><span style=\"font-size: small;\"><b>3\u00aa Procuradoria de Contas<\/b><\/span><\/span><\/span><\/strong><\/p>\n<p><strong><span style=\"color: #808080;\"><span style=\"font-family: Arial, sans-serif;\"><span style=\"font-size: small;\"><b>Elisa Lopes Barreto<\/b><\/span><\/span><\/span><\/strong><span style=\"color: #333333;\"><span style=\"font-family: Arial, sans-serif;\"><span style=\"font-size: small;\"><br \/>\n<\/span><\/span><\/span><em><span style=\"color: #333333;\"><span style=\"font-family: Arial, sans-serif;\"><span style=\"font-size: small;\">Gradua\u00e7\u00e3o em Direito &#8211; Universidade Federal da Bahia (UFBA); p\u00f3s-gradua\u00e7\u00e3o em Direito e Processo do Trabalho &#8211; Escola da Associa\u00e7\u00e3o dos Magistrados do Trabalho da 5\u00aa Regi\u00e3o.\u00a0<\/span><\/span><\/span><\/em><\/p>\n<p><strong><span style=\"color: #808080;\"><span style=\"font-family: Arial, sans-serif;\"><span style=\"font-size: small;\"><b>Joselma Tavares Bispo Campelo Baptista<\/b><\/span><\/span><\/span><\/strong><span style=\"color: #333333;\"><span style=\"font-family: Arial, sans-serif;\"><span style=\"font-size: small;\"><br \/>\n<\/span><\/span><\/span><em><span style=\"color: #333333;\"><span style=\"font-family: Arial, sans-serif;\"><span style=\"font-size: small;\">Gradua\u00e7\u00e3o em Direito &#8211; Faculdade Baiana de Direito; gradua\u00e7\u00e3o em Enfermagem &#8211; Universidade Estadual de Santa Cruz (UESC); p\u00f3s-gradua\u00e7\u00e3o em Direito Processual Civil &#8211; Faculdade Baiana de Direito; p\u00f3s-gradua\u00e7\u00e3o em Controle Externo &#8211; Universidade Cat\u00f3lica do Salvador (UCSAL).\u00a0<\/span><\/span><\/span><\/em><span style=\"color: #333333;\"><span style=\"font-family: Arial, sans-serif;\"><span style=\"font-size: small;\"><br \/>\n_____________________________________________<br \/>\n<\/span><\/span><\/span><strong><span style=\"color: #333333;\"><span style=\"font-family: Arial, sans-serif;\"><span style=\"font-size: small;\"><b>4\u00aa Procuradoria de Contas<\/b><\/span><\/span><\/span><\/strong><\/p>\n<p><strong><span style=\"color: #808080;\"><span style=\"font-family: Arial, sans-serif;\"><span style=\"font-size: small;\"><b>Bernardo Ramos Leite<\/b><\/span><\/span><\/span><\/strong><span style=\"color: #333333;\"><span style=\"font-family: Arial, sans-serif;\"><span style=\"font-size: small;\"><br \/>\n<\/span><\/span><\/span><em><span style=\"color: #333333;\"><span style=\"font-family: Arial, sans-serif;\"><span style=\"font-size: small;\">Gradua\u00e7\u00e3o em Direito \u2013 FGV Direito Rio; p\u00f3s-gradua\u00e7\u00e3o em Direito Administrativo com \u00eanfase em Processos Sancionat\u00f3rios &#8211; GRAN.<\/span><\/span><\/span><\/em><\/p>\n<p><strong><span style=\"color: #808080;\"><span style=\"font-family: Arial, sans-serif;\"><span style=\"font-size: small;\"><b>Tiago Saboia Machado<\/b><\/span><\/span><\/span><\/strong><span style=\"color: #333333;\"><span style=\"font-family: Arial, sans-serif;\"><span style=\"font-size: small;\"><br \/>\n<\/span><\/span><\/span><em><span style=\"color: #333333;\"><span style=\"font-family: Arial, sans-serif;\"><span style=\"font-size: small;\">Gradua\u00e7\u00e3o em Direito \u2013 Universidade Cat\u00f3lica do Salvador (UCSAL); Bacharelado em Filosofia \u2013 Universidade Federal da Bahia (UFBA); P\u00f3s-Gradua\u00e7\u00e3o em Direito P\u00fablico (CEJUS); P\u00f3s-Gradua\u00e7\u00e3o em Direito Processual Civil (UCSAL); Mestrado em Filosofia (UFBA).<\/span><\/span><\/span><\/em><span style=\"color: #333333;\"><span style=\"font-family: Arial, sans-serif;\"><span style=\"font-size: small;\"><br \/>\n_____________________________________________<br \/>\n<\/span><\/span><\/span><strong><span style=\"color: #333333;\"><span style=\"font-family: Arial, sans-serif;\"><span style=\"font-size: small;\"><b>5\u00aa Procuradoria de Contas<\/b><\/span><\/span><\/span><\/strong><\/p>\n<p><strong><span style=\"color: #808080;\"><span style=\"font-family: Arial, sans-serif;\"><span style=\"font-size: small;\"><b>Maria Luiza Mesquita Martins Amorim<\/b><\/span><\/span><\/span><\/strong><span style=\"color: #333333;\"><span style=\"font-family: Arial, sans-serif;\"><span style=\"font-size: small;\"><br \/>\n<\/span><\/span><\/span><em><span style=\"color: #333333;\"><span style=\"font-family: Arial, sans-serif;\"><span style=\"font-size: small;\">Gradua\u00e7\u00e3o em Direito &#8211; UNIJORGE; p\u00f3s-gradua\u00e7\u00e3o em Direito e Processo do Trabalho &#8211; Faculdade Baiana de Direito.<\/span><\/span><\/span><\/em><\/p>\n<p><strong><span style=\"color: #808080;\"><span style=\"font-family: Arial, sans-serif;\"><span style=\"font-size: small;\"><b>Vict\u00f3ria Cristina Andrade Gon\u00e7alves<\/b><\/span><\/span><\/span><\/strong><span style=\"color: #333333;\"><span style=\"font-family: Arial, sans-serif;\"><span style=\"font-size: small;\"><br \/>\n<\/span><\/span><\/span><em><span style=\"color: #333333;\"><span style=\"font-family: Arial, sans-serif;\"><span style=\"font-size: small;\">Gradua\u00e7\u00e3o em Direito \u2013 Universidade Cat\u00f3lica do Salvador (UCSAL); p\u00f3s-gradua\u00e7\u00e3o em Direito Internacional &#8211; Centro de Estudos em Direito e Neg\u00f3cios (CEDIN); p\u00f3s-gradua\u00e7\u00e3o em Licita\u00e7\u00f5es e Contratos Administrativos &#8211; Faculdade Baiana de Direito (em andamento).<\/span><\/span><\/span><\/em><span style=\"color: #333333;\"><span style=\"font-family: Arial, sans-serif;\"><span style=\"font-size: small;\"><br \/>\n_____________________________________________<br \/>\n<\/span><\/span><\/span><\/p>\n<p><strong><span style=\"color: #333333;\"><span style=\"font-family: Arial, sans-serif;\"><b>&#8211;\u00a0 Administrativo<\/b><\/span><\/span><\/strong><\/p>\n<p><strong><span style=\"color: #808080;\"><span style=\"font-family: Arial, sans-serif;\"><span style=\"font-size: small;\"><b>Davi Cunha das Neves<span style=\"color: #333333;\"><br \/>\n<\/span><\/b><\/span><\/span><\/span><\/strong><span style=\"color: #808080;\"><span style=\"font-family: Arial, sans-serif;\"><span style=\"font-size: small;\"><em><span style=\"color: #333333;\">Gradua\u00e7\u00e3o em Direito &#8211; Universidade Salvador (UNIFACS); p\u00f3s-gradua\u00e7\u00e3o em Direito Administrativo &#8211; GRAN (em andamento).<\/span><\/em><\/span><\/span><\/span><\/p>\n<p><strong><span style=\"color: #808080;\"><span style=\"font-family: Arial, sans-serif;\"><span style=\"font-size: small;\"><b>Elienai Pereira Barbosa<span style=\"color: #333333;\"><br \/>\n<\/span><\/b><\/span><\/span><\/span><\/strong><span style=\"color: #808080;\"><span style=\"font-family: Arial, sans-serif;\"><span style=\"font-size: small;\"><em><span style=\"color: #333333;\">Gradua\u00e7\u00e3o em Direito &#8211; Universidade Cat\u00f3lica do Salvador (UCSAL); p\u00f3s-gradua\u00e7\u00e3o em Direito Administrativo &#8211; GRAN (em andamento); p\u00f3s-gradua\u00e7\u00e3o em Direito do Consumidor &#8211; GRAN (em andamento).<\/span><\/em><\/span><\/span><\/span><\/p>\n","protected":false},"excerpt":{"rendered":"<p>&#8211; \u00a0Chefe de Gabinete Bernardo Kruschewsky Barreto Coutinho Santos Gradua\u00e7\u00e3o em Administra\u00e7\u00e3o &#8211; Universidade Federal da Bahia (UFBA); p\u00f3s-gradua\u00e7\u00e3o em Controle Externo &#8211; Universidade Cat\u00f3lica do Salvador (UCSAL). &#8211; \u00a0Assessores Procuradoria-Geral de Contas Alan Silva Costa Gradua\u00e7\u00e3o em Direito &#8211; Universidade Federal da Bahia (UFBA); p\u00f3s-gradua\u00e7\u00e3o em Direito do Estado &#8211; Jus Podivm\/Faculdade Baiana de [&hellip;]<\/p>\n","protected":false},"author":4,"featured_media":0,"parent":162,"menu_order":3,"comment_status":"open","ping_status":"closed","template":"page-fullwidth.php","meta":{"footnotes":""},"class_list":["post-774","page","type-page","status-publish","hentry"],"_links":{"self":[{"href":"https:\/\/mpc.ba.gov.br\/e\/wp-json\/wp\/v2\/pages\/774","targetHints":{"allow":["GET"]}}],"collection":[{"href":"https:\/\/mpc.ba.gov.br\/e\/wp-json\/wp\/v2\/pages"}],"about":[{"href":"https:\/\/mpc.ba.gov.br\/e\/wp-json\/wp\/v2\/types\/page"}],"author":[{"embeddable":true,"href":"https:\/\/mpc.ba.gov.br\/e\/wp-json\/wp\/v2\/users\/4"}],"replies":[{"embeddable":true,"href":"https:\/\/mpc.ba.gov.br\/e\/wp-json\/wp\/v2\/comments?post=774"}],"version-history":[{"count":45,"href":"https:\/\/mpc.ba.gov.br\/e\/wp-json\/wp\/v2\/pages\/774\/revisions"}],"predecessor-version":[{"id":3567,"href":"https:\/\/mpc.ba.gov.br\/e\/wp-json\/wp\/v2\/pages\/774\/revisions\/3567"}],"up":[{"embeddable":true,"href":"https:\/\/mpc.ba.gov.br\/e\/wp-json\/wp\/v2\/pages\/162"}],"wp:attachment":[{"href":"https:\/\/mpc.ba.gov.br\/e\/wp-json\/wp\/v2\/media?parent=774"}],"curies":[{"name":"wp","href":"https:\/\/api.w.org\/{rel}","templated":true}]}}