{"id":83,"date":"2014-09-04T11:31:02","date_gmt":"2014-09-04T14:31:02","guid":{"rendered":"http:\/\/itan.org.br\/mpcto\/?page_id=83"},"modified":"2015-06-05T18:59:12","modified_gmt":"2015-06-05T18:59:12","slug":"recomendacoes","status":"publish","type":"page","link":"https:\/\/mpc.ba.gov.br\/e\/acoes-e-estudos\/recomendacoes\/","title":{"rendered":"Recomenda\u00e7\u00f5es"},"content":{"rendered":"<table style=\"width: 100%;\" summary=\"Submitted table designs\">\n<thead>\n<tr>\n<th scope=\"col\" width=\"90\">N\u00daMERO DA RECOMENDA\u00c7\u00c3O<\/th>\n<th scope=\"col\" width=\"90\">DATA DO ENCAMINHAMENTO<\/th>\n<th scope=\"col\" width=\"90\">EMENTA<\/th>\n<th scope=\"col\" width=\"10%\">VISUALIZAR<\/th>\n<\/tr>\n<\/thead>\n<tbody>\n<tr>\n<td style=\"text-align: center;\">01\/2015<\/td>\n<td style=\"text-align: center;\"><\/td>\n<td style=\"text-align: center;\"><\/td>\n<td style=\"text-align: center;\"><\/td>\n<\/tr>\n<tr>\n<td style=\"text-align: center;\">02\/2015<\/td>\n<td style=\"text-align: center;\"><\/td>\n<td style=\"text-align: center;\"><\/td>\n<td style=\"text-align: center;\"><\/td>\n<\/tr>\n<\/tbody>\n<\/table>\n","protected":false},"excerpt":{"rendered":"<p>N\u00daMERO DA RECOMENDA\u00c7\u00c3O DATA DO ENCAMINHAMENTO EMENTA VISUALIZAR 01\/2015 02\/2015<\/p>\n","protected":false},"author":2,"featured_media":0,"parent":357,"menu_order":0,"comment_status":"open","ping_status":"closed","template":"page-fullwidth.php","meta":{"footnotes":""},"class_list":["post-83","page","type-page","status-publish","hentry"],"_links":{"self":[{"href":"https:\/\/mpc.ba.gov.br\/e\/wp-json\/wp\/v2\/pages\/83","targetHints":{"allow":["GET"]}}],"collection":[{"href":"https:\/\/mpc.ba.gov.br\/e\/wp-json\/wp\/v2\/pages"}],"about":[{"href":"https:\/\/mpc.ba.gov.br\/e\/wp-json\/wp\/v2\/types\/page"}],"author":[{"embeddable":true,"href":"https:\/\/mpc.ba.gov.br\/e\/wp-json\/wp\/v2\/users\/2"}],"replies":[{"embeddable":true,"href":"https:\/\/mpc.ba.gov.br\/e\/wp-json\/wp\/v2\/comments?post=83"}],"version-history":[{"count":3,"href":"https:\/\/mpc.ba.gov.br\/e\/wp-json\/wp\/v2\/pages\/83\/revisions"}],"predecessor-version":[{"id":955,"href":"https:\/\/mpc.ba.gov.br\/e\/wp-json\/wp\/v2\/pages\/83\/revisions\/955"}],"up":[{"embeddable":true,"href":"https:\/\/mpc.ba.gov.br\/e\/wp-json\/wp\/v2\/pages\/357"}],"wp:attachment":[{"href":"https:\/\/mpc.ba.gov.br\/e\/wp-json\/wp\/v2\/media?parent=83"}],"curies":[{"name":"wp","href":"https:\/\/api.w.org\/{rel}","templated":true}]}}